{"id":41891,"date":"2023-06-12T22:56:10","date_gmt":"2023-06-12T14:56:10","guid":{"rendered":"https:\/\/gretasexylingerie.com\/?post_type=product&#038;p=41891"},"modified":"2024-04-03T23:15:46","modified_gmt":"2024-04-03T15:15:46","slug":"ensemble-soutien-gorge-et-culotte-en-maille-enchanteresse-avec-porte-jarretelles","status":"publish","type":"product","link":"https:\/\/gretasexylingerie.com\/fr\/products\/enchanting-mesh-love-bra-panty-set-with-garter\/","title":{"rendered":"Enchanting Mesh Love Bra &amp; Panty Set avec jarreti\u00e8re"},"content":{"rendered":"<ol class=\"wp-block-list\">\n<li>Seductive Mesh Delight : Le mat\u00e9riau en maille \u00e9veille les sens, r\u00e9v\u00e9lant juste assez pour s\u00e9duire et exciter.<\/li>\n\n\n\n<li>Broderie d&#039;amour complexe : la broderie d\u00e9licate avec un motif inspir\u00e9 de l&#039;amour ajoute une touche d&#039;\u00e9l\u00e9gance et de romantisme, am\u00e9liorant l&#039;allure g\u00e9n\u00e9rale de l&#039;ensemble.<\/li>\n\n\n\n<li>Ajustement parfait, confiance irr\u00e9sistible : Avec trois tailles (S, M, L) au choix, cet ensemble offre un ajustement confortable et flatteur, permettant \u00e0 vos clients d&#039;embrasser leur corps en toute confiance.<\/li>\n\n\n\n<li>S\u00e9lection de couleurs captivante : choisissez entre l&#039;allure intemporelle du noir ou le charme ludique du rose, offrant des options qui conviennent \u00e0 diff\u00e9rentes humeurs et pr\u00e9f\u00e9rences.<\/li>\n\n\n\n<li>Compl\u00e9tez le look sensuel : la jarreti\u00e8re incluse ajoute une touche de sophistication s\u00e9duisante, permettant \u00e0 vos clients de cr\u00e9er un ensemble s\u00e9duisant qui respire la confiance et l&#039;allure.<\/li>\n<\/ol>\n\n\n\n<p>Rehaussez vos offres de lingerie avec notre ensemble soutien-gorge et culotte Enchanting Mesh Love avec jarreti\u00e8re. Con\u00e7u pour captiver et s\u00e9duire, cet ensemble pr\u00e9sente une maille sexy, une broderie complexe inspir\u00e9e de l&#039;amour, un ajustement parfait pour la confiance, des choix de couleurs captivants et l&#039;allure suppl\u00e9mentaire d&#039;une jarreti\u00e8re. Cet ensemble de lingerie irr\u00e9sistible permet \u00e0 vos clientes de vivre l&#039;enchantement et de lib\u00e9rer leurs d\u00e9sirs.<\/p>\n\n\n\n<figure class=\"wp-block-table is-style-stripes\"><table><tbody><tr><td colspan=\"5\">Carte du site (CM)<\/td><td><\/td><\/tr><tr><td>Taille<\/td><td>Longueur<\/td><td>Buste sup\u00e9rieur<\/td><td>Bas du buste<\/td><td>Bande de taille<\/td><td>Ligne de taille<\/td><\/tr><tr><td>S<\/td><td>19<\/td><td>68-88<\/td><td>64<\/td><td>65<\/td><td>66<\/td><\/tr><tr><td>M<\/td><td>20<\/td><td>72-92<\/td><td>68<\/td><td>69<\/td><td>70<\/td><\/tr><tr><td>L<\/td><td>21<\/td><td>76-96<\/td><td>72<\/td><td>73<\/td><td>74<\/td><\/tr><tr><td colspan=\"5\">Carte du site (POUCES)<\/td><td><\/td><\/tr><tr><td>Taille<\/td><td>Longueur<\/td><td>Buste sup\u00e9rieur<\/td><td>Bas du buste<\/td><td>Bande de taille<\/td><td>Ligne de taille<\/td><\/tr><tr><td>S<\/td><td>7.48<\/td><td>26.77-34.65<\/td><td>25.2<\/td><td>25.59<\/td><td>25.98<\/td><\/tr><tr><td>M<\/td><td>7.87<\/td><td>28.35-36.22<\/td><td>26.77<\/td><td>27.17<\/td><td>27.56<\/td><\/tr><tr><td>L<\/td><td>8.27<\/td><td>29.92-37.80<\/td><td>28.35<\/td><td>28.74<\/td><td>29.13<\/td><\/tr><\/tbody><\/table><\/figure>","protected":false},"excerpt":{"rendered":"<p>Laissez-vous s\u00e9duire par le charme de notre ensemble soutien-gorge et culotte Enchanting Mesh Love avec jarreti\u00e8re. Fabriqu\u00e9 \u00e0 partir d&#039;un mat\u00e9riau en maille exquis, cet ensemble pr\u00e9sente une broderie complexe avec un motif inspir\u00e9 de l&#039;amour. Cet ensemble est con\u00e7u pour enflammer la passion et cr\u00e9er une exp\u00e9rience enchanteresse pour vos clients.<\/p>\n<p>https:\/\/youtu.be\/4Vl_EAK_UIs<\/p>","protected":false},"featured_media":41910,"template":"","meta":[],"product_brand":[],"product_cat":[368,369,367,375],"product_tag":[507,861,448,454,522,516,518,865],"class_list":{"0":"post-41891","1":"product","2":"type-product","3":"status-publish","4":"has-post-thumbnail","6":"product_cat-bra-panty-set","7":"product_cat-wholesale-lace-bra-and-panty-sets","8":"product_cat-sexy-lingerie","9":"product_cat-whoelsale-sheer-bra-and-panty-sets","10":"product_tag-three-pcs-set","11":"product_tag-brunette-lingerie","12":"product_tag-wholesale-elegant-sexy-lingerie","13":"product_tag-wholesale-sexy-embroidered-lingerie","14":"product_tag-eyelash-lingerie","15":"product_tag-lace-lingerie","16":"product_tag-mesh-lingerie","17":"product_tag-sexy-skimpy-lingerie","18":"pa_color-black","19":"pa_color-pink-women-sexy-lingerie","20":"pa_color-red-women-sexy-lingerie","21":"pa_size-wholesale-large-size-women-sexy-lingerie","22":"pa_size-wholesale-medium-size-women-sexy-lingerie","23":"pa_size-wholesale-small-size-sexy-lingerie","25":"first","26":"instock","27":"taxable","28":"shipping-taxable","29":"purchasable","30":"product-type-variable"},"tiered_pricing_type":"fixed","tiered_pricing_fixed_rules":[],"tiered_pricing_product_settings":{"layout":"table","base_unit_name":{"singular":null,"plural":null},"default_variation":{}},"tiered_pricing_minimum_quantity":null,"tiered_pricing_roles_data":{"default_wholesaler":{"product_id":41891,"role":"default_wholesaler","pricing_type":"flat","regular_price":null,"sale_price":null,"discount":null,"discount_type":"sale_price","tiered_pricing_type":"fixed","percentage_rules":[],"fixed_rules":{"2":"9.39","30":"8.09","500":"7.09"},"minimum":null},"dropshippinger":{"product_id":41891,"role":"dropshippinger","pricing_type":"flat","regular_price":null,"sale_price":null,"discount":null,"discount_type":"sale_price","tiered_pricing_type":"fixed","percentage_rules":[],"fixed_rules":{"1":"11.29","5":"9.39","30":"8.09"},"minimum":null}},"tiered_pricing_percentage_rules":[],"tiered_pricing_maximum_quantity":null,"tiered_pricing_quantity_step":null,"_links":{"self":[{"href":"https:\/\/gretasexylingerie.com\/fr\/wp-json\/wp\/v2\/product\/41891","targetHints":{"allow":["GET"]}}],"collection":[{"href":"https:\/\/gretasexylingerie.com\/fr\/wp-json\/wp\/v2\/product"}],"about":[{"href":"https:\/\/gretasexylingerie.com\/fr\/wp-json\/wp\/v2\/types\/product"}],"wp:featuredmedia":[{"embeddable":true,"href":"https:\/\/gretasexylingerie.com\/fr\/wp-json\/wp\/v2\/media\/41910"}],"wp:attachment":[{"href":"https:\/\/gretasexylingerie.com\/fr\/wp-json\/wp\/v2\/media?parent=41891"}],"wp:term":[{"taxonomy":"product_brand","embeddable":true,"href":"https:\/\/gretasexylingerie.com\/fr\/wp-json\/wp\/v2\/product_brand?post=41891"},{"taxonomy":"product_cat","embeddable":true,"href":"https:\/\/gretasexylingerie.com\/fr\/wp-json\/wp\/v2\/product_cat?post=41891"},{"taxonomy":"product_tag","embeddable":true,"href":"https:\/\/gretasexylingerie.com\/fr\/wp-json\/wp\/v2\/product_tag?post=41891"}],"curies":[{"name":"wp","href":"https:\/\/api.w.org\/{rel}","templated":true}]}}