{"id":39878,"date":"2023-04-25T22:13:59","date_gmt":"2023-04-25T14:13:59","guid":{"rendered":"https:\/\/gretasexylingerie.com\/?post_type=product&#038;p=39878"},"modified":"2023-09-05T20:51:41","modified_gmt":"2023-09-05T12:51:41","slug":"combinaison-en-resille-hautement-elastique-serie-arc-en-ciel","status":"publish","type":"product","link":"https:\/\/gretasexylingerie.com\/fr\/products\/rainbow-series-high-elastic-fishnet-jumpsuit\/","title":{"rendered":"Combinaison en r\u00e9sille \u00e0 haute \u00e9lasticit\u00e9 Rainbow Series"},"content":{"rendered":"<ul class=\"wp-block-list\">\n<li>S\u00e9duisant et s\u00e9duisant : le mat\u00e9riau en r\u00e9sille hautement \u00e9lastique et le design creux de cette combinaison cr\u00e9ent un look s\u00e9duisant et s\u00e9duisant qui rendra toute femme confiante et irr\u00e9sistible.<\/li>\n\n\n\n<li>Confortable et \u00e9l\u00e9gante : fabriqu\u00e9e avec des mat\u00e9riaux de haute qualit\u00e9, cette combinaison est confortable et respirante, garantissant que vos clients peuvent la porter pendant de longues p\u00e9riodes sans irritation ni inconfort. Le design de la s\u00e9rie arc-en-ciel et le mat\u00e9riau en r\u00e9sille en font une pi\u00e8ce polyvalente et \u00e9l\u00e9gante, parfaite pour toutes les occasions.<\/li>\n\n\n\n<li>Polyvalent et rentable : la combinaison en r\u00e9sille \u00e0 haute \u00e9lasticit\u00e9 de la s\u00e9rie Rainbow est un ajout rentable \u00e0 votre collection de lingerie. Avec un support de vente en gros mixte et aucune exigence de quantit\u00e9 minimale de commande, vous pouvez commander exactement ce dont vous avez besoin pour r\u00e9pondre aux demandes de vos clients.<\/li>\n\n\n\n<li>Ajustement parfait : avec sa conception hautement \u00e9lastique et ajust\u00e9e, cette combinaison est con\u00e7ue pour s&#039;adapter parfaitement au corps de vos clients, accentuant leurs courbes et am\u00e9liorant leur beaut\u00e9 naturelle.<\/li>\n\n\n\n<li>Abordable et de haute qualit\u00e9 : la combinaison en r\u00e9sille \u00e0 haute \u00e9lasticit\u00e9 de la s\u00e9rie Rainbow est une pi\u00e8ce abordable et de haute qualit\u00e9 qui est con\u00e7ue pour durer. Fabriqu\u00e9e avec des mat\u00e9riaux durables et fabriqu\u00e9e avec soin, cette combinaison est un excellent investissement dans votre inventaire de lingerie qui sera rentable \u00e0 long terme. Contactez-nous d\u00e8s aujourd&#039;hui pour en savoir plus sur nos opportunit\u00e9s de partenariat.<\/li>\n<\/ul>\n\n\n\n<p><\/p>","protected":false},"excerpt":{"rendered":"<p>La combinaison en r\u00e9sille \u00e0 haute \u00e9lasticit\u00e9 de la s\u00e9rie Rainbow est le compl\u00e9ment parfait \u00e0 votre inventaire de lingerie. Fabriqu\u00e9e avec des mat\u00e9riaux de haute qualit\u00e9 et un design s\u00e9duisant en r\u00e9sille hautement \u00e9lastique, cette combinaison est confortable, \u00e9l\u00e9gante et impressionnera \u00e0 coup s\u00fbr vos clients.<\/p>","protected":false},"featured_media":39883,"template":"","meta":[],"product_brand":[],"product_cat":[405,406,404],"product_tag":[448,446,453,504],"class_list":{"0":"post-39878","1":"product","2":"type-product","3":"status-publish","4":"has-post-thumbnail","6":"product_cat-wholesale-bodystocking","7":"product_cat-wholesale-fishnet-dress","8":"product_cat-sexy-stocking","9":"product_tag-wholesale-elegant-sexy-lingerie","10":"product_tag-wholesale-sexy-see-through-lingerie","11":"product_tag-wholesale-sexy-naughty-lingerie","12":"product_tag-ultra-sexy","13":"pa_color-rainbow","14":"pa_size-free","16":"first","17":"instock","18":"taxable","19":"shipping-taxable","20":"purchasable","21":"product-type-variable"},"tiered_pricing_type":"fixed","tiered_pricing_fixed_rules":[],"tiered_pricing_product_settings":{"layout":"default","base_unit_name":{"singular":null,"plural":null},"default_variation":null},"tiered_pricing_minimum_quantity":null,"tiered_pricing_roles_data":{"default_wholesaler":{"product_id":39878,"role":"default_wholesaler","pricing_type":"flat","regular_price":null,"sale_price":null,"discount":null,"discount_type":"sale_price","tiered_pricing_type":"fixed","percentage_rules":[],"fixed_rules":{"2":"3.39","30":"2.89","500":"2.19"},"minimum":null},"dropshippinger":{"product_id":39878,"role":"dropshippinger","pricing_type":"flat","regular_price":null,"sale_price":null,"discount":null,"discount_type":"sale_price","tiered_pricing_type":"fixed","percentage_rules":[],"fixed_rules":{"1":"4.29","5":"3.39","30":"2.49"},"minimum":null}},"tiered_pricing_percentage_rules":[],"tiered_pricing_maximum_quantity":null,"tiered_pricing_quantity_step":null,"_links":{"self":[{"href":"https:\/\/gretasexylingerie.com\/fr\/wp-json\/wp\/v2\/product\/39878","targetHints":{"allow":["GET"]}}],"collection":[{"href":"https:\/\/gretasexylingerie.com\/fr\/wp-json\/wp\/v2\/product"}],"about":[{"href":"https:\/\/gretasexylingerie.com\/fr\/wp-json\/wp\/v2\/types\/product"}],"wp:featuredmedia":[{"embeddable":true,"href":"https:\/\/gretasexylingerie.com\/fr\/wp-json\/wp\/v2\/media\/39883"}],"wp:attachment":[{"href":"https:\/\/gretasexylingerie.com\/fr\/wp-json\/wp\/v2\/media?parent=39878"}],"wp:term":[{"taxonomy":"product_brand","embeddable":true,"href":"https:\/\/gretasexylingerie.com\/fr\/wp-json\/wp\/v2\/product_brand?post=39878"},{"taxonomy":"product_cat","embeddable":true,"href":"https:\/\/gretasexylingerie.com\/fr\/wp-json\/wp\/v2\/product_cat?post=39878"},{"taxonomy":"product_tag","embeddable":true,"href":"https:\/\/gretasexylingerie.com\/fr\/wp-json\/wp\/v2\/product_tag?post=39878"}],"curies":[{"name":"wp","href":"https:\/\/api.w.org\/{rel}","templated":true}]}}