{"id":39842,"date":"2023-04-22T23:38:22","date_gmt":"2023-04-22T15:38:22","guid":{"rendered":"https:\/\/gretasexylingerie.com\/?post_type=product&#038;p=39842"},"modified":"2024-04-04T16:08:09","modified_gmt":"2024-04-04T08:08:09","slug":"body-a-fleurs-integre-en-perspective","status":"publish","type":"product","link":"https:\/\/gretasexylingerie.com\/fr\/products\/perspective-integrated-flower-bodysuit\/","title":{"rendered":"Body fleur int\u00e9gr\u00e9 Perspective"},"content":{"rendered":"<p>1. Design unique et audacieux : l&#039;ensemble de bretelles de soutien-gorge et de pantalon int\u00e9gr\u00e9 Perspective pr\u00e9sente un design audacieux et provocateur qui ne manquera pas de faire tourner les t\u00eates. La combinaison de maille transparente, de dentelle d\u00e9licate et de bretelles sexy cr\u00e9e un look audacieux et provocateur parfait pour toute femme qui veut se sentir audacieuse et audacieuse.<\/p>\n\n\n\n<p>2. Ajustement confortable : fabriqu\u00e9 avec des mat\u00e9riaux de haute qualit\u00e9 et con\u00e7u pour votre confort, cet ensemble offre un ajustement confortable et de soutien. La conception int\u00e9gr\u00e9e des bretelles du soutien-gorge et du pantalon assure une coupe confortable et flatteuse, tandis que la maille transparente et les d\u00e9tails en dentelle d\u00e9licate ajoutent une touche suppl\u00e9mentaire de sophistication et de sensualit\u00e9.<\/p>\n\n\n\n<p>3. Polyvalent : l&#039;ensemble de bretelles de soutien-gorge et de pantalon int\u00e9gr\u00e9 Perspective est suffisamment polyvalent pour \u00eatre port\u00e9 en toute occasion, que vous vous d\u00e9guisiez pour une occasion sp\u00e9ciale ou que vous vouliez simplement vous sentir sexy et confiant dans votre vie quotidienne. Son design intemporel signifie qu&#039;il sera un incontournable de votre collection de lingerie pour les ann\u00e9es \u00e0 venir.<\/p>\n\n\n\n<p>4.Empowering: L&#039;ensemble de sangles de soutien-gorge et de pantalon int\u00e9gr\u00e9 Perspective ajoute une touche sexy et stimulante \u00e0 toute occasion intime. Le design audacieux et provocateur est s\u00fbr de vous faire sentir confiant et autonome, quelle que soit l&#039;occasion.<\/p>\n\n\n\n<figure class=\"wp-block-table is-style-stripes\"><table><tbody><tr><td colspan=\"3\">Carte du site (CM)<\/td><td><\/td><td><\/td><td><\/td><\/tr><tr><td>Taille<\/td><td>Longueur<\/td><td>Sous la poitrine<\/td><td>Hanche<\/td><td>Taille<\/td><td>Tour de pied<\/td><\/tr><tr><td>S<\/td><td>55<\/td><td>68-92<\/td><td>66<\/td><td>64-98<\/td><td>63<\/td><\/tr><tr><td>M<\/td><td>57<\/td><td>72-96<\/td><td>70<\/td><td>68-102<\/td><td>65.8<\/td><\/tr><tr><td>L<\/td><td>59<\/td><td>76-100<\/td><td>74<\/td><td>72-106<\/td><td>68.6<\/td><\/tr><tr><td colspan=\"3\">Carte du site (POUCES)<\/td><td><\/td><td><\/td><td><\/td><\/tr><tr><td>Taille<\/td><td>Longueur<\/td><td>Sous la poitrine<\/td><td>Hanche<\/td><td>Taille<\/td><td>Tour de pied<\/td><\/tr><tr><td>S<\/td><td>21.65&nbsp;<\/td><td>26.77-36.22<\/td><td>25.98&nbsp;<\/td><td>25.19-38.58<\/td><td>24.80&nbsp;<\/td><\/tr><tr><td>M<\/td><td>22.44&nbsp;<\/td><td>28.34-37.79<\/td><td>27.55&nbsp;<\/td><td>26.77-40.15<\/td><td>25.90&nbsp;<\/td><\/tr><tr><td>L<\/td><td>23.22&nbsp;<\/td><td>29.92-39.37<\/td><td>29.13&nbsp;<\/td><td>28.34-41.73<\/td><td>27.00&nbsp;<\/td><\/tr><tr><td colspan=\"6\">Note:<br>1. Il peut y avoir un \u00e9cart de 1 \u00e0 2 cm dans diff\u00e9rentes tailles, emplacements et \u00e9tirements de tissus. Le tableau des tailles est \u00e0 titre indicatif uniquement, il peut y avoir une petite diff\u00e9rence avec ce que vous obtenez.<br>2. Il existe 3 types d&#039;\u00e9lasticit\u00e9\u00a0: haute \u00e9lasticit\u00e9 (\u00e9tir\u00e9 des deux c\u00f4t\u00e9s), \u00e9lasticit\u00e9 moyenne (\u00e9tir\u00e9 d&#039;un c\u00f4t\u00e9) et non \u00e9lastique (ne peut pas \u00eatre \u00e9tir\u00e9).<br>3.La couleur peut \u00eatre plus claire ou plus fonc\u00e9e en raison de l&#039;affichage diff\u00e9rent du PC.<br>4. Lavez-le \u00e0 la main dans de l&#039;eau \u00e0 30 degr\u00e9s, suspendez-le pour s\u00e9cher \u00e0 l&#039;ombre, interdisez le blanchiment.<br>5.Il peut y avoir une l\u00e9g\u00e8re diff\u00e9rence sur les d\u00e9tails et le motif.<\/td><\/tr><\/tbody><\/table><\/figure>\n\n\n\n<p><\/p>","protected":false},"excerpt":{"rendered":"<p>Cet ensemble pr\u00e9sente un design unique qui combine une maille transparente avec de la dentelle d\u00e9licate et des bretelles sexy qui ne manqueront pas de faire tourner les t\u00eates. Le soutien-gorge et les bretelles int\u00e9gr\u00e9s cr\u00e9ent un look audacieux et provocateur, parfait pour toute occasion intime, ajoutez un peu d&#039;excitation.<\/p>","protected":false},"featured_media":39850,"template":"","meta":[],"product_brand":[],"product_cat":[370,371,367],"product_tag":[452,448,870,518,864,866,863],"class_list":{"0":"post-39842","1":"product","2":"type-product","3":"status-publish","4":"has-post-thumbnail","6":"product_cat-bodysuit","7":"product_cat-wholesale-sexy-lace-bodysuit","8":"product_cat-sexy-lingerie","9":"product_tag-wholesale-boudoir-lingerie","10":"product_tag-wholesale-elegant-sexy-lingerie","11":"product_tag-floral-lingerie","12":"product_tag-mesh-lingerie","13":"product_tag-sexy-petite-lingerie","14":"product_tag-sexy-romper-lingerie","15":"product_tag-sexy-thong-lingerie","16":"pa_color-black","17":"pa_cup-wholesale-half-cup-women-sexy-lingerie","18":"pa_size-wholesale-large-size-women-sexy-lingerie","19":"pa_size-wholesale-medium-size-women-sexy-lingerie","20":"pa_size-wholesale-small-size-sexy-lingerie","22":"first","23":"instock","24":"taxable","25":"shipping-taxable","26":"purchasable","27":"product-type-variable"},"tiered_pricing_type":"fixed","tiered_pricing_fixed_rules":[],"tiered_pricing_product_settings":{"layout":"table","base_unit_name":{"singular":null,"plural":null},"default_variation":null},"tiered_pricing_minimum_quantity":null,"tiered_pricing_roles_data":{"default_wholesaler":{"product_id":39842,"role":"default_wholesaler","pricing_type":"flat","regular_price":null,"sale_price":null,"discount":null,"discount_type":"sale_price","tiered_pricing_type":"fixed","percentage_rules":[],"fixed_rules":{"2":"8.39","30":"7.19","500":"6.29"},"minimum":null},"dropshippinger":{"product_id":39842,"role":"dropshippinger","pricing_type":"flat","regular_price":null,"sale_price":null,"discount":null,"discount_type":"sale_price","tiered_pricing_type":"fixed","percentage_rules":[],"fixed_rules":{"1":"9.99","5":"8.39","30":"7.19"},"minimum":null}},"tiered_pricing_percentage_rules":[],"tiered_pricing_maximum_quantity":null,"tiered_pricing_quantity_step":null,"_links":{"self":[{"href":"https:\/\/gretasexylingerie.com\/fr\/wp-json\/wp\/v2\/product\/39842","targetHints":{"allow":["GET"]}}],"collection":[{"href":"https:\/\/gretasexylingerie.com\/fr\/wp-json\/wp\/v2\/product"}],"about":[{"href":"https:\/\/gretasexylingerie.com\/fr\/wp-json\/wp\/v2\/types\/product"}],"wp:featuredmedia":[{"embeddable":true,"href":"https:\/\/gretasexylingerie.com\/fr\/wp-json\/wp\/v2\/media\/39850"}],"wp:attachment":[{"href":"https:\/\/gretasexylingerie.com\/fr\/wp-json\/wp\/v2\/media?parent=39842"}],"wp:term":[{"taxonomy":"product_brand","embeddable":true,"href":"https:\/\/gretasexylingerie.com\/fr\/wp-json\/wp\/v2\/product_brand?post=39842"},{"taxonomy":"product_cat","embeddable":true,"href":"https:\/\/gretasexylingerie.com\/fr\/wp-json\/wp\/v2\/product_cat?post=39842"},{"taxonomy":"product_tag","embeddable":true,"href":"https:\/\/gretasexylingerie.com\/fr\/wp-json\/wp\/v2\/product_tag?post=39842"}],"curies":[{"name":"wp","href":"https:\/\/api.w.org\/{rel}","templated":true}]}}