{"id":39799,"date":"2023-04-22T22:58:48","date_gmt":"2023-04-22T14:58:48","guid":{"rendered":"https:\/\/gretasexylingerie.com\/?post_type=product&#038;p=39799"},"modified":"2023-10-22T23:15:54","modified_gmt":"2023-10-22T15:15:54","slug":"ensemble-corset-perspective-une-piece","status":"publish","type":"product","link":"https:\/\/gretasexylingerie.com\/fr\/products\/perspective-corset-one-piece-set\/","title":{"rendered":"Ensemble une pi\u00e8ce avec corset Perspective"},"content":{"rendered":"<p>1. Design audacieux et provocateur : l&#039;ensemble une pi\u00e8ce Perspective Corset pr\u00e9sente un design audacieux et provocateur qui combine une maille transparente et des bretelles sexy avec un corset flatteur. Ce design unique et audacieux ne manquera pas de faire tourner les t\u00eates et de faire sensation.<\/p>\n\n\n\n<p>2.Corset flatteur : le corset offre la quantit\u00e9 parfaite de soutien et de mise en forme, vous donnant une silhouette flatteuse et am\u00e9liorant vos courbes aux bons endroits.<\/p>\n\n\n\n<p>3. Ajustement confortable et de soutien : fabriqu\u00e9 avec des mat\u00e9riaux de haute qualit\u00e9 et con\u00e7u avec votre confort \u00e0 l&#039;esprit, cet ensemble offre un ajustement confortable et de soutien.<\/p>\n\n\n\n<p>4. Polyvalent : l&#039;ensemble une pi\u00e8ce Perspective Corset est suffisamment polyvalent pour \u00eatre port\u00e9 en toute occasion, que vous vous d\u00e9guisiez pour une occasion sp\u00e9ciale ou que vous vouliez simplement vous sentir sexy et confiant dans votre vie quotidienne. Son design unique et audacieux le rend parfait pour les femmes qui veulent se d\u00e9marquer et se d\u00e9marquer de la foule.<\/p>\n\n\n\n<figure class=\"wp-block-table is-style-stripes\"><table><tbody><tr><td colspan=\"3\">Carte du site (CM)<\/td><td><\/td><td><\/td><\/tr><tr><td>Taille<\/td><td>Longueur<\/td><td>Sous la poitrine<\/td><td>Longueur de ceinture<\/td><td>Taille<\/td><\/tr><tr><td>S<\/td><td>54<\/td><td>66-88<\/td><td>62<\/td><td>62-86<\/td><\/tr><tr><td>M<\/td><td>56<\/td><td>70-92<\/td><td>62<\/td><td>66-90<\/td><\/tr><tr><td>L<\/td><td>58<\/td><td>74-96<\/td><td>62<\/td><td>70-94<\/td><\/tr><tr><td colspan=\"3\">Carte du site (POUCES)<\/td><td><\/td><td><\/td><\/tr><tr><td>Taille<\/td><td>Longueur<\/td><td>Sous la poitrine<\/td><td>Longueur de ceinture<\/td><td>Taille<\/td><\/tr><tr><td>S<\/td><td>21.25&nbsp;<\/td><td>25.98-34.64<\/td><td>24.40&nbsp;<\/td><td>24.40-33.85<\/td><\/tr><tr><td>M<\/td><td>22.04&nbsp;<\/td><td>27.55-36.22<\/td><td>24.40&nbsp;<\/td><td>25.98-35.43<\/td><\/tr><tr><td>L<\/td><td>22.83&nbsp;<\/td><td>29.13-37.79<\/td><td>24.40&nbsp;<\/td><td>27.55-37<\/td><\/tr><tr><td colspan=\"5\">Note:<br>1. Il peut y avoir un \u00e9cart de 1 \u00e0 2 cm dans diff\u00e9rentes tailles, emplacements et \u00e9tirements de tissus. Le tableau des tailles est \u00e0 titre indicatif uniquement, il peut y avoir une petite diff\u00e9rence avec ce que vous obtenez.<br>2. Il existe 3 types d&#039;\u00e9lasticit\u00e9\u00a0: haute \u00e9lasticit\u00e9 (\u00e9tir\u00e9 des deux c\u00f4t\u00e9s), \u00e9lasticit\u00e9 moyenne (\u00e9tir\u00e9 d&#039;un c\u00f4t\u00e9) et non \u00e9lastique (ne peut pas \u00eatre \u00e9tir\u00e9).<br>3.La couleur peut \u00eatre plus claire ou plus fonc\u00e9e en raison de l&#039;affichage diff\u00e9rent du PC.<br>4. Lavez-le \u00e0 la main dans de l&#039;eau \u00e0 30 degr\u00e9s, suspendez-le pour s\u00e9cher \u00e0 l&#039;ombre, interdisez le blanchiment.<br>5.Il peut y avoir une l\u00e9g\u00e8re diff\u00e9rence sur les d\u00e9tails et le motif.<\/td><\/tr><\/tbody><\/table><\/figure>\n\n\n\n<p><\/p>","protected":false},"excerpt":{"rendered":"<p>Audacieux et provocateur, cet ensemble de body combine une maille transparente et des bretelles sexy avec un corsage ajust\u00e9 pour un maintien et une forme parfaits, avec des d\u00e9tails en maille et en dentelle pour plus de style. Cet ensemble est s\u00fbr de vous faire sentir comme une reine.<\/p>\n<p>https:\/\/youtu.be\/bJwrt8iMsAQ<\/p>","protected":false},"featured_media":39807,"template":"","meta":[],"product_brand":[],"product_cat":[370,367,373],"product_tag":[861,448,522,446,864],"class_list":{"0":"post-39799","1":"product","2":"type-product","3":"status-publish","4":"has-post-thumbnail","6":"product_cat-bodysuit","7":"product_cat-sexy-lingerie","8":"product_cat-wholesale-sexy-mesh-bodysuit","9":"product_tag-brunette-lingerie","10":"product_tag-wholesale-elegant-sexy-lingerie","11":"product_tag-eyelash-lingerie","12":"product_tag-wholesale-sexy-see-through-lingerie","13":"product_tag-sexy-petite-lingerie","14":"pa_color-black","15":"pa_cup-full-cup","16":"pa_size-wholesale-large-size-women-sexy-lingerie","17":"pa_size-wholesale-medium-size-women-sexy-lingerie","18":"pa_size-wholesale-small-size-sexy-lingerie","20":"first","21":"instock","22":"taxable","23":"shipping-taxable","24":"purchasable","25":"product-type-variable"},"tiered_pricing_type":"fixed","tiered_pricing_fixed_rules":[],"tiered_pricing_product_settings":{"layout":"default","base_unit_name":{"singular":null,"plural":null},"default_variation":{}},"tiered_pricing_minimum_quantity":null,"tiered_pricing_roles_data":{"default_wholesaler":{"product_id":39799,"role":"default_wholesaler","pricing_type":"flat","regular_price":null,"sale_price":null,"discount":null,"discount_type":"sale_price","tiered_pricing_type":"fixed","percentage_rules":[],"fixed_rules":{"2":"8.09","30":"6.99","500":"6.09"},"minimum":null},"dropshippinger":{"product_id":39799,"role":"dropshippinger","pricing_type":"flat","regular_price":null,"sale_price":null,"discount":null,"discount_type":"sale_price","tiered_pricing_type":"fixed","percentage_rules":[],"fixed_rules":{"1":"9.69","5":"8.09","30":"6.99"},"minimum":null}},"tiered_pricing_percentage_rules":[],"tiered_pricing_maximum_quantity":null,"tiered_pricing_quantity_step":null,"_links":{"self":[{"href":"https:\/\/gretasexylingerie.com\/fr\/wp-json\/wp\/v2\/product\/39799","targetHints":{"allow":["GET"]}}],"collection":[{"href":"https:\/\/gretasexylingerie.com\/fr\/wp-json\/wp\/v2\/product"}],"about":[{"href":"https:\/\/gretasexylingerie.com\/fr\/wp-json\/wp\/v2\/types\/product"}],"wp:featuredmedia":[{"embeddable":true,"href":"https:\/\/gretasexylingerie.com\/fr\/wp-json\/wp\/v2\/media\/39807"}],"wp:attachment":[{"href":"https:\/\/gretasexylingerie.com\/fr\/wp-json\/wp\/v2\/media?parent=39799"}],"wp:term":[{"taxonomy":"product_brand","embeddable":true,"href":"https:\/\/gretasexylingerie.com\/fr\/wp-json\/wp\/v2\/product_brand?post=39799"},{"taxonomy":"product_cat","embeddable":true,"href":"https:\/\/gretasexylingerie.com\/fr\/wp-json\/wp\/v2\/product_cat?post=39799"},{"taxonomy":"product_tag","embeddable":true,"href":"https:\/\/gretasexylingerie.com\/fr\/wp-json\/wp\/v2\/product_tag?post=39799"}],"curies":[{"name":"wp","href":"https:\/\/api.w.org\/{rel}","templated":true}]}}