{"id":39659,"date":"2023-04-20T20:54:06","date_gmt":"2023-04-20T12:54:06","guid":{"rendered":"https:\/\/gretasexylingerie.com\/?post_type=product&#038;p=39659"},"modified":"2024-04-04T15:57:58","modified_gmt":"2024-04-04T07:57:58","slug":"perspective-une-piece-body-transparent","status":"publish","type":"product","link":"https:\/\/gretasexylingerie.com\/fr\/products\/perspective-one-piece-sheer-bodysuit\/","title":{"rendered":"Vente en gros Body transparent une pi\u00e8ce Perspective"},"content":{"rendered":"<p>1. Design s\u00e9duisant : l&#039;ensemble soutien-gorge et culotte transparent en une pi\u00e8ce Perspective pr\u00e9sente un design transparent \u00e9poustouflant et complexe qui est \u00e0 la fois sensuel et sophistiqu\u00e9, vous faisant sentir confiant et audacieux.<\/p>\n\n\n\n<p>2. Confortable \u00e0 porter : fabriqu\u00e9 \u00e0 partir de mat\u00e9riaux de haute qualit\u00e9, cet ensemble de lingerie est doux, extensible et confortable \u00e0 porter toute la journ\u00e9e, vous permettant de vous d\u00e9placer librement sans vous sentir resserr\u00e9.<\/p>\n\n\n\n<p>3. Polyvalent : cet ensemble une pi\u00e8ce peut \u00eatre port\u00e9 dans le cadre de votre collection de lingerie ou comme une tenue audacieuse et audacieuse pour une occasion sp\u00e9ciale, ce qui en fait un ajout polyvalent \u00e0 votre garde-robe.<\/p>\n\n\n\n<p>4. Durable : avec sa construction et ses mat\u00e9riaux de haute qualit\u00e9, cet ensemble est con\u00e7u pour durer, vous permettant de profiter longtemps de sa sensation de luxe et de son design \u00e9poustouflant.<\/p>\n\n\n\n<figure class=\"wp-block-table is-style-stripes\"><table><tbody><tr><td colspan=\"4\">Carte du site (CM)<\/td><td><\/td><\/tr><tr><td>Taille<\/td><td>Longueur<\/td><td>Sous la poitrine<\/td><td>Taille<\/td><td>Hanche<\/td><\/tr><tr><td>S<\/td><td>58.5<\/td><td>66-86<\/td><td>64-94<\/td><td>70<\/td><\/tr><tr><td>M<\/td><td>60.5<\/td><td>70-90<\/td><td>68-98<\/td><td>74<\/td><\/tr><tr><td>L<\/td><td>62.5<\/td><td>74-94<\/td><td>72-102<\/td><td>78<\/td><\/tr><tr><td colspan=\"4\">Carte du site (POUCES)<\/td><td><\/td><\/tr><tr><td>Taille<\/td><td>Longueur<\/td><td>Sous la poitrine<\/td><td>Taille<\/td><td>Hanche<\/td><\/tr><tr><td>S<\/td><td>23.03&nbsp;<\/td><td>25.98-33.85<\/td><td>25.19-37<\/td><td>27.55<\/td><\/tr><tr><td>M<\/td><td>23.81&nbsp;<\/td><td>27.55-35.43<\/td><td>26.77-38.58<\/td><td>29.13<\/td><\/tr><tr><td>L<\/td><td>24.60&nbsp;<\/td><td>29.13-37<\/td><td>28.34-40.15<\/td><td>30.70&nbsp;<\/td><\/tr><tr><td colspan=\"5\">Note:<br>1. Il peut y avoir un \u00e9cart de 1 \u00e0 2 cm dans diff\u00e9rentes tailles, emplacements et \u00e9tirements de tissus. Le tableau des tailles est \u00e0 titre indicatif uniquement, il peut y avoir une petite diff\u00e9rence avec ce que vous obtenez.<br>2. Il existe 3 types d&#039;\u00e9lasticit\u00e9\u00a0: haute \u00e9lasticit\u00e9 (\u00e9tir\u00e9 des deux c\u00f4t\u00e9s), \u00e9lasticit\u00e9 moyenne (\u00e9tir\u00e9 d&#039;un c\u00f4t\u00e9) et non \u00e9lastique (ne peut pas \u00eatre \u00e9tir\u00e9).<br>3.La couleur peut \u00eatre plus claire ou plus fonc\u00e9e en raison de l&#039;affichage diff\u00e9rent du PC.<br>4. Lavez-le \u00e0 la main dans de l&#039;eau \u00e0 30 degr\u00e9s, suspendez-le pour s\u00e9cher \u00e0 l&#039;ombre, interdisez le blanchiment.<br>5.Il peut y avoir une l\u00e9g\u00e8re diff\u00e9rence sur les d\u00e9tails et le motif.<\/td><\/tr><\/tbody><\/table><\/figure>\n\n\n\n<p><\/p>","protected":false},"excerpt":{"rendered":"<p>Ce body est flatteur et sophistiqu\u00e9 dans un superbe design transparent qui accentue vos courbes aux bons endroits. Fabriqu\u00e9 \u00e0 partir de mat\u00e9riaux de haute qualit\u00e9, cet ensemble est non seulement confortable \u00e0 porter, mais \u00e9galement suffisamment durable pour r\u00e9sister \u00e0 une utilisation et \u00e0 des lavages fr\u00e9quents.<\/p>","protected":false},"featured_media":39676,"template":"","meta":[],"product_brand":[],"product_cat":[370,367,373],"product_tag":[452,861,448,504],"class_list":{"0":"post-39659","1":"product","2":"type-product","3":"status-publish","4":"has-post-thumbnail","6":"product_cat-bodysuit","7":"product_cat-sexy-lingerie","8":"product_cat-wholesale-sexy-mesh-bodysuit","9":"product_tag-wholesale-boudoir-lingerie","10":"product_tag-brunette-lingerie","11":"product_tag-wholesale-elegant-sexy-lingerie","12":"product_tag-ultra-sexy","13":"pa_color-black","14":"pa_color-red-women-sexy-lingerie","15":"pa_cup-full-cup","16":"pa_size-wholesale-large-size-women-sexy-lingerie","17":"pa_size-wholesale-medium-size-women-sexy-lingerie","18":"pa_size-wholesale-small-size-sexy-lingerie","20":"first","21":"instock","22":"taxable","23":"shipping-taxable","24":"purchasable","25":"product-type-variable"},"tiered_pricing_type":"fixed","tiered_pricing_fixed_rules":[],"tiered_pricing_product_settings":{"layout":"table","base_unit_name":{"singular":null,"plural":null},"default_variation":{}},"tiered_pricing_minimum_quantity":null,"tiered_pricing_roles_data":{"default_wholesaler":{"product_id":39659,"role":"default_wholesaler","pricing_type":"flat","regular_price":null,"sale_price":null,"discount":null,"discount_type":"sale_price","tiered_pricing_type":"fixed","percentage_rules":[],"fixed_rules":{"2":"8.39","30":"7.19","500":"6.29"},"minimum":null},"dropshippinger":{"product_id":39659,"role":"dropshippinger","pricing_type":"flat","regular_price":null,"sale_price":null,"discount":null,"discount_type":"sale_price","tiered_pricing_type":"fixed","percentage_rules":[],"fixed_rules":{"1":"9.99","5":"8.39","30":"6.29"},"minimum":null}},"tiered_pricing_percentage_rules":[],"tiered_pricing_maximum_quantity":null,"tiered_pricing_quantity_step":null,"_links":{"self":[{"href":"https:\/\/gretasexylingerie.com\/fr\/wp-json\/wp\/v2\/product\/39659","targetHints":{"allow":["GET"]}}],"collection":[{"href":"https:\/\/gretasexylingerie.com\/fr\/wp-json\/wp\/v2\/product"}],"about":[{"href":"https:\/\/gretasexylingerie.com\/fr\/wp-json\/wp\/v2\/types\/product"}],"wp:featuredmedia":[{"embeddable":true,"href":"https:\/\/gretasexylingerie.com\/fr\/wp-json\/wp\/v2\/media\/39676"}],"wp:attachment":[{"href":"https:\/\/gretasexylingerie.com\/fr\/wp-json\/wp\/v2\/media?parent=39659"}],"wp:term":[{"taxonomy":"product_brand","embeddable":true,"href":"https:\/\/gretasexylingerie.com\/fr\/wp-json\/wp\/v2\/product_brand?post=39659"},{"taxonomy":"product_cat","embeddable":true,"href":"https:\/\/gretasexylingerie.com\/fr\/wp-json\/wp\/v2\/product_cat?post=39659"},{"taxonomy":"product_tag","embeddable":true,"href":"https:\/\/gretasexylingerie.com\/fr\/wp-json\/wp\/v2\/product_tag?post=39659"}],"curies":[{"name":"wp","href":"https:\/\/api.w.org\/{rel}","templated":true}]}}