{"id":39643,"date":"2023-04-19T22:56:54","date_gmt":"2023-04-19T14:56:54","guid":{"rendered":"https:\/\/gretasexylingerie.com\/?post_type=product&#038;p=39643"},"modified":"2023-12-09T19:48:38","modified_gmt":"2023-12-09T11:48:38","slug":"ensemble-soutien-gorge-et-culotte-de-moto-en-cuir","status":"publish","type":"product","link":"https:\/\/gretasexylingerie.com\/fr\/products\/leather-motorcycle-bra-panty-set\/","title":{"rendered":"Vente en gros Ensemble Soutien-gorge Et Culotte De Moto En Cuir"},"content":{"rendered":"<p>1. Design audacieux et audacieux : l&#039;ensemble de soutien-gorge et culotte de moto en cuir pr\u00e9sente un design audacieux et audacieux qui est parfait pour ceux qui veulent faire une d\u00e9claration avec leur lingerie.<\/p>\n\n\n\n<p>2. Mat\u00e9riaux de haute qualit\u00e9 : fabriqu\u00e9 \u00e0 partir de cuir v\u00e9ritable, cet ensemble est durable, doux et confortable \u00e0 porter, offrant une sensation de luxe qui vous fera vous sentir confiant et puissant.<\/p>\n\n\n\n<p>3. Polyvalent : cet ensemble peut \u00eatre port\u00e9 dans le cadre de votre collection de lingerie ou comme une tenue audacieuse et unique pour une occasion sp\u00e9ciale, ce qui en fait un ajout polyvalent \u00e0 votre garde-robe.<\/p>\n\n\n\n<p>4. Coupe flatteuse : le soutien-gorge et la culotte sont con\u00e7us pour flatter vos courbes, am\u00e9liorer votre silhouette et vous faire sentir confiant et sexy. Les bretelles r\u00e9glables assurent un ajustement parfait, vous permettant de l&#039;adapter \u00e0 votre morphologie.<\/p>\n\n\n\n<figure class=\"wp-block-table is-style-stripes\"><table><tbody><tr><td colspan=\"4\">Carte du site (CM)<\/td><td><\/td><td><\/td><\/tr><tr><td>Taille<\/td><td>Hauteur de tasse<\/td><td>Cou<\/td><td>Sous la poitrine<\/td><td>Culotte taille<\/td><td>Longueur culotte<\/td><\/tr><tr><td>S<\/td><td>13<\/td><td>36<\/td><td>70-86<\/td><td>72-96<\/td><td>22.5<\/td><\/tr><tr><td>M<\/td><td>14<\/td><td>37.5<\/td><td>74-90<\/td><td>76-100<\/td><td>23.5<\/td><\/tr><tr><td>L<\/td><td>15<\/td><td>39<\/td><td>78-94<\/td><td>80-104<\/td><td>24.5<\/td><\/tr><tr><td colspan=\"4\">Carte du site (POUCES)<\/td><td><\/td><td><\/td><\/tr><tr><td>Taille<\/td><td>Hauteur de tasse<\/td><td>Cou<\/td><td>Sous la poitrine<\/td><td>Culotte taille<\/td><td>Longueur culotte<\/td><\/tr><tr><td>S<\/td><td>5.11&nbsp;<\/td><td>14.17<\/td><td>27.55-33.85<\/td><td>28.34-37.79<\/td><td>8.85<\/td><\/tr><tr><td>M<\/td><td>5.51&nbsp;<\/td><td>14.76<\/td><td>29.13-35.43<\/td><td>29.92-39.37<\/td><td>9.25<\/td><\/tr><tr><td>L<\/td><td>5.90&nbsp;<\/td><td>15.35<\/td><td>30.70-37<\/td><td>31.49-40.94<\/td><td>9.64&nbsp;<\/td><\/tr><tr><td colspan=\"6\">Note:<br>1. Il peut y avoir un \u00e9cart de 1 \u00e0 2 cm dans diff\u00e9rentes tailles, emplacements et \u00e9tirements de tissus. Le tableau des tailles est \u00e0 titre indicatif uniquement, il peut y avoir une petite diff\u00e9rence avec ce que vous obtenez.<br>2. Il existe 3 types d&#039;\u00e9lasticit\u00e9\u00a0: haute \u00e9lasticit\u00e9 (\u00e9tir\u00e9 des deux c\u00f4t\u00e9s), \u00e9lasticit\u00e9 moyenne (\u00e9tir\u00e9 d&#039;un c\u00f4t\u00e9) et non \u00e9lastique (ne peut pas \u00eatre \u00e9tir\u00e9).<br>3.La couleur peut \u00eatre plus claire ou plus fonc\u00e9e en raison de l&#039;affichage diff\u00e9rent du PC.<br>4. Lavez-le \u00e0 la main dans de l&#039;eau \u00e0 30 degr\u00e9s, suspendez-le pour s\u00e9cher \u00e0 l&#039;ombre, interdisez le blanchiment.<br>5.Il peut y avoir une l\u00e9g\u00e8re diff\u00e9rence sur les d\u00e9tails et le motif.<\/td><\/tr><\/tbody><\/table><\/figure>","protected":false},"excerpt":{"rendered":"<p>Pr\u00e9sentation de l&#039;ensemble de soutien-gorge et culotte de moto en cuir, le m\u00e9lange ultime de tendance et de sexy\u00a0! Ce mat\u00e9riau en cuir respire la confiance et l&#039;attitude, ce sous-v\u00eatement ne ressemble \u00e0 aucun autre de la collection, cet ensemble est fabriqu\u00e9 en cuir v\u00e9ritable de haute qualit\u00e9 pour plus de durabilit\u00e9 et de confort.<\/p>","protected":false},"featured_media":39654,"template":"","meta":[],"product_brand":[],"product_cat":[368,367,376],"product_tag":[507,861,973,453,864,504],"class_list":{"0":"post-39643","1":"product","2":"type-product","3":"status-publish","4":"has-post-thumbnail","6":"product_cat-bra-panty-set","7":"product_cat-sexy-lingerie","8":"product_cat-wholesale-ultra-sexy-bra-panty-set","9":"product_tag-three-pcs-set","10":"product_tag-brunette-lingerie","11":"product_tag-oem","12":"product_tag-wholesale-sexy-naughty-lingerie","13":"product_tag-sexy-petite-lingerie","14":"product_tag-ultra-sexy","15":"pa_color-black","16":"pa_cup-wholesale-half-cup-women-sexy-lingerie","17":"pa_size-wholesale-large-size-women-sexy-lingerie","18":"pa_size-wholesale-medium-size-women-sexy-lingerie","19":"pa_size-wholesale-small-size-sexy-lingerie","21":"first","22":"outofstock","23":"taxable","24":"shipping-taxable","25":"purchasable","26":"product-type-variable"},"tiered_pricing_type":"fixed","tiered_pricing_fixed_rules":[],"tiered_pricing_product_settings":{"layout":"default","base_unit_name":{"singular":null,"plural":null},"default_variation":null},"tiered_pricing_minimum_quantity":null,"tiered_pricing_roles_data":{"default_wholesaler":{"product_id":39643,"role":"default_wholesaler","pricing_type":"flat","regular_price":null,"sale_price":null,"discount":null,"discount_type":"sale_price","tiered_pricing_type":"fixed","percentage_rules":[],"fixed_rules":{"2":"7.89","30":"6.79","500":"5.89"},"minimum":null},"dropshippinger":{"product_id":39643,"role":"dropshippinger","pricing_type":"flat","regular_price":null,"sale_price":null,"discount":null,"discount_type":"sale_price","tiered_pricing_type":"fixed","percentage_rules":[],"fixed_rules":{"1":"9.39","5":"7.89","30":"5.89"},"minimum":null}},"tiered_pricing_percentage_rules":[],"tiered_pricing_maximum_quantity":null,"tiered_pricing_quantity_step":null,"_links":{"self":[{"href":"https:\/\/gretasexylingerie.com\/fr\/wp-json\/wp\/v2\/product\/39643","targetHints":{"allow":["GET"]}}],"collection":[{"href":"https:\/\/gretasexylingerie.com\/fr\/wp-json\/wp\/v2\/product"}],"about":[{"href":"https:\/\/gretasexylingerie.com\/fr\/wp-json\/wp\/v2\/types\/product"}],"wp:featuredmedia":[{"embeddable":true,"href":"https:\/\/gretasexylingerie.com\/fr\/wp-json\/wp\/v2\/media\/39654"}],"wp:attachment":[{"href":"https:\/\/gretasexylingerie.com\/fr\/wp-json\/wp\/v2\/media?parent=39643"}],"wp:term":[{"taxonomy":"product_brand","embeddable":true,"href":"https:\/\/gretasexylingerie.com\/fr\/wp-json\/wp\/v2\/product_brand?post=39643"},{"taxonomy":"product_cat","embeddable":true,"href":"https:\/\/gretasexylingerie.com\/fr\/wp-json\/wp\/v2\/product_cat?post=39643"},{"taxonomy":"product_tag","embeddable":true,"href":"https:\/\/gretasexylingerie.com\/fr\/wp-json\/wp\/v2\/product_tag?post=39643"}],"curies":[{"name":"wp","href":"https:\/\/api.w.org\/{rel}","templated":true}]}}