{"id":39635,"date":"2023-04-19T22:30:36","date_gmt":"2023-04-19T14:30:36","guid":{"rendered":"https:\/\/gretasexylingerie.com\/?post_type=product&#038;p=39635"},"modified":"2023-10-22T23:03:01","modified_gmt":"2023-10-22T15:03:01","slug":"ensemble-soutien-gorge-et-culotte-ultra-sexy-et-seduisant-uniforme","status":"publish","type":"product","link":"https:\/\/gretasexylingerie.com\/fr\/products\/uniform-seductive-ultra-sexy-bra-panty-set\/","title":{"rendered":"Ensemble de culotte de soutien-gorge ultra sexy et s\u00e9duisante uniforme"},"content":{"rendered":"<p>1. Lib\u00e9rez votre s\u00e9ductrice int\u00e9rieure avec l&#039;ensemble de culottes de soutien-gorge uniformes s\u00e9duisantes ultra sexy. La combinaison parfaite de sensualit\u00e9 et de sophistication, cet ensemble est s\u00fbr de vous faire sentir confiant et irr\u00e9sistible.<\/p>\n\n\n\n<p>2. Les mat\u00e9riaux de haute qualit\u00e9 utilis\u00e9s dans cet ensemble garantissent qu&#039;il durera de multiples utilisations et lavages, ce qui en fait un excellent investissement dans votre collection de lingerie.<\/p>\n\n\n\n<p>3. La conception unique de l&#039;ensemble soutien-gorge et culotte offre un ajustement flatteur et de soutien, am\u00e9liorant vos courbes et accentuant vos atouts.<\/p>\n\n\n\n<p>4. Que vous cherchiez \u00e0 ajouter une touche d&#039;excitation \u00e0 votre tenue de tous les jours ou \u00e0 vous pr\u00e9parer pour une occasion sp\u00e9ciale, l&#039;ensemble de culottes de soutien-gorge uniforme s\u00e9duisant ultra sexy est le choix ultime pour ceux qui cherchent \u00e0 pimenter leur jeu de lingerie.<\/p>\n\n\n\n<figure class=\"wp-block-table\"><table><tbody><tr><td colspan=\"4\">Carte du site (CM)<\/td><td><\/td><td><\/td><td><\/td><td><\/td><\/tr><tr><td>Taille<\/td><td>Longueur avant<\/td><td>Cou<\/td><td>Sous la poitrine<\/td><td>Taille<\/td><td>Tour de pied<\/td><td>Culotte taille<\/td><td>Longueur culotte<\/td><\/tr><tr><td>S<\/td><td>31<\/td><td>35<\/td><td>68-86<\/td><td>60-98<\/td><td>47<\/td><td>60-98<\/td><td>39<\/td><\/tr><tr><td>M<\/td><td>32<\/td><td>36.5<\/td><td>72-90<\/td><td>64-102<\/td><td>49<\/td><td>64-102<\/td><td>40<\/td><\/tr><tr><td>L<\/td><td>33.5<\/td><td>38<\/td><td>78-96<\/td><td>68-106<\/td><td>51<\/td><td>68-106<\/td><td>41<\/td><\/tr><tr><td colspan=\"4\">Carte du site (POUCES)<\/td><td><\/td><td><\/td><td><\/td><td><\/td><\/tr><tr><td>Taille<\/td><td>Longueur avant<\/td><td>Cou<\/td><td>Sous la poitrine<\/td><td>Taille<\/td><td>Tour de pied<\/td><td>Culotte taille<\/td><td>Longueur culotte<\/td><\/tr><tr><td>S<\/td><td>12.20&nbsp;<\/td><td>13.77<\/td><td>26.77-33.85<\/td><td>23.62-38.58<\/td><td>18.50&nbsp;<\/td><td>23.62-38.58<\/td><td>15.35<\/td><\/tr><tr><td>M<\/td><td>12.59&nbsp;<\/td><td>14.37<\/td><td>28.34-35.43<\/td><td>25.19-40.15<\/td><td>19.29<\/td><td>25.19-40.15<\/td><td>15.74<\/td><\/tr><tr><td>L<\/td><td>13.18&nbsp;<\/td><td>14.96<\/td><td>30.70-37.79<\/td><td>26.77-41.73<\/td><td>20.07&nbsp;<\/td><td>26.77-41.73<\/td><td>16.14&nbsp;<\/td><\/tr><tr><td colspan=\"8\">Note:<br>1. Il peut y avoir un \u00e9cart de 1 \u00e0 2 cm dans diff\u00e9rentes tailles, emplacements et \u00e9tirements de tissus. Le tableau des tailles est \u00e0 titre indicatif uniquement, il peut y avoir une petite diff\u00e9rence avec ce que vous obtenez.<br>2. Il existe 3 types d&#039;\u00e9lasticit\u00e9\u00a0: haute \u00e9lasticit\u00e9 (\u00e9tir\u00e9 des deux c\u00f4t\u00e9s), \u00e9lasticit\u00e9 moyenne (\u00e9tir\u00e9 d&#039;un c\u00f4t\u00e9) et non \u00e9lastique (ne peut pas \u00eatre \u00e9tir\u00e9).<br>3.La couleur peut \u00eatre plus claire ou plus fonc\u00e9e en raison de l&#039;affichage diff\u00e9rent du PC.<br>4. Lavez-le \u00e0 la main dans de l&#039;eau \u00e0 30 degr\u00e9s, suspendez-le pour s\u00e9cher \u00e0 l&#039;ombre, interdisez le blanchiment.<br>5.Il peut y avoir une l\u00e9g\u00e8re diff\u00e9rence sur les d\u00e9tails et le motif.<\/td><\/tr><\/tbody><\/table><\/figure>\n\n\n\n<p><\/p>","protected":false},"excerpt":{"rendered":"<p>L&#039;ensemble est fabriqu\u00e9 \u00e0 partir de mat\u00e9riaux de haute qualit\u00e9, notamment des tissus doux et respirants, de la dentelle d\u00e9licate et des d\u00e9tails complexes. Ce soutien-gorge pr\u00e9sente un d\u00e9collet\u00e9 en V profond s\u00e9duisant et des bretelles r\u00e9glables, et la culotte assortie pr\u00e9sente une taille haute et un dos \u00e9pais pour un look flatteur.<\/p>\n<p>https:\/\/youtu.be\/E-9gLmz3jgM<\/p>","protected":false},"featured_media":39641,"template":"","meta":[],"product_brand":[],"product_cat":[368,374,367],"product_tag":[868,505,448,528,532,453],"class_list":{"0":"post-39635","1":"product","2":"type-product","3":"status-publish","4":"has-post-thumbnail","6":"product_cat-bra-panty-set","7":"product_cat-wholesale-garter-belt-set","8":"product_cat-sexy-lingerie","9":"product_tag-4-piece-lingerie-set","10":"product_tag-5-piece-lingerie-set","11":"product_tag-wholesale-elegant-sexy-lingerie","12":"product_tag-halter-lingerie","13":"product_tag-lingerie-suspender-set","14":"product_tag-wholesale-sexy-naughty-lingerie","15":"pa_color-white","16":"pa_cup-full-cup","17":"pa_size-wholesale-large-size-women-sexy-lingerie","18":"pa_size-wholesale-medium-size-women-sexy-lingerie","19":"pa_size-wholesale-small-size-sexy-lingerie","21":"first","22":"instock","23":"taxable","24":"shipping-taxable","25":"purchasable","26":"product-type-variable"},"tiered_pricing_type":"fixed","tiered_pricing_fixed_rules":[],"tiered_pricing_product_settings":{"layout":"default","base_unit_name":{"singular":null,"plural":null},"default_variation":{}},"tiered_pricing_minimum_quantity":null,"tiered_pricing_roles_data":{"default_wholesaler":{"product_id":39635,"role":"default_wholesaler","pricing_type":"flat","regular_price":null,"sale_price":null,"discount":null,"discount_type":"sale_price","tiered_pricing_type":"fixed","percentage_rules":[],"fixed_rules":{"2":"9.99","30":"8.49","500":"7.49"},"minimum":null},"dropshippinger":{"product_id":39635,"role":"dropshippinger","pricing_type":"flat","regular_price":null,"sale_price":null,"discount":null,"discount_type":"sale_price","tiered_pricing_type":"fixed","percentage_rules":[],"fixed_rules":{"1":"11.89","5":"9.99","30":"7.49"},"minimum":null}},"tiered_pricing_percentage_rules":[],"tiered_pricing_maximum_quantity":null,"tiered_pricing_quantity_step":null,"_links":{"self":[{"href":"https:\/\/gretasexylingerie.com\/fr\/wp-json\/wp\/v2\/product\/39635","targetHints":{"allow":["GET"]}}],"collection":[{"href":"https:\/\/gretasexylingerie.com\/fr\/wp-json\/wp\/v2\/product"}],"about":[{"href":"https:\/\/gretasexylingerie.com\/fr\/wp-json\/wp\/v2\/types\/product"}],"wp:featuredmedia":[{"embeddable":true,"href":"https:\/\/gretasexylingerie.com\/fr\/wp-json\/wp\/v2\/media\/39641"}],"wp:attachment":[{"href":"https:\/\/gretasexylingerie.com\/fr\/wp-json\/wp\/v2\/media?parent=39635"}],"wp:term":[{"taxonomy":"product_brand","embeddable":true,"href":"https:\/\/gretasexylingerie.com\/fr\/wp-json\/wp\/v2\/product_brand?post=39635"},{"taxonomy":"product_cat","embeddable":true,"href":"https:\/\/gretasexylingerie.com\/fr\/wp-json\/wp\/v2\/product_cat?post=39635"},{"taxonomy":"product_tag","embeddable":true,"href":"https:\/\/gretasexylingerie.com\/fr\/wp-json\/wp\/v2\/product_tag?post=39635"}],"curies":[{"name":"wp","href":"https:\/\/api.w.org\/{rel}","templated":true}]}}