{"id":39591,"date":"2023-04-19T22:00:50","date_gmt":"2023-04-19T14:00:50","guid":{"rendered":"https:\/\/gretasexylingerie.com\/?post_type=product&#038;p=39591"},"modified":"2024-04-04T14:26:50","modified_gmt":"2024-04-04T06:26:50","slug":"ensemble-porte-jarretelles-en-maille","status":"publish","type":"product","link":"https:\/\/gretasexylingerie.com\/fr\/products\/mesh-bodysuit-garter-belt-set\/","title":{"rendered":"Vente en gros Ensemble De Porte-jarretelles Body En Maille"},"content":{"rendered":"<p>1. Design audacieux et audacieux : l&#039;ensemble porte-jarretelles en maille pr\u00e9sente un design unique et audacieux qui est parfait pour la femme qui veut se d\u00e9marquer.<\/p>\n\n\n\n<p>2.La combinaison de maille transparente avec de la dentelle d\u00e9licate et un porte-jarretelles ajoute une touche audacieuse et audacieuse \u00e0 l&#039;ensemble, ce qui en fait un excellent choix pour ceux qui recherchent quelque chose d&#039;audacieux et de provocateur.<\/p>\n\n\n\n<p>3. Ajustement confortable : fabriqu\u00e9 avec des mat\u00e9riaux de haute qualit\u00e9 et con\u00e7u pour votre confort, cet ensemble offre un ajustement confortable et de soutien.<\/p>\n\n\n\n<p>4. Sexy et stimulant : l&#039;ensemble porte-jarretelles en maille ajoute une touche sexy et stimulante \u00e0 toute occasion intime. La maille transparente et les d\u00e9tails en dentelle d\u00e9licate du body cr\u00e9ent un look \u00e0 la fois provocateur et sophistiqu\u00e9, tandis que le porte-jarretelles ajoute une touche suppl\u00e9mentaire de sensualit\u00e9 et d&#039;autonomisation.<\/p>\n\n\n\n<figure class=\"wp-block-table is-style-stripes\"><table><tbody><tr><td colspan=\"5\">Carte du site (CM)<\/td><td><\/td><td><\/td><\/tr><tr><td>Taille<\/td><td>Longueur du haut<\/td><td>\u00c9paule<\/td><td>Sous la poitrine<\/td><td>Taille<\/td><td>Culotte taille<\/td><td>Longueur culotte<\/td><\/tr><tr><td>S<\/td><td>17<\/td><td>34<\/td><td>68-86<\/td><td>63-86<\/td><td>66-96<\/td><td>22<\/td><\/tr><tr><td>M<\/td><td>17.7<\/td><td>34<\/td><td>72-90<\/td><td>67-90<\/td><td>70-100<\/td><td>23<\/td><\/tr><tr><td>L<\/td><td>18.4<\/td><td>34<\/td><td>76-94<\/td><td>71-94<\/td><td>74-104<\/td><td>24<\/td><\/tr><tr><td colspan=\"5\">Carte du site (POUCES)<\/td><td><\/td><td><\/td><\/tr><tr><td>Taille<\/td><td>Longueur du haut<\/td><td>\u00c9paule<\/td><td>Sous la poitrine<\/td><td>Taille<\/td><td>Culotte taille<\/td><td>Longueur culotte<\/td><\/tr><tr><td>S<\/td><td>6.69&nbsp;<\/td><td>13.38<\/td><td>26.77-33.85<\/td><td>24.80-33.85<\/td><td>25.98-37.79<\/td><td>8.66<\/td><\/tr><tr><td>M<\/td><td>6.96&nbsp;<\/td><td>13.38<\/td><td>28.34-35.43<\/td><td>26.37-35.43<\/td><td>27.55-39.37<\/td><td>9.05<\/td><\/tr><tr><td>L<\/td><td>7.24&nbsp;<\/td><td>13.38<\/td><td>29.92-37<\/td><td>27.92-37<\/td><td>29.13-40.94<\/td><td>9.44&nbsp;<\/td><\/tr><tr><td colspan=\"7\">Note:<br>1. Il peut y avoir un \u00e9cart de 1 \u00e0 2 cm dans diff\u00e9rentes tailles, emplacements et \u00e9tirements de tissus. Le tableau des tailles est \u00e0 titre indicatif uniquement, il peut y avoir une petite diff\u00e9rence avec ce que vous obtenez.<br>2. Il existe 3 types d&#039;\u00e9lasticit\u00e9\u00a0: haute \u00e9lasticit\u00e9 (\u00e9tir\u00e9 des deux c\u00f4t\u00e9s), \u00e9lasticit\u00e9 moyenne (\u00e9tir\u00e9 d&#039;un c\u00f4t\u00e9) et non \u00e9lastique (ne peut pas \u00eatre \u00e9tir\u00e9).<br>3.La couleur peut \u00eatre plus claire ou plus fonc\u00e9e en raison de l&#039;affichage diff\u00e9rent du PC.<br>4. Lavez-le \u00e0 la main dans de l&#039;eau \u00e0 30 degr\u00e9s, suspendez-le pour s\u00e9cher \u00e0 l&#039;ombre, interdisez le blanchiment.<br>5.Il peut y avoir une l\u00e9g\u00e8re diff\u00e9rence sur les d\u00e9tails et le motif.<\/td><\/tr><\/tbody><\/table><\/figure>\n\n\n\n<p><\/p>","protected":false},"excerpt":{"rendered":"<p>Combinant une maille transparente avec de la dentelle d\u00e9licate et un porte-jarretelles, cet ensemble magnifique vous mettra en confiance. Le body est con\u00e7u pour \u00e9pouser vos courbes aux bons endroits, et la ceinture ajustable assure un affichage flatteur. Cet ensemble est s\u00fbr de vous donner le sentiment d&#039;\u00eatre autonome.<\/p>","protected":false},"featured_media":39604,"template":"","meta":[],"product_brand":[],"product_cat":[368,374,367],"product_tag":[868,452,861,448,532,867,447],"class_list":{"0":"post-39591","1":"product","2":"type-product","3":"status-publish","4":"has-post-thumbnail","6":"product_cat-bra-panty-set","7":"product_cat-wholesale-garter-belt-set","8":"product_cat-sexy-lingerie","9":"product_tag-4-piece-lingerie-set","10":"product_tag-wholesale-boudoir-lingerie","11":"product_tag-brunette-lingerie","12":"product_tag-wholesale-elegant-sexy-lingerie","13":"product_tag-lingerie-suspender-set","14":"product_tag-sexy-push-up-lingerie","15":"product_tag-wholesale-strappy-sexy-lingerie","16":"pa_color-black","17":"pa_color-red-women-sexy-lingerie","18":"pa_cup-full-cup","19":"pa_size-wholesale-large-size-women-sexy-lingerie","20":"pa_size-wholesale-medium-size-women-sexy-lingerie","21":"pa_size-wholesale-small-size-sexy-lingerie","23":"first","24":"instock","25":"taxable","26":"shipping-taxable","27":"purchasable","28":"product-type-variable"},"tiered_pricing_type":"fixed","tiered_pricing_fixed_rules":[],"tiered_pricing_product_settings":{"layout":"table","base_unit_name":{"singular":null,"plural":null},"default_variation":null},"tiered_pricing_minimum_quantity":null,"tiered_pricing_roles_data":{"default_wholesaler":{"product_id":39591,"role":"default_wholesaler","pricing_type":"flat","regular_price":null,"sale_price":null,"discount":null,"discount_type":"sale_price","tiered_pricing_type":"fixed","percentage_rules":[],"fixed_rules":{"2":"9.39","30":"8.09","500":"7.09"},"minimum":null},"dropshippinger":{"product_id":39591,"role":"dropshippinger","pricing_type":"flat","regular_price":null,"sale_price":null,"discount":null,"discount_type":"sale_price","tiered_pricing_type":"fixed","percentage_rules":[],"fixed_rules":{"1":"11.29","5":"9.39","30":"7.09"},"minimum":null}},"tiered_pricing_percentage_rules":[],"tiered_pricing_maximum_quantity":null,"tiered_pricing_quantity_step":null,"_links":{"self":[{"href":"https:\/\/gretasexylingerie.com\/fr\/wp-json\/wp\/v2\/product\/39591","targetHints":{"allow":["GET"]}}],"collection":[{"href":"https:\/\/gretasexylingerie.com\/fr\/wp-json\/wp\/v2\/product"}],"about":[{"href":"https:\/\/gretasexylingerie.com\/fr\/wp-json\/wp\/v2\/types\/product"}],"wp:featuredmedia":[{"embeddable":true,"href":"https:\/\/gretasexylingerie.com\/fr\/wp-json\/wp\/v2\/media\/39604"}],"wp:attachment":[{"href":"https:\/\/gretasexylingerie.com\/fr\/wp-json\/wp\/v2\/media?parent=39591"}],"wp:term":[{"taxonomy":"product_brand","embeddable":true,"href":"https:\/\/gretasexylingerie.com\/fr\/wp-json\/wp\/v2\/product_brand?post=39591"},{"taxonomy":"product_cat","embeddable":true,"href":"https:\/\/gretasexylingerie.com\/fr\/wp-json\/wp\/v2\/product_cat?post=39591"},{"taxonomy":"product_tag","embeddable":true,"href":"https:\/\/gretasexylingerie.com\/fr\/wp-json\/wp\/v2\/product_tag?post=39591"}],"curies":[{"name":"wp","href":"https:\/\/api.w.org\/{rel}","templated":true}]}}