{"id":39555,"date":"2023-04-19T21:16:58","date_gmt":"2023-04-19T13:16:58","guid":{"rendered":"https:\/\/gretasexylingerie.com\/?post_type=product&#038;p=39555"},"modified":"2024-04-04T14:19:17","modified_gmt":"2024-04-04T06:19:17","slug":"ensemble-porte-jarretelles-avec-chaine-en-metal","status":"publish","type":"product","link":"https:\/\/gretasexylingerie.com\/fr\/products\/metal-chain-garter-belt-set\/","title":{"rendered":"Ensemble de porte-jarretelles \u00e0 cha\u00eene en m\u00e9tal"},"content":{"rendered":"<p>1. Design audacieux : l&#039;ensemble porte-jarretelles en m\u00e9tal pr\u00e9sente un design unique et audacieux qui est parfait pour la femme qui veut se d\u00e9marquer.<\/p>\n\n\n\n<p>2. Les d\u00e9tails de la cha\u00eene en m\u00e9tal ajoutent une touche audacieuse au tissu en dentelle d\u00e9licate.<br>Ajustement confortable : fabriqu\u00e9 avec des mat\u00e9riaux de haute qualit\u00e9 et con\u00e7u pour votre confort, cet ensemble offre un ajustement confortable et de soutien.<\/p>\n\n\n\n<p>3. Sexy et ludique : la dentelle transparente et les d\u00e9tails de la cha\u00eene en m\u00e9tal sur la culotte ajoutent une touche ludique et sexy \u00e0 l&#039;ensemble, ce qui le rend parfait pour ajouter un peu d&#039;excitation \u00e0 toute occasion intime.<\/p>\n\n\n\n<p>4. Polyvalent : le porte-jarretelles en m\u00e9tal est assez polyvalent pour \u00eatre port\u00e9 en toute occasion, que ce soit pour une occasion sp\u00e9ciale ou simplement pour se sentir sexy et confiant dans votre vie quotidienne.<\/p>\n\n\n\n<figure class=\"wp-block-table is-style-stripes\"><table><tbody><tr><td colspan=\"5\">Carte du site (CM)<\/td><td><\/td><td><\/td><\/tr><tr><td>Taille<\/td><td>Longueur<\/td><td>\u00c9paule<\/td><td>Sous la poitrine<\/td><td>Taille<\/td><td>Culotte taille<\/td><td>Longueur culotte<\/td><\/tr><tr><td>S<\/td><td>18.5<\/td><td>29<\/td><td>68-86<\/td><td>62-84<\/td><td>70-96<\/td><td>23<\/td><\/tr><tr><td>M<\/td><td>19.2<\/td><td>30<\/td><td>72-90<\/td><td>66-88<\/td><td>74-100<\/td><td>24<\/td><\/tr><tr><td>L<\/td><td>19.9<\/td><td>31<\/td><td>76-94<\/td><td>70-92<\/td><td>78-104<\/td><td>25<\/td><\/tr><tr><td colspan=\"5\">Carte du site (POUCES)<\/td><td><\/td><td><\/td><\/tr><tr><td>Taille<\/td><td>Longueur<\/td><td>\u00c9paule<\/td><td>Sous la poitrine<\/td><td>Taille<\/td><td>Culotte taille<\/td><td>Longueur culotte<\/td><\/tr><tr><td>S<\/td><td>7.28&nbsp;<\/td><td>11.41<\/td><td>26.77-33.85<\/td><td>24.40-33.07<\/td><td>27.55-37.79<\/td><td>9.05<\/td><\/tr><tr><td>M<\/td><td>7.55&nbsp;<\/td><td>11.81<\/td><td>28.34-35.43<\/td><td>25.98-34.64<\/td><td>29.13-39.37<\/td><td>9.44<\/td><\/tr><tr><td>L<\/td><td>7.83&nbsp;<\/td><td>12.20&nbsp;<\/td><td>29.92-37.00<\/td><td>27.55-36.22<\/td><td>30.70-40.94<\/td><td>9.84&nbsp;<\/td><\/tr><tr><td colspan=\"7\">Note:<br>1. Il peut y avoir un \u00e9cart de 1 \u00e0 2 cm dans diff\u00e9rentes tailles, emplacements et \u00e9tirements de tissus. Le tableau des tailles est \u00e0 titre indicatif uniquement, il peut y avoir une petite diff\u00e9rence avec ce que vous obtenez.<br>2. Il existe 3 types d&#039;\u00e9lasticit\u00e9\u00a0: haute \u00e9lasticit\u00e9 (\u00e9tir\u00e9 des deux c\u00f4t\u00e9s), \u00e9lasticit\u00e9 moyenne (\u00e9tir\u00e9 d&#039;un c\u00f4t\u00e9) et non \u00e9lastique (ne peut pas \u00eatre \u00e9tir\u00e9).<br>3.La couleur peut \u00eatre plus claire ou plus fonc\u00e9e en raison de l&#039;affichage diff\u00e9rent du PC.<br>4. Lavez-le \u00e0 la main dans de l&#039;eau \u00e0 30 degr\u00e9s, suspendez-le pour s\u00e9cher \u00e0 l&#039;ombre, interdisez le blanchiment.<br>5.Il peut y avoir une l\u00e9g\u00e8re diff\u00e9rence sur les d\u00e9tails et le motif.<\/td><\/tr><\/tbody><\/table><\/figure>\n\n\n\n<p><\/p>\n\n\n\n<p><\/p>","protected":false},"excerpt":{"rendered":"<p>L&#039;ensemble est con\u00e7u avec des cha\u00eenes en m\u00e9tal pour ajouter du charme au tissu et confortable \u00e0 porter, la culotte assortie est con\u00e7ue avec de la dentelle transparente et des cha\u00eenes en m\u00e9tal, l&#039;ensemble de pantalons de soutien-gorge transparents en dentelle \u00e0 cha\u00eene en m\u00e9tal est fait de mat\u00e9riaux de haute qualit\u00e9, vous donnant un regard confiant.<\/p>\n<p>https:\/\/youtu.be\/hHH6AKG-cIk<\/p>","protected":false},"featured_media":39566,"template":"","meta":[],"product_brand":[],"product_cat":[368,374,367],"product_tag":[868,452,448,524,862],"class_list":{"0":"post-39555","1":"product","2":"type-product","3":"status-publish","4":"has-post-thumbnail","6":"product_cat-bra-panty-set","7":"product_cat-wholesale-garter-belt-set","8":"product_cat-sexy-lingerie","9":"product_tag-4-piece-lingerie-set","10":"product_tag-wholesale-boudoir-lingerie","11":"product_tag-wholesale-elegant-sexy-lingerie","12":"product_tag-metal-lingerie","13":"product_tag-sexy-silk-lingerie","14":"pa_color-black","15":"pa_color-red-women-sexy-lingerie","16":"pa_cup-full-cup","17":"pa_size-wholesale-large-size-women-sexy-lingerie","18":"pa_size-wholesale-medium-size-women-sexy-lingerie","19":"pa_size-wholesale-small-size-sexy-lingerie","21":"first","22":"instock","23":"taxable","24":"shipping-taxable","25":"purchasable","26":"product-type-variable"},"tiered_pricing_type":"fixed","tiered_pricing_fixed_rules":[],"tiered_pricing_product_settings":{"layout":"table","base_unit_name":{"singular":null,"plural":null},"default_variation":{}},"tiered_pricing_minimum_quantity":null,"tiered_pricing_roles_data":{"default_wholesaler":{"product_id":39555,"role":"default_wholesaler","pricing_type":"flat","regular_price":null,"sale_price":null,"discount":null,"discount_type":"sale_price","tiered_pricing_type":"fixed","percentage_rules":[],"fixed_rules":{"2":"9.39","30":"8.09","500":"7.09"},"minimum":null},"dropshippinger":{"product_id":39555,"role":"dropshippinger","pricing_type":"flat","regular_price":null,"sale_price":null,"discount":null,"discount_type":"sale_price","tiered_pricing_type":"fixed","percentage_rules":[],"fixed_rules":{"1":"11.29","5":"9.39","30":"7.09"},"minimum":null}},"tiered_pricing_percentage_rules":[],"tiered_pricing_maximum_quantity":null,"tiered_pricing_quantity_step":null,"_links":{"self":[{"href":"https:\/\/gretasexylingerie.com\/fr\/wp-json\/wp\/v2\/product\/39555","targetHints":{"allow":["GET"]}}],"collection":[{"href":"https:\/\/gretasexylingerie.com\/fr\/wp-json\/wp\/v2\/product"}],"about":[{"href":"https:\/\/gretasexylingerie.com\/fr\/wp-json\/wp\/v2\/types\/product"}],"wp:featuredmedia":[{"embeddable":true,"href":"https:\/\/gretasexylingerie.com\/fr\/wp-json\/wp\/v2\/media\/39566"}],"wp:attachment":[{"href":"https:\/\/gretasexylingerie.com\/fr\/wp-json\/wp\/v2\/media?parent=39555"}],"wp:term":[{"taxonomy":"product_brand","embeddable":true,"href":"https:\/\/gretasexylingerie.com\/fr\/wp-json\/wp\/v2\/product_brand?post=39555"},{"taxonomy":"product_cat","embeddable":true,"href":"https:\/\/gretasexylingerie.com\/fr\/wp-json\/wp\/v2\/product_cat?post=39555"},{"taxonomy":"product_tag","embeddable":true,"href":"https:\/\/gretasexylingerie.com\/fr\/wp-json\/wp\/v2\/product_tag?post=39555"}],"curies":[{"name":"wp","href":"https:\/\/api.w.org\/{rel}","templated":true}]}}