{"id":39514,"date":"2023-04-18T22:19:20","date_gmt":"2023-04-18T14:19:20","guid":{"rendered":"https:\/\/gretasexylingerie.com\/?post_type=product&#038;p=39514"},"modified":"2023-09-05T20:51:20","modified_gmt":"2023-09-05T12:51:20","slug":"ensemble-soutien-gorge-et-culotte-en-dentelle-filet-de-peche","status":"publish","type":"product","link":"https:\/\/gretasexylingerie.com\/fr\/products\/fishing-net-lace-perspective-bra-panty-set\/","title":{"rendered":"Ensemble de culotte de soutien-gorge en dentelle avec filet de p\u00eache"},"content":{"rendered":"<p>1. Design \u00e9poustouflant : l&#039;ensemble de culottes de soutien-gorge en dentelle en filet de p\u00eache dispose d&#039;un design en dentelle de filet de p\u00eache magnifique et complexe qui ne manquera pas de faire tourner les t\u00eates et de vous faire sentir confiant et sexy.<\/p>\n\n\n\n<p>2. Coupe confortable : cet ensemble est fabriqu\u00e9 avec des mat\u00e9riaux de haute qualit\u00e9 et con\u00e7u pour votre confort. Le soutien-gorge est dot\u00e9 d&#039;un soutien \u00e0 armatures pour un ajustement confortable, tandis que la culotte a une conception taille basse qui ne s&#039;enfoncera pas et ne causera pas d&#039;inconfort.<\/p>\n\n\n\n<p>3. Style polyvalent : que vous cherchiez \u00e0 ajouter une touche de s\u00e9duction \u00e0 une soir\u00e9e romantique ou que vous vouliez simplement vous sentir confiant et \u00e9l\u00e9gant dans votre vie quotidienne, cet ensemble est parfait. Le design en dentelle filet de p\u00eache est \u00e0 la fois ludique et sophistiqu\u00e9, ce qui en fait un ajout polyvalent \u00e0 votre collection de lingerie.<\/p>\n\n\n\n<p>4. Excellent rapport qualit\u00e9\/prix : l&#039;ensemble de culottes de soutien-gorge en dentelle en filet de p\u00eache offre une valeur incroyable pour sa qualit\u00e9 et son design. Vous n&#039;aurez pas \u00e0 casser votre tirelire pour vous sentir confiante et sexy dans ce superbe ensemble de lingerie.<\/p>\n\n\n\n<figure class=\"wp-block-table is-style-stripes\"><table><tbody><tr><td colspan=\"8\">Carte du site (CM)<\/td><\/tr><tr><td>Taille<\/td><td>Longueur<\/td><td>\u00c9paule<\/td><td>Sous la poitrine<\/td><td>Taille<\/td><td>Culotte taille<\/td><td>Longueur culotte<\/td><td>Cuisse<\/td><\/tr><tr><td>S<\/td><td>17<\/td><td>33<\/td><td>69-86<\/td><td>62<\/td><td>64-94<\/td><td>26<\/td><td>44<\/td><\/tr><tr><td>M<\/td><td>17.8<\/td><td>33<\/td><td>73-90<\/td><td>66<\/td><td>68-98<\/td><td>27<\/td><td>46<\/td><\/tr><tr><td>L<\/td><td>18.6<\/td><td>33<\/td><td>77-94<\/td><td>70<\/td><td>70-102<\/td><td>28<\/td><td>48<\/td><\/tr><tr><td colspan=\"8\">Carte du site (POUCES)<\/td><\/tr><tr><td>Taille<\/td><td>Longueur<\/td><td>\u00c9paule<\/td><td>Sous la poitrine<\/td><td>Taille<\/td><td>Culotte taille<\/td><td>Longueur culotte<\/td><td>Cuisse<\/td><\/tr><tr><td>S<\/td><td>6.69&nbsp;<\/td><td>12.99<\/td><td>27.16-33.85<\/td><td>24.40&nbsp;<\/td><td>25.19-37.00<\/td><td>10.23<\/td><td>17.32<\/td><\/tr><tr><td>M<\/td><td>7.00&nbsp;<\/td><td>12.99<\/td><td>28.74-35.43<\/td><td>25.98<\/td><td>26.77-38.58<\/td><td>10.62<\/td><td>18.11<\/td><\/tr><tr><td>L<\/td><td>7.32&nbsp;<\/td><td>12.99<\/td><td>30.31-37<\/td><td>27.55<\/td><td>27.55-40.15<\/td><td>11.02&nbsp;<\/td><td>18.89&nbsp;<\/td><\/tr><tr><td colspan=\"8\">Note:<br>1. Il peut y avoir un \u00e9cart de 1 \u00e0 2 cm dans diff\u00e9rentes tailles, emplacements et \u00e9tirements de tissus. Le tableau des tailles est \u00e0 titre indicatif uniquement, il peut y avoir une petite diff\u00e9rence avec ce que vous obtenez.<br>2. Il existe 3 types d&#039;\u00e9lasticit\u00e9\u00a0: haute \u00e9lasticit\u00e9 (\u00e9tir\u00e9 des deux c\u00f4t\u00e9s), \u00e9lasticit\u00e9 moyenne (\u00e9tir\u00e9 d&#039;un c\u00f4t\u00e9) et non \u00e9lastique (ne peut pas \u00eatre \u00e9tir\u00e9).<br>3.La couleur peut \u00eatre plus claire ou plus fonc\u00e9e en raison de l&#039;affichage diff\u00e9rent du PC.<br>4. Lavez-le \u00e0 la main dans de l&#039;eau \u00e0 30 degr\u00e9s, suspendez-le pour s\u00e9cher \u00e0 l&#039;ombre, interdisez le blanchiment.<br>5.Il peut y avoir une l\u00e9g\u00e8re diff\u00e9rence sur les d\u00e9tails et le motif.<\/td><\/tr><\/tbody><\/table><\/figure>\n\n\n\n<p><\/p>","protected":false},"excerpt":{"rendered":"<p>Habill\u00e9 de charmante dentelle r\u00e9sille, cet ensemble est parfait pour ajouter une touche de glamour \u00e0 toute occasion intime. Confortable et flatteur, le tissu pr\u00e9sente une taille basse et une maille transparente pour un look audacieux et ludique, ce qui en fait le compl\u00e9ment parfait \u00e0 votre collection de lingerie.<\/p>","protected":false},"featured_media":39519,"template":"","meta":[],"product_brand":[],"product_cat":[368,374,369,367],"product_tag":[868,861,522,870,875,532,446,453,865],"class_list":{"0":"post-39514","1":"product","2":"type-product","3":"status-publish","4":"has-post-thumbnail","6":"product_cat-bra-panty-set","7":"product_cat-wholesale-garter-belt-set","8":"product_cat-wholesale-lace-bra-and-panty-sets","9":"product_cat-sexy-lingerie","10":"product_tag-4-piece-lingerie-set","11":"product_tag-brunette-lingerie","12":"product_tag-eyelash-lingerie","13":"product_tag-floral-lingerie","14":"product_tag-lace-sexy-lingerie","15":"product_tag-lingerie-suspender-set","16":"product_tag-wholesale-sexy-see-through-lingerie","17":"product_tag-wholesale-sexy-naughty-lingerie","18":"product_tag-sexy-skimpy-lingerie","19":"pa_color-black","20":"pa_cup-wholesale-half-cup-women-sexy-lingerie","21":"pa_size-wholesale-large-size-women-sexy-lingerie","22":"pa_size-wholesale-medium-size-women-sexy-lingerie","23":"pa_size-wholesale-small-size-sexy-lingerie","25":"first","26":"instock","27":"taxable","28":"shipping-taxable","29":"purchasable","30":"product-type-variable"},"tiered_pricing_type":"fixed","tiered_pricing_fixed_rules":[],"tiered_pricing_product_settings":{"layout":"default","base_unit_name":{"singular":null,"plural":null},"default_variation":null},"tiered_pricing_minimum_quantity":null,"tiered_pricing_roles_data":{"default_wholesaler":{"product_id":39514,"role":"default_wholesaler","pricing_type":"flat","regular_price":null,"sale_price":null,"discount":null,"discount_type":"sale_price","tiered_pricing_type":"fixed","percentage_rules":[],"fixed_rules":{"2":"11.99","30":"10.29","500":"8.99"},"minimum":null},"dropshippinger":{"product_id":39514,"role":"dropshippinger","pricing_type":"flat","regular_price":null,"sale_price":null,"discount":null,"discount_type":"sale_price","tiered_pricing_type":"fixed","percentage_rules":[],"fixed_rules":{"1":"14.39","5":"11.99","30":"8.99"},"minimum":null}},"tiered_pricing_percentage_rules":[],"tiered_pricing_maximum_quantity":null,"tiered_pricing_quantity_step":null,"_links":{"self":[{"href":"https:\/\/gretasexylingerie.com\/fr\/wp-json\/wp\/v2\/product\/39514","targetHints":{"allow":["GET"]}}],"collection":[{"href":"https:\/\/gretasexylingerie.com\/fr\/wp-json\/wp\/v2\/product"}],"about":[{"href":"https:\/\/gretasexylingerie.com\/fr\/wp-json\/wp\/v2\/types\/product"}],"wp:featuredmedia":[{"embeddable":true,"href":"https:\/\/gretasexylingerie.com\/fr\/wp-json\/wp\/v2\/media\/39519"}],"wp:attachment":[{"href":"https:\/\/gretasexylingerie.com\/fr\/wp-json\/wp\/v2\/media?parent=39514"}],"wp:term":[{"taxonomy":"product_brand","embeddable":true,"href":"https:\/\/gretasexylingerie.com\/fr\/wp-json\/wp\/v2\/product_brand?post=39514"},{"taxonomy":"product_cat","embeddable":true,"href":"https:\/\/gretasexylingerie.com\/fr\/wp-json\/wp\/v2\/product_cat?post=39514"},{"taxonomy":"product_tag","embeddable":true,"href":"https:\/\/gretasexylingerie.com\/fr\/wp-json\/wp\/v2\/product_tag?post=39514"}],"curies":[{"name":"wp","href":"https:\/\/api.w.org\/{rel}","templated":true}]}}