{"id":39444,"date":"2023-04-18T20:08:39","date_gmt":"2023-04-18T12:08:39","guid":{"rendered":"https:\/\/gretasexylingerie.com\/?post_type=product&#038;p=39444"},"modified":"2023-11-10T21:53:11","modified_gmt":"2023-11-10T13:53:11","slug":"ensemble-de-lingerie-sexy-ajoure-brode","status":"publish","type":"product","link":"https:\/\/gretasexylingerie.com\/fr\/products\/embroidered-hollow-sexy-lingerie-sexy-set\/","title":{"rendered":"Ensemble sexy de lingerie sexy creuse brod\u00e9e"},"content":{"rendered":"<p>1. Broderie exquise : l&#039;ensemble sexy de lingerie sexy creuse brod\u00e9e pr\u00e9sente une broderie complexe et magnifique qui ajoute une touche d&#039;\u00e9l\u00e9gance et de luxe \u00e0 votre collection de lingerie.<\/p>\n\n\n\n<p>2. Confortable et respirant : fabriqu\u00e9 \u00e0 partir de mat\u00e9riaux doux et l\u00e9gers, cet ensemble de lingerie est con\u00e7u pour \u00eatre confortable et respirant, afin que vous puissiez vous sentir en confiance et \u00e0 l&#039;aise tout au long de la journ\u00e9e.<\/p>\n\n\n\n<p>3. Tenue polyvalente : cet ensemble de lingerie est suffisamment polyvalent pour \u00eatre port\u00e9 \u00e0 la fois comme sous-v\u00eatement et v\u00eatement d&#039;ext\u00e9rieur, ce qui en fait un excellent ajout \u00e0 toute garde-robe.<\/p>\n\n\n\n<p>4. Parfait pour les occasions sp\u00e9ciales : que vous recherchiez une soir\u00e9e romantique ou un \u00e9v\u00e9nement sp\u00e9cial, cet ensemble de lingerie est le choix parfait pour un look sexy et sophistiqu\u00e9 qui vous fera vous sentir confiant et autonome.<\/p>\n\n\n\n<figure class=\"wp-block-table\"><table><tbody><tr><td colspan=\"6\">Carte du site (CM)<\/td><\/tr><tr><td>Taille<\/td><td class=\"has-text-align-center\" data-align=\"center\">Hauteur de tasse<\/td><td class=\"has-text-align-center\" data-align=\"center\">Sous la poitrine<\/td><td class=\"has-text-align-center\" data-align=\"center\">Culotte taille<\/td><td class=\"has-text-align-center\" data-align=\"center\">Longueur culotte<\/td><td class=\"has-text-align-center\" data-align=\"center\">Taille<\/td><\/tr><tr><td>S<\/td><td class=\"has-text-align-center\" data-align=\"center\">12.5<\/td><td class=\"has-text-align-center\" data-align=\"center\">70-86<\/td><td class=\"has-text-align-center\" data-align=\"center\">66-96<\/td><td class=\"has-text-align-center\" data-align=\"center\">20<\/td><td class=\"has-text-align-center\" data-align=\"center\">58<\/td><\/tr><tr><td>M<\/td><td class=\"has-text-align-center\" data-align=\"center\">13.5<\/td><td class=\"has-text-align-center\" data-align=\"center\">74-90<\/td><td class=\"has-text-align-center\" data-align=\"center\">70-100<\/td><td class=\"has-text-align-center\" data-align=\"center\">21<\/td><td class=\"has-text-align-center\" data-align=\"center\">62<\/td><\/tr><tr><td>L<\/td><td class=\"has-text-align-center\" data-align=\"center\">14.5<\/td><td class=\"has-text-align-center\" data-align=\"center\">78-94<\/td><td class=\"has-text-align-center\" data-align=\"center\">74-104<\/td><td class=\"has-text-align-center\" data-align=\"center\">22<\/td><td class=\"has-text-align-center\" data-align=\"center\">67<\/td><\/tr><tr><td colspan=\"6\">Carte du site (POUCES)<\/td><\/tr><tr><td>Taille<\/td><td class=\"has-text-align-center\" data-align=\"center\">Hauteur de tasse<\/td><td class=\"has-text-align-center\" data-align=\"center\">Sous la poitrine<\/td><td class=\"has-text-align-center\" data-align=\"center\">Culotte taille<\/td><td class=\"has-text-align-center\" data-align=\"center\">Longueur culotte<\/td><td class=\"has-text-align-center\" data-align=\"center\">Taille<\/td><\/tr><tr><td>S<\/td><td class=\"has-text-align-center\" data-align=\"center\">4.92<\/td><td class=\"has-text-align-center\" data-align=\"center\">27.55-33.85<\/td><td class=\"has-text-align-center\" data-align=\"center\">25.19-37.79<\/td><td class=\"has-text-align-center\" data-align=\"center\">7.87<\/td><td class=\"has-text-align-center\" data-align=\"center\">22.83<\/td><\/tr><tr><td>M<\/td><td class=\"has-text-align-center\" data-align=\"center\">5.31<\/td><td class=\"has-text-align-center\" data-align=\"center\">29.13-35.43<\/td><td class=\"has-text-align-center\" data-align=\"center\">26.77-39.37<\/td><td class=\"has-text-align-center\" data-align=\"center\">8.26<\/td><td class=\"has-text-align-center\" data-align=\"center\">24.40&nbsp;<\/td><\/tr><tr><td>L<\/td><td class=\"has-text-align-center\" data-align=\"center\">5.70&nbsp;<\/td><td class=\"has-text-align-center\" data-align=\"center\">30.70-37.00<\/td><td class=\"has-text-align-center\" data-align=\"center\">28.34-40.94<\/td><td class=\"has-text-align-center\" data-align=\"center\">8.66&nbsp;<\/td><td class=\"has-text-align-center\" data-align=\"center\">26.37&nbsp;<\/td><\/tr><tr><td colspan=\"6\">Note:<br>1. Il peut y avoir un \u00e9cart de 1 \u00e0 2 cm dans diff\u00e9rentes tailles, emplacements et \u00e9tirements de tissus. Le tableau des tailles est \u00e0 titre indicatif uniquement, il peut y avoir une petite diff\u00e9rence avec ce que vous obtenez.<br>2. Il existe 3 types d&#039;\u00e9lasticit\u00e9\u00a0: haute \u00e9lasticit\u00e9 (\u00e9tir\u00e9 des deux c\u00f4t\u00e9s), \u00e9lasticit\u00e9 moyenne (\u00e9tir\u00e9 d&#039;un c\u00f4t\u00e9) et non \u00e9lastique (ne peut pas \u00eatre \u00e9tir\u00e9).<br>3.La couleur peut \u00eatre plus claire ou plus fonc\u00e9e en raison de l&#039;affichage diff\u00e9rent du PC.<br>4. Lavez-le \u00e0 la main dans de l&#039;eau \u00e0 30 degr\u00e9s, suspendez-le pour s\u00e9cher \u00e0 l&#039;ombre, interdisez le blanchiment.<br>5.Il peut y avoir une l\u00e9g\u00e8re diff\u00e9rence sur les d\u00e9tails et le motif.<\/td><\/tr><\/tbody><\/table><\/figure>\n\n\n\n<p><\/p>","protected":false},"excerpt":{"rendered":"<p>Les ensembles pr\u00e9sentent tous de superbes d\u00e9coupes pour ajouter du glamour \u00e0 votre look, tandis que les bretelles et les bretelles r\u00e9glables offrent un ajustement personnalisable pour chaque forme de corps. Ne vous contentez pas de sous-v\u00eatements unis, portez des costumes sexy de lingerie sexy brod\u00e9s, entrez dans le monde de la s\u00e9duction ultime.<\/p>\n<p>https:\/\/youtu.be\/PJ8shHTwhKo<\/p>","protected":false},"featured_media":39452,"template":"","meta":[],"product_brand":[],"product_cat":[368,374,367,375],"product_tag":[868,512,861,454,518,451,446,864],"class_list":{"0":"post-39444","1":"product","2":"type-product","3":"status-publish","4":"has-post-thumbnail","6":"product_cat-bra-panty-set","7":"product_cat-wholesale-garter-belt-set","8":"product_cat-sexy-lingerie","9":"product_cat-whoelsale-sheer-bra-and-panty-sets","10":"product_tag-4-piece-lingerie-set","11":"product_tag-bow-lingerie","12":"product_tag-brunette-lingerie","13":"product_tag-wholesale-sexy-embroidered-lingerie","14":"product_tag-mesh-lingerie","15":"product_tag-wholesale-revealing-lingerie","16":"product_tag-wholesale-sexy-see-through-lingerie","17":"product_tag-sexy-petite-lingerie","18":"pa_color-black","19":"pa_color-red-women-sexy-lingerie","20":"pa_cup-wholesale-half-cup-women-sexy-lingerie","21":"pa_size-wholesale-large-size-women-sexy-lingerie","22":"pa_size-wholesale-medium-size-women-sexy-lingerie","23":"pa_size-wholesale-small-size-sexy-lingerie","25":"first","26":"instock","27":"taxable","28":"shipping-taxable","29":"purchasable","30":"product-type-variable"},"tiered_pricing_type":"fixed","tiered_pricing_fixed_rules":[],"tiered_pricing_product_settings":{"layout":"default","base_unit_name":{"singular":null,"plural":null},"default_variation":{}},"tiered_pricing_minimum_quantity":null,"tiered_pricing_roles_data":{"default_wholesaler":{"product_id":39444,"role":"default_wholesaler","pricing_type":"flat","regular_price":null,"sale_price":null,"discount":null,"discount_type":"sale_price","tiered_pricing_type":"fixed","percentage_rules":[],"fixed_rules":{"2":"9.69","30":"8.29","500":"7.29"},"minimum":null},"dropshippinger":{"product_id":39444,"role":"dropshippinger","pricing_type":"flat","regular_price":null,"sale_price":null,"discount":null,"discount_type":"sale_price","tiered_pricing_type":"fixed","percentage_rules":[],"fixed_rules":{"1":"11.59","5":"9.69","30":"7.29"},"minimum":null}},"tiered_pricing_percentage_rules":[],"tiered_pricing_maximum_quantity":null,"tiered_pricing_quantity_step":null,"_links":{"self":[{"href":"https:\/\/gretasexylingerie.com\/fr\/wp-json\/wp\/v2\/product\/39444","targetHints":{"allow":["GET"]}}],"collection":[{"href":"https:\/\/gretasexylingerie.com\/fr\/wp-json\/wp\/v2\/product"}],"about":[{"href":"https:\/\/gretasexylingerie.com\/fr\/wp-json\/wp\/v2\/types\/product"}],"wp:featuredmedia":[{"embeddable":true,"href":"https:\/\/gretasexylingerie.com\/fr\/wp-json\/wp\/v2\/media\/39452"}],"wp:attachment":[{"href":"https:\/\/gretasexylingerie.com\/fr\/wp-json\/wp\/v2\/media?parent=39444"}],"wp:term":[{"taxonomy":"product_brand","embeddable":true,"href":"https:\/\/gretasexylingerie.com\/fr\/wp-json\/wp\/v2\/product_brand?post=39444"},{"taxonomy":"product_cat","embeddable":true,"href":"https:\/\/gretasexylingerie.com\/fr\/wp-json\/wp\/v2\/product_cat?post=39444"},{"taxonomy":"product_tag","embeddable":true,"href":"https:\/\/gretasexylingerie.com\/fr\/wp-json\/wp\/v2\/product_tag?post=39444"}],"curies":[{"name":"wp","href":"https:\/\/api.w.org\/{rel}","templated":true}]}}