{"id":39428,"date":"2023-04-17T23:03:17","date_gmt":"2023-04-17T15:03:17","guid":{"rendered":"https:\/\/gretasexylingerie.com\/?post_type=product&#038;p=39428"},"modified":"2023-09-05T20:51:14","modified_gmt":"2023-09-05T12:51:14","slug":"combinaison-sexy-lingerie-creuse","status":"publish","type":"product","link":"https:\/\/gretasexylingerie.com\/fr\/products\/sexy-jumpsuit-hollow-lingerie\/","title":{"rendered":"Combinaison Sexy Lingerie Creuse"},"content":{"rendered":"<p>1. Design unique : le sous-v\u00eatement Sexy Jumpsuit Hollow pr\u00e9sente un design unique et \u00e9l\u00e9gant qui le distingue des autres options de lingerie et de sous-v\u00eatements.<\/p>\n\n\n\n<p>2. Coupe confortable : fabriqu\u00e9e \u00e0 partir de mat\u00e9riaux de haute qualit\u00e9, cette combinaison offre une coupe confortable et respirante qui vous fera sentir confiante et sexy tout au long de la journ\u00e9e.<\/p>\n\n\n\n<p>3. Tenue polyvalente : le sous-v\u00eatement Sexy Jumpsuit Hollow est suffisamment polyvalent pour \u00eatre port\u00e9 \u00e0 la fois comme sous-v\u00eatement et v\u00eatement d&#039;ext\u00e9rieur, ce qui en fait un excellent ajout \u00e0 toute garde-robe.<\/p>\n\n\n\n<p>4. Parfait pour les occasions sp\u00e9ciales : que vous vous pr\u00e9pariez pour une soir\u00e9e romantique ou un \u00e9v\u00e9nement sp\u00e9cial, cette combinaison est le choix parfait pour un look audacieux et sexy qui fera tourner les t\u00eates.<\/p>\n\n\n\n<figure class=\"wp-block-table is-style-stripes\"><table class=\"has-fixed-layout\"><tbody><tr><td colspan=\"5\">Carte du site (CM)<\/td><\/tr><tr><td>Taille<\/td><td class=\"has-text-align-center\" data-align=\"center\">Longueur<\/td><td class=\"has-text-align-center\" data-align=\"center\">Sous la poitrine<\/td><td class=\"has-text-align-center\" data-align=\"center\">Taille<\/td><td class=\"has-text-align-center\" data-align=\"center\">Hanche<\/td><\/tr><tr><td>S<\/td><td class=\"has-text-align-center\" data-align=\"center\">55<\/td><td class=\"has-text-align-center\" data-align=\"center\">68-86<\/td><td class=\"has-text-align-center\" data-align=\"center\">64-96<\/td><td class=\"has-text-align-center\" data-align=\"center\">68-86<\/td><\/tr><tr><td>M<\/td><td class=\"has-text-align-center\" data-align=\"center\">56.5<\/td><td class=\"has-text-align-center\" data-align=\"center\">72-90<\/td><td class=\"has-text-align-center\" data-align=\"center\">68-100<\/td><td class=\"has-text-align-center\" data-align=\"center\">72-90<\/td><\/tr><tr><td>L<\/td><td class=\"has-text-align-center\" data-align=\"center\">58<\/td><td class=\"has-text-align-center\" data-align=\"center\">76-94<\/td><td class=\"has-text-align-center\" data-align=\"center\">72-104<\/td><td class=\"has-text-align-center\" data-align=\"center\">76-94<\/td><\/tr><tr><td colspan=\"5\">Carte du site (POUCES)<\/td><\/tr><tr><td>Taille<\/td><td class=\"has-text-align-center\" data-align=\"center\">Longueur<\/td><td class=\"has-text-align-center\" data-align=\"center\">Sous la poitrine<\/td><td class=\"has-text-align-center\" data-align=\"center\">Taille<\/td><td class=\"has-text-align-center\" data-align=\"center\">Hanche<\/td><\/tr><tr><td>S<\/td><td class=\"has-text-align-center\" data-align=\"center\">21.65<\/td><td class=\"has-text-align-center\" data-align=\"center\">26.77-33.85<\/td><td class=\"has-text-align-center\" data-align=\"center\">25.19-37.79<\/td><td class=\"has-text-align-center\" data-align=\"center\">26.77-33.85<\/td><\/tr><tr><td>M<\/td><td class=\"has-text-align-center\" data-align=\"center\">22.24<\/td><td class=\"has-text-align-center\" data-align=\"center\">28.34-35.43<\/td><td class=\"has-text-align-center\" data-align=\"center\">26.77-39.37<\/td><td class=\"has-text-align-center\" data-align=\"center\">28.34-35.43<\/td><\/tr><tr><td>L<\/td><td class=\"has-text-align-center\" data-align=\"center\">22.83<\/td><td class=\"has-text-align-center\" data-align=\"center\">29.92-37.00<\/td><td class=\"has-text-align-center\" data-align=\"center\">28.34-40.94<\/td><td class=\"has-text-align-center\" data-align=\"center\">29.92-37.00<\/td><\/tr><tr><td colspan=\"5\">Note:<br>1. Il peut y avoir un \u00e9cart de 1 \u00e0 2 cm dans diff\u00e9rentes tailles, emplacements et \u00e9tirements de tissus. Le tableau des tailles est \u00e0 titre indicatif uniquement, il peut y avoir une petite diff\u00e9rence avec ce que vous obtenez.<br>2. Il existe 3 types d&#039;\u00e9lasticit\u00e9\u00a0: haute \u00e9lasticit\u00e9 (\u00e9tir\u00e9 des deux c\u00f4t\u00e9s), \u00e9lasticit\u00e9 moyenne (\u00e9tir\u00e9 d&#039;un c\u00f4t\u00e9) et non \u00e9lastique (ne peut pas \u00eatre \u00e9tir\u00e9).<br>3.La couleur peut \u00eatre plus claire ou plus fonc\u00e9e en raison de l&#039;affichage diff\u00e9rent du PC.<br>4. Lavez-le \u00e0 la main dans de l&#039;eau \u00e0 30 degr\u00e9s, suspendez-le pour s\u00e9cher \u00e0 l&#039;ombre, interdisez le blanchiment.<br>5.Il peut y avoir une l\u00e9g\u00e8re diff\u00e9rence sur les d\u00e9tails et le motif.<\/td><\/tr><\/tbody><\/table><\/figure>\n\n\n\n<p><\/p>","protected":false},"excerpt":{"rendered":"<p>L&#039;ensemble de sous-v\u00eatements est compos\u00e9 d&#039;un mat\u00e9riau en maille de haute qualit\u00e9, doux au toucher et agr\u00e9able \u00e0 porter. Le design transparent ajoute un \u00e9l\u00e9ment sexy suppl\u00e9mentaire. C&#039;est le meilleur cadeau pour votre famille et votre amoureux.<\/p>","protected":false},"featured_media":39439,"template":"","meta":[],"product_brand":[],"product_cat":[370,371,367],"product_tag":[452,861,521,448,867,866,862],"class_list":{"0":"post-39428","1":"product","2":"type-product","3":"status-publish","4":"has-post-thumbnail","6":"product_cat-bodysuit","7":"product_cat-wholesale-sexy-lace-bodysuit","8":"product_cat-sexy-lingerie","9":"product_tag-wholesale-boudoir-lingerie","10":"product_tag-brunette-lingerie","11":"product_tag-deep-v-lingerie","12":"product_tag-wholesale-elegant-sexy-lingerie","13":"product_tag-sexy-push-up-lingerie","14":"product_tag-sexy-romper-lingerie","15":"product_tag-sexy-silk-lingerie","16":"pa_color-black","17":"pa_cup-wholesale-half-cup-women-sexy-lingerie","18":"pa_size-wholesale-large-size-women-sexy-lingerie","19":"pa_size-wholesale-medium-size-women-sexy-lingerie","20":"pa_size-wholesale-small-size-sexy-lingerie","22":"first","23":"instock","24":"taxable","25":"shipping-taxable","26":"purchasable","27":"product-type-variable"},"tiered_pricing_type":"fixed","tiered_pricing_fixed_rules":[],"tiered_pricing_product_settings":{"layout":"default","base_unit_name":{"singular":null,"plural":null},"default_variation":null},"tiered_pricing_minimum_quantity":null,"tiered_pricing_roles_data":{"default_wholesaler":{"product_id":39428,"role":"default_wholesaler","pricing_type":"flat","regular_price":null,"sale_price":null,"discount":null,"discount_type":"sale_price","tiered_pricing_type":"fixed","percentage_rules":[],"fixed_rules":{"2":"7.89","30":"6.79","500":"5.89"},"minimum":null},"dropshippinger":{"product_id":39428,"role":"dropshippinger","pricing_type":"flat","regular_price":null,"sale_price":null,"discount":null,"discount_type":"sale_price","tiered_pricing_type":"fixed","percentage_rules":[],"fixed_rules":{"1":"9.39","5":"7.89","30":"5.86"},"minimum":null}},"tiered_pricing_percentage_rules":[],"tiered_pricing_maximum_quantity":null,"tiered_pricing_quantity_step":null,"_links":{"self":[{"href":"https:\/\/gretasexylingerie.com\/fr\/wp-json\/wp\/v2\/product\/39428","targetHints":{"allow":["GET"]}}],"collection":[{"href":"https:\/\/gretasexylingerie.com\/fr\/wp-json\/wp\/v2\/product"}],"about":[{"href":"https:\/\/gretasexylingerie.com\/fr\/wp-json\/wp\/v2\/types\/product"}],"wp:featuredmedia":[{"embeddable":true,"href":"https:\/\/gretasexylingerie.com\/fr\/wp-json\/wp\/v2\/media\/39439"}],"wp:attachment":[{"href":"https:\/\/gretasexylingerie.com\/fr\/wp-json\/wp\/v2\/media?parent=39428"}],"wp:term":[{"taxonomy":"product_brand","embeddable":true,"href":"https:\/\/gretasexylingerie.com\/fr\/wp-json\/wp\/v2\/product_brand?post=39428"},{"taxonomy":"product_cat","embeddable":true,"href":"https:\/\/gretasexylingerie.com\/fr\/wp-json\/wp\/v2\/product_cat?post=39428"},{"taxonomy":"product_tag","embeddable":true,"href":"https:\/\/gretasexylingerie.com\/fr\/wp-json\/wp\/v2\/product_tag?post=39428"}],"curies":[{"name":"wp","href":"https:\/\/api.w.org\/{rel}","templated":true}]}}