{"id":39388,"date":"2023-04-17T22:30:57","date_gmt":"2023-04-17T14:30:57","guid":{"rendered":"https:\/\/gretasexylingerie.com\/?post_type=product&#038;p=39388"},"modified":"2023-10-22T22:32:33","modified_gmt":"2023-10-22T14:32:33","slug":"ensemble-de-lingerie-erotique-groupe","status":"publish","type":"product","link":"https:\/\/gretasexylingerie.com\/fr\/products\/bundled-erotic-lingerie-set\/","title":{"rendered":"Ensemble de lingerie \u00e9rotique group\u00e9"},"content":{"rendered":"<p>1. Design sexy et s\u00e9duisant : l&#039;ensemble de lingerie \u00e9rotique est con\u00e7u pour enflammer la passion et le d\u00e9sir, avec son design s\u00e9duisant et s\u00e9duisant. L&#039;ensemble comprend un soutien-gorge, une culotte, un porte-jarretelles et des bas de cuisse, tous fabriqu\u00e9s \u00e0 partir de dentelle transparente de haute qualit\u00e9 qui cr\u00e9e un look irr\u00e9sistible et sexy.<\/p>\n\n\n\n<p>2.Confortable et de soutien : l&#039;ensemble de lingerie est fabriqu\u00e9 \u00e0 partir de mat\u00e9riaux doux et extensibles qui sont confortables et de soutien. Le soutien-gorge offre un soutien et un soul\u00e8vement suffisants, tandis que le porte-jarretelles et les bas restent bien en place sans glisser ni glisser vers le bas.<\/p>\n\n\n\n<p>3. Polyvalent et personnalisable : l&#039;ensemble de lingerie \u00e9rotique group\u00e9 peut \u00eatre port\u00e9 ensemble comme un ensemble complet ou m\u00e9lang\u00e9 et assorti avec d&#039;autres pi\u00e8ces de lingerie. Les bretelles r\u00e9glables et les crochets vous permettent de personnaliser la coupe et le style de chaque pi\u00e8ce en fonction de vos pr\u00e9f\u00e9rences et de votre morphologie.<\/p>\n\n\n\n<p>4. Luxe abordable : l&#039;ensemble de lingerie \u00e9rotique offre une exp\u00e9rience de lingerie luxueuse et haut de gamme \u00e0 un prix abordable. L&#039;ensemble est fabriqu\u00e9 \u00e0 partir de mat\u00e9riaux de haute qualit\u00e9 et pr\u00e9sente des d\u00e9tails complexes, ce qui en fait un ajout luxueux \u00e0 votre collection de lingerie sans vous ruiner. De plus, la polyvalence et la durabilit\u00e9 de l&#039;ensemble en font un excellent rapport qualit\u00e9-prix.<\/p>\n\n\n\n<figure class=\"wp-block-table is-style-stripes\"><table class=\"has-fixed-layout\"><tbody><tr><td colspan=\"5\">Carte du site (CM)<\/td><\/tr><tr><td>Taille<\/td><td class=\"has-text-align-center\" data-align=\"center\">Longueur<\/td><td class=\"has-text-align-center\" data-align=\"center\">Sous la poitrine<\/td><td class=\"has-text-align-center\" data-align=\"center\">Taille de pantalon<\/td><td>Longueur culotte<\/td><\/tr><tr><td>S<\/td><td class=\"has-text-align-center\" data-align=\"center\">44<\/td><td class=\"has-text-align-center\" data-align=\"center\">68-86<\/td><td class=\"has-text-align-center\" data-align=\"center\">67-96<\/td><td>23<\/td><\/tr><tr><td>M<\/td><td class=\"has-text-align-center\" data-align=\"center\">45<\/td><td class=\"has-text-align-center\" data-align=\"center\">72-90<\/td><td class=\"has-text-align-center\" data-align=\"center\">71-100<\/td><td>24<\/td><\/tr><tr><td>L<\/td><td class=\"has-text-align-center\" data-align=\"center\">46<\/td><td class=\"has-text-align-center\" data-align=\"center\">76-94<\/td><td class=\"has-text-align-center\" data-align=\"center\">75-104<\/td><td>25<\/td><\/tr><tr><td colspan=\"5\">Carte du site (POUCES)<\/td><\/tr><tr><td>Taille<\/td><td class=\"has-text-align-center\" data-align=\"center\">Longueur<\/td><td class=\"has-text-align-center\" data-align=\"center\">Sous la poitrine<\/td><td class=\"has-text-align-center\" data-align=\"center\">Taille de pantalon<\/td><td>Longueur culotte<\/td><\/tr><tr><td>S<\/td><td class=\"has-text-align-center\" data-align=\"center\">17.32<\/td><td class=\"has-text-align-center\" data-align=\"center\">26.77-33.85<\/td><td class=\"has-text-align-center\" data-align=\"center\">26.37-37.79<\/td><td>9.05<\/td><\/tr><tr><td>M<\/td><td class=\"has-text-align-center\" data-align=\"center\">17.71<\/td><td class=\"has-text-align-center\" data-align=\"center\">28.34-35.43<\/td><td class=\"has-text-align-center\" data-align=\"center\">27.95-39.37<\/td><td>9.44<\/td><\/tr><tr><td>L<\/td><td class=\"has-text-align-center\" data-align=\"center\">18.11<\/td><td class=\"has-text-align-center\" data-align=\"center\">29.92-37.00<\/td><td class=\"has-text-align-center\" data-align=\"center\">29.52-40.94<\/td><td>9.84&nbsp;<\/td><\/tr><tr><td colspan=\"5\">Note:<br>1. Il peut y avoir un \u00e9cart de 1 \u00e0 2 cm dans diff\u00e9rentes tailles, emplacements et \u00e9tirements de tissus. Le tableau des tailles est \u00e0 titre indicatif uniquement, il peut y avoir une petite diff\u00e9rence avec ce que vous obtenez.<br>2. Il existe 3 types d&#039;\u00e9lasticit\u00e9\u00a0: haute \u00e9lasticit\u00e9 (\u00e9tir\u00e9 des deux c\u00f4t\u00e9s), \u00e9lasticit\u00e9 moyenne (\u00e9tir\u00e9 d&#039;un c\u00f4t\u00e9) et non \u00e9lastique (ne peut pas \u00eatre \u00e9tir\u00e9).<br>3.La couleur peut \u00eatre plus claire ou plus fonc\u00e9e en raison de l&#039;affichage diff\u00e9rent du PC.<br>4. Lavez-le \u00e0 la main dans de l&#039;eau \u00e0 30 degr\u00e9s, suspendez-le pour s\u00e9cher \u00e0 l&#039;ombre, interdisez le blanchiment.<br>5.Il peut y avoir une l\u00e9g\u00e8re diff\u00e9rence sur les d\u00e9tails et le motif.<\/td><\/tr><\/tbody><\/table><\/figure>\n\n\n\n<p><\/p>","protected":false},"excerpt":{"rendered":"<p>Pr\u00e9sentation de l&#039;ensemble de lingerie \u00e9rotique Bundled, un ensemble de lingerie d&#039;un excellent rapport qualit\u00e9-prix pour les femmes qui veulent \u00eatre confiantes et attrayantes, des mat\u00e9riaux de haute qualit\u00e9 et des d\u00e9tails raffin\u00e9s font de cet ensemble un incontournable pour toute collection de lingerie.<\/p>\n<p>https:\/\/youtu.be\/x12DQQkcq7M<\/p>","protected":false},"featured_media":39395,"template":"","meta":[],"product_brand":[],"product_cat":[388,386,367],"product_tag":[861,880,453,447,504],"class_list":{"0":"post-39388","1":"product","2":"type-product","3":"status-publish","4":"has-post-thumbnail","6":"product_cat-wholesale-gartered-corset","7":"product_cat-sexy-bustiers","8":"product_cat-sexy-lingerie","9":"product_tag-brunette-lingerie","10":"product_tag-sexy-2-piece-lingerie","11":"product_tag-wholesale-sexy-naughty-lingerie","12":"product_tag-wholesale-strappy-sexy-lingerie","13":"product_tag-ultra-sexy","14":"pa_color-black","15":"pa_cup-full-cup","16":"pa_size-wholesale-large-size-women-sexy-lingerie","17":"pa_size-wholesale-medium-size-women-sexy-lingerie","18":"pa_size-wholesale-small-size-sexy-lingerie","20":"first","21":"instock","22":"taxable","23":"shipping-taxable","24":"purchasable","25":"product-type-variable"},"tiered_pricing_type":"fixed","tiered_pricing_fixed_rules":[],"tiered_pricing_product_settings":{"layout":"default","base_unit_name":{"singular":null,"plural":null},"default_variation":{}},"tiered_pricing_minimum_quantity":null,"tiered_pricing_roles_data":{"default_wholesaler":{"product_id":39388,"role":"default_wholesaler","pricing_type":"flat","regular_price":null,"sale_price":null,"discount":null,"discount_type":"sale_price","tiered_pricing_type":"fixed","percentage_rules":[],"fixed_rules":{"2":"10.19","30":"8.79","500":"7.69"},"minimum":null},"dropshippinger":{"product_id":39388,"role":"dropshippinger","pricing_type":"flat","regular_price":null,"sale_price":null,"discount":null,"discount_type":"sale_price","tiered_pricing_type":"fixed","percentage_rules":[],"fixed_rules":{"1":"12.19","5":"10.19","30":"7.69"},"minimum":null}},"tiered_pricing_percentage_rules":[],"tiered_pricing_maximum_quantity":null,"tiered_pricing_quantity_step":null,"_links":{"self":[{"href":"https:\/\/gretasexylingerie.com\/fr\/wp-json\/wp\/v2\/product\/39388","targetHints":{"allow":["GET"]}}],"collection":[{"href":"https:\/\/gretasexylingerie.com\/fr\/wp-json\/wp\/v2\/product"}],"about":[{"href":"https:\/\/gretasexylingerie.com\/fr\/wp-json\/wp\/v2\/types\/product"}],"wp:featuredmedia":[{"embeddable":true,"href":"https:\/\/gretasexylingerie.com\/fr\/wp-json\/wp\/v2\/media\/39395"}],"wp:attachment":[{"href":"https:\/\/gretasexylingerie.com\/fr\/wp-json\/wp\/v2\/media?parent=39388"}],"wp:term":[{"taxonomy":"product_brand","embeddable":true,"href":"https:\/\/gretasexylingerie.com\/fr\/wp-json\/wp\/v2\/product_brand?post=39388"},{"taxonomy":"product_cat","embeddable":true,"href":"https:\/\/gretasexylingerie.com\/fr\/wp-json\/wp\/v2\/product_cat?post=39388"},{"taxonomy":"product_tag","embeddable":true,"href":"https:\/\/gretasexylingerie.com\/fr\/wp-json\/wp\/v2\/product_tag?post=39388"}],"curies":[{"name":"wp","href":"https:\/\/api.w.org\/{rel}","templated":true}]}}