{"id":39380,"date":"2023-04-17T22:14:30","date_gmt":"2023-04-17T14:14:30","guid":{"rendered":"https:\/\/gretasexylingerie.com\/?post_type=product&#038;p=39380"},"modified":"2023-12-09T19:33:40","modified_gmt":"2023-12-09T11:33:40","slug":"ensemble-de-sous-vetements-sexy-en-maille-trois-pieces","status":"publish","type":"product","link":"https:\/\/gretasexylingerie.com\/fr\/products\/mesh-sexy-underwear-three-piece-set\/","title":{"rendered":"Ensemble de trois pi\u00e8ces de sous-v\u00eatements sexy en maille en gros"},"content":{"rendered":"<p>1. Design s\u00e9duisant et s\u00e9duisant : l&#039;ensemble trois pi\u00e8ces de sous-v\u00eatements sexy en maille est con\u00e7u pour vous faire sentir confiant, sexy et s\u00e9duisant. Le tissu en maille transparente et les d\u00e9tails \u00e0 lani\u00e8res cr\u00e9ent un look ultra-sexy parfait pour les occasions intimes ou comme pi\u00e8ce ma\u00eetresse de votre collection de lingerie.<\/p>\n\n\n\n<p>2. Confortable et respirant : l&#039;ensemble de sous-v\u00eatements est fabriqu\u00e9 \u00e0 partir de mat\u00e9riaux l\u00e9gers de haute qualit\u00e9, confortables et respirants. Le tissu en maille douce est doux contre votre peau, tandis que les bretelles r\u00e9glables et la taille \u00e9lastique assurent un ajustement confortable et s\u00fbr.<\/p>\n\n\n\n<p>3. Polyvalent et personnalisable : l&#039;ensemble trois pi\u00e8ces Mesh Sexy Underwear est livr\u00e9 avec une bralette, un string et un porte-jarretelles, qui peuvent \u00eatre port\u00e9s s\u00e9par\u00e9ment ou ensemble. Les bretelles et les crochets r\u00e9glables vous permettent de personnaliser l&#039;ajustement et le style en fonction de vos pr\u00e9f\u00e9rences.<\/p>\n\n\n\n<p>4. Luxe abordable : l&#039;ensemble trois pi\u00e8ces Mesh Sexy Underwear offre une exp\u00e9rience de lingerie haut de gamme \u00e0 un prix abordable. L&#039;ensemble est fabriqu\u00e9 \u00e0 partir de mat\u00e9riaux de haute qualit\u00e9 et pr\u00e9sente des d\u00e9tails complexes, ce qui en fait un ajout luxueux \u00e0 votre collection de lingerie sans vous ruiner. De plus, la conception polyvalente et la durabilit\u00e9 de l&#039;ensemble en font un excellent rapport qualit\u00e9-prix.<\/p>\n\n\n\n<figure class=\"wp-block-table\"><table class=\"has-fixed-layout\"><tbody><tr><td colspan=\"8\">Carte du site (CM)<\/td><\/tr><tr><td>Taille<\/td><td class=\"has-text-align-center\" data-align=\"center\">Longueur du haut<\/td><td class=\"has-text-align-center\" data-align=\"center\">Cou<\/td><td class=\"has-text-align-center\" data-align=\"center\">Sous la poitrine<\/td><td class=\"has-text-align-center\" data-align=\"center\">Taille<\/td><td class=\"has-text-align-center\" data-align=\"center\">Tour de pied<\/td><td class=\"has-text-align-center\" data-align=\"center\">Culotte taille<\/td><td class=\"has-text-align-center\" data-align=\"center\">Longueur culotte<\/td><\/tr><tr><td>S<\/td><td class=\"has-text-align-center\" data-align=\"center\">19<\/td><td class=\"has-text-align-center\" data-align=\"center\">36<\/td><td class=\"has-text-align-center\" data-align=\"center\">59-86<\/td><td class=\"has-text-align-center\" data-align=\"center\">64-96<\/td><td class=\"has-text-align-center\" data-align=\"center\">46<\/td><td class=\"has-text-align-center\" data-align=\"center\">86-98<\/td><td class=\"has-text-align-center\" data-align=\"center\">21<\/td><\/tr><tr><td>M<\/td><td class=\"has-text-align-center\" data-align=\"center\">20<\/td><td class=\"has-text-align-center\" data-align=\"center\">37.5<\/td><td class=\"has-text-align-center\" data-align=\"center\">63-90<\/td><td class=\"has-text-align-center\" data-align=\"center\">68-100<\/td><td class=\"has-text-align-center\" data-align=\"center\">48<\/td><td class=\"has-text-align-center\" data-align=\"center\">90-102<\/td><td class=\"has-text-align-center\" data-align=\"center\">22<\/td><\/tr><tr><td>L<\/td><td class=\"has-text-align-center\" data-align=\"center\">21<\/td><td class=\"has-text-align-center\" data-align=\"center\">39<\/td><td class=\"has-text-align-center\" data-align=\"center\">67-94<\/td><td class=\"has-text-align-center\" data-align=\"center\">72-104<\/td><td class=\"has-text-align-center\" data-align=\"center\">50<\/td><td class=\"has-text-align-center\" data-align=\"center\">94-106<\/td><td class=\"has-text-align-center\" data-align=\"center\">23<\/td><\/tr><tr><td colspan=\"8\">Carte du site (POUCES)<\/td><\/tr><tr><td>Taille<\/td><td class=\"has-text-align-center\" data-align=\"center\">Longueur du haut<\/td><td class=\"has-text-align-center\" data-align=\"center\">Cou<\/td><td class=\"has-text-align-center\" data-align=\"center\">Sous la poitrine<\/td><td class=\"has-text-align-center\" data-align=\"center\">Taille<\/td><td class=\"has-text-align-center\" data-align=\"center\">Tour de pied<\/td><td class=\"has-text-align-center\" data-align=\"center\">Culotte taille<\/td><td class=\"has-text-align-center\" data-align=\"center\">Longueur culotte<\/td><\/tr><tr><td>S<\/td><td class=\"has-text-align-center\" data-align=\"center\">7.48<\/td><td class=\"has-text-align-center\" data-align=\"center\">14.17<\/td><td class=\"has-text-align-center\" data-align=\"center\">23.22-33.85<\/td><td class=\"has-text-align-center\" data-align=\"center\">25.19-37.79<\/td><td class=\"has-text-align-center\" data-align=\"center\">18.11<\/td><td class=\"has-text-align-center\" data-align=\"center\">35.03-38.58<\/td><td class=\"has-text-align-center\" data-align=\"center\">8.26<\/td><\/tr><tr><td>M<\/td><td class=\"has-text-align-center\" data-align=\"center\">7.87<\/td><td class=\"has-text-align-center\" data-align=\"center\">14.76<\/td><td class=\"has-text-align-center\" data-align=\"center\">24.80-35.43<\/td><td class=\"has-text-align-center\" data-align=\"center\">26.77-39.37<\/td><td class=\"has-text-align-center\" data-align=\"center\">18.89<\/td><td class=\"has-text-align-center\" data-align=\"center\">35.43-40.15<\/td><td class=\"has-text-align-center\" data-align=\"center\">8.66<\/td><\/tr><tr><td>L<\/td><td class=\"has-text-align-center\" data-align=\"center\">8.26<\/td><td class=\"has-text-align-center\" data-align=\"center\">15.35<\/td><td class=\"has-text-align-center\" data-align=\"center\">26.37-37.00<\/td><td class=\"has-text-align-center\" data-align=\"center\">28.36-40.94<\/td><td class=\"has-text-align-center\" data-align=\"center\">19.68<\/td><td class=\"has-text-align-center\" data-align=\"center\">37.00-41.73<\/td><td class=\"has-text-align-center\" data-align=\"center\">9.05<\/td><\/tr><tr><td colspan=\"8\">Note:<br>1. Il peut y avoir un \u00e9cart de 1 \u00e0 2 cm dans diff\u00e9rentes tailles, emplacements et \u00e9tirements de tissus. Le tableau des tailles est \u00e0 titre indicatif uniquement, il peut y avoir une petite diff\u00e9rence avec ce que vous obtenez.<br>2. Il existe 3 types d&#039;\u00e9lasticit\u00e9\u00a0: haute \u00e9lasticit\u00e9 (\u00e9tir\u00e9 des deux c\u00f4t\u00e9s), \u00e9lasticit\u00e9 moyenne (\u00e9tir\u00e9 d&#039;un c\u00f4t\u00e9) et non \u00e9lastique (ne peut pas \u00eatre \u00e9tir\u00e9).<br>3.La couleur peut \u00eatre plus claire ou plus fonc\u00e9e en raison de l&#039;affichage diff\u00e9rent du PC.<br>4. Lavez-le \u00e0 la main dans de l&#039;eau \u00e0 30 degr\u00e9s, suspendez-le pour s\u00e9cher \u00e0 l&#039;ombre, interdisez le blanchiment.<br>5.Il peut y avoir une l\u00e9g\u00e8re diff\u00e9rence sur les d\u00e9tails et le motif.<\/td><\/tr><\/tbody><\/table><\/figure>","protected":false},"excerpt":{"rendered":"<p>L&#039;ensemble pr\u00e9sente une conception en maille unique qui permet de voir la peau pour un look s\u00e9duisant. La combinaison est fabriqu\u00e9e \u00e0 partir de mat\u00e9riaux de haute qualit\u00e9 pour assurer confort et durabilit\u00e9. Si vous souhaitez ajouter de l&#039;excitation et du flirt \u00e0 votre collection de lingerie, le trio de lingerie sexy en maille est parfait pour vous !<\/p>","protected":false},"featured_media":39385,"template":"","meta":[],"product_brand":[],"product_cat":[368,374,367,375],"product_tag":[868,532,518,524,973,446,865],"class_list":{"0":"post-39380","1":"product","2":"type-product","3":"status-publish","4":"has-post-thumbnail","6":"product_cat-bra-panty-set","7":"product_cat-wholesale-garter-belt-set","8":"product_cat-sexy-lingerie","9":"product_cat-whoelsale-sheer-bra-and-panty-sets","10":"product_tag-4-piece-lingerie-set","11":"product_tag-lingerie-suspender-set","12":"product_tag-mesh-lingerie","13":"product_tag-metal-lingerie","14":"product_tag-oem","15":"product_tag-wholesale-sexy-see-through-lingerie","16":"product_tag-sexy-skimpy-lingerie","17":"pa_color-yellow","18":"pa_cup-full-cup","19":"pa_size-wholesale-large-size-women-sexy-lingerie","20":"pa_size-wholesale-medium-size-women-sexy-lingerie","21":"pa_size-wholesale-small-size-sexy-lingerie","23":"first","24":"outofstock","25":"taxable","26":"shipping-taxable","27":"purchasable","28":"product-type-variable"},"tiered_pricing_type":"fixed","tiered_pricing_fixed_rules":[],"tiered_pricing_product_settings":{"layout":"default","base_unit_name":{"singular":null,"plural":null},"default_variation":null},"tiered_pricing_minimum_quantity":null,"tiered_pricing_roles_data":{"default_wholesaler":{"product_id":39380,"role":"default_wholesaler","pricing_type":"flat","regular_price":null,"sale_price":null,"discount":null,"discount_type":"sale_price","tiered_pricing_type":"fixed","percentage_rules":[],"fixed_rules":{"2":"7.89","30":"6.79","500":"5.89"},"minimum":null},"dropshippinger":{"product_id":39380,"role":"dropshippinger","pricing_type":"flat","regular_price":null,"sale_price":null,"discount":null,"discount_type":"sale_price","tiered_pricing_type":"fixed","percentage_rules":[],"fixed_rules":{"1":"9.39","5":"7.89","30":"5.89"},"minimum":null}},"tiered_pricing_percentage_rules":[],"tiered_pricing_maximum_quantity":null,"tiered_pricing_quantity_step":null,"_links":{"self":[{"href":"https:\/\/gretasexylingerie.com\/fr\/wp-json\/wp\/v2\/product\/39380","targetHints":{"allow":["GET"]}}],"collection":[{"href":"https:\/\/gretasexylingerie.com\/fr\/wp-json\/wp\/v2\/product"}],"about":[{"href":"https:\/\/gretasexylingerie.com\/fr\/wp-json\/wp\/v2\/types\/product"}],"wp:featuredmedia":[{"embeddable":true,"href":"https:\/\/gretasexylingerie.com\/fr\/wp-json\/wp\/v2\/media\/39385"}],"wp:attachment":[{"href":"https:\/\/gretasexylingerie.com\/fr\/wp-json\/wp\/v2\/media?parent=39380"}],"wp:term":[{"taxonomy":"product_brand","embeddable":true,"href":"https:\/\/gretasexylingerie.com\/fr\/wp-json\/wp\/v2\/product_brand?post=39380"},{"taxonomy":"product_cat","embeddable":true,"href":"https:\/\/gretasexylingerie.com\/fr\/wp-json\/wp\/v2\/product_cat?post=39380"},{"taxonomy":"product_tag","embeddable":true,"href":"https:\/\/gretasexylingerie.com\/fr\/wp-json\/wp\/v2\/product_tag?post=39380"}],"curies":[{"name":"wp","href":"https:\/\/api.w.org\/{rel}","templated":true}]}}