{"id":39274,"date":"2023-04-07T21:41:05","date_gmt":"2023-04-07T13:41:05","guid":{"rendered":"https:\/\/gretasexylingerie.com\/?post_type=product&#038;p=39274"},"modified":"2023-12-09T19:32:12","modified_gmt":"2023-12-09T11:32:12","slug":"ensemble-de-lingerie-sexy-en-maille-transparente","status":"publish","type":"product","link":"https:\/\/gretasexylingerie.com\/fr\/products\/mesh-see-through-sexy-lingerie-set\/","title":{"rendered":"Vente en gros Ensemble De Lingerie Sexy Transparent En Maille"},"content":{"rendered":"<p>1.L&#039;ensemble de lingerie sexy en maille transparente pr\u00e9sente un design unique et accrocheur qui ne manquera pas d&#039;attirer les regards. Le tissu en maille est transparent et ajoute une touche sexy \u00e0 l&#039;ensemble de lingerie, tandis que les d\u00e9tails et les motifs complexes le distinguent des autres ensembles de lingerie.<\/p>\n\n\n\n<p>2.CONFORTABLE FIT: Malgr\u00e9 son look sexy, cet ensemble de lingerie est \u00e9galement con\u00e7u pour le confort. Il est fabriqu\u00e9 \u00e0 partir d&#039;un tissu doux et l\u00e9ger qui repose sur votre peau pour un ajustement confortable tout au long de la journ\u00e9e. Le mat\u00e9riau extensible garantit qu&#039;il s&#039;adapte parfaitement \u00e0 votre corps sans se sentir trop serr\u00e9 ou restrictif.<\/p>\n\n\n\n<p>3. POLYVALENT ET FACILE \u00c0 PORTER: Cet ensemble de lingerie est polyvalent et peut \u00eatre port\u00e9 \u00e0 diverses occasions. Que vous cherchiez \u00e0 pimenter votre routine de chambre ou \u00e0 le porter sous vos v\u00eatements pour une surprise sexy, cet ensemble de lingerie est facile \u00e0 porter et parfait pour toutes les occasions.<\/p>\n\n\n\n<p>4. Mat\u00e9riau de haute qualit\u00e9 : l&#039;ensemble de lingerie sexy en maille transparente est fabriqu\u00e9 dans un mat\u00e9riau durable de haute qualit\u00e9. Le tissu durable et facile d&#039;entretien garantit que vous appr\u00e9cierez cet ensemble de sous-v\u00eatements pendant des ann\u00e9es. De plus, l&#039;ensemble a \u00e9t\u00e9 construit avec une attention aux d\u00e9tails afin que vous puissiez \u00eatre s\u00fbr de sa qualit\u00e9 et de son savoir-faire.<\/p>\n\n\n\n<figure class=\"wp-block-table aligncenter\"><table><tbody><tr><td class=\"has-text-align-center\" data-align=\"center\" colspan=\"6\">Carte du site (CM)<\/td><\/tr><tr><td class=\"has-text-align-center\" data-align=\"center\">Taille<\/td><td class=\"has-text-align-center\" data-align=\"center\">Sous la poitrine<\/td><td class=\"has-text-align-center\" data-align=\"center\">Culotte taille<\/td><td class=\"has-text-align-center\" data-align=\"center\">Longueur culotte<\/td><td class=\"has-text-align-center\" data-align=\"center\">Longueur<\/td><td class=\"has-text-align-center\" data-align=\"center\">Taille<\/td><\/tr><tr><td class=\"has-text-align-center\" data-align=\"center\">S<\/td><td class=\"has-text-align-center\" data-align=\"center\">66-88<\/td><td class=\"has-text-align-center\" data-align=\"center\">62-98<\/td><td class=\"has-text-align-center\" data-align=\"center\">22<\/td><td class=\"has-text-align-center\" data-align=\"center\">29<\/td><td class=\"has-text-align-center\" data-align=\"center\">62-96<\/td><\/tr><tr><td class=\"has-text-align-center\" data-align=\"center\">M<\/td><td class=\"has-text-align-center\" data-align=\"center\">70-92<\/td><td class=\"has-text-align-center\" data-align=\"center\">66-102<\/td><td class=\"has-text-align-center\" data-align=\"center\">23<\/td><td class=\"has-text-align-center\" data-align=\"center\">30<\/td><td class=\"has-text-align-center\" data-align=\"center\">66-100<\/td><\/tr><tr><td class=\"has-text-align-center\" data-align=\"center\">L<\/td><td class=\"has-text-align-center\" data-align=\"center\">74-96<\/td><td class=\"has-text-align-center\" data-align=\"center\">70-106<\/td><td class=\"has-text-align-center\" data-align=\"center\">24<\/td><td class=\"has-text-align-center\" data-align=\"center\">31<\/td><td class=\"has-text-align-center\" data-align=\"center\">70-104<\/td><\/tr><tr><td class=\"has-text-align-center\" data-align=\"center\" colspan=\"6\">Carte du site (POUCES)<\/td><\/tr><tr><td class=\"has-text-align-center\" data-align=\"center\">Taille<\/td><td class=\"has-text-align-center\" data-align=\"center\">Sous la poitrine<\/td><td class=\"has-text-align-center\" data-align=\"center\">Culotte taille<\/td><td class=\"has-text-align-center\" data-align=\"center\">Longueur culotte<\/td><td class=\"has-text-align-center\" data-align=\"center\">Longueur<\/td><td class=\"has-text-align-center\" data-align=\"center\">Taille<\/td><\/tr><tr><td class=\"has-text-align-center\" data-align=\"center\">S<\/td><td class=\"has-text-align-center\" data-align=\"center\">25.98-34.64<\/td><td class=\"has-text-align-center\" data-align=\"center\">24.40-38.58<\/td><td class=\"has-text-align-center\" data-align=\"center\">8.66<\/td><td class=\"has-text-align-center\" data-align=\"center\">11.41<\/td><td class=\"has-text-align-center\" data-align=\"center\">24.40-37.79<\/td><\/tr><tr><td class=\"has-text-align-center\" data-align=\"center\">M<\/td><td class=\"has-text-align-center\" data-align=\"center\">27.56-36.22<\/td><td class=\"has-text-align-center\" data-align=\"center\">25.98-40.15<\/td><td class=\"has-text-align-center\" data-align=\"center\">9.05<\/td><td class=\"has-text-align-center\" data-align=\"center\">11.81<\/td><td class=\"has-text-align-center\" data-align=\"center\">25.98-39.37<\/td><\/tr><tr><td class=\"has-text-align-center\" data-align=\"center\">L<\/td><td class=\"has-text-align-center\" data-align=\"center\">29.13-37.79<\/td><td class=\"has-text-align-center\" data-align=\"center\">27.56-41.73<\/td><td class=\"has-text-align-center\" data-align=\"center\">9.44<\/td><td class=\"has-text-align-center\" data-align=\"center\">12.20&nbsp;<\/td><td class=\"has-text-align-center\" data-align=\"center\">27.56-40.94<\/td><\/tr><\/tbody><\/table><\/figure>\n\n\n\n<p>.<\/p>","protected":false},"excerpt":{"rendered":"<p>L&#039;ensemble de lingerie est fait d&#039;un mat\u00e9riau en maille de haute qualit\u00e9, doux au toucher et confortable \u00e0 porter, et le design transparent ajoute un \u00e9l\u00e9ment sexy suppl\u00e9mentaire pour faire ressortir cet ensemble de lingerie.<\/p>","protected":false},"featured_media":39284,"template":"","meta":[],"product_brand":[],"product_cat":[368,367,375,376],"product_tag":[446,504],"class_list":{"0":"post-39274","1":"product","2":"type-product","3":"status-publish","4":"has-post-thumbnail","6":"product_cat-bra-panty-set","7":"product_cat-sexy-lingerie","8":"product_cat-whoelsale-sheer-bra-and-panty-sets","9":"product_cat-wholesale-ultra-sexy-bra-panty-set","10":"product_tag-wholesale-sexy-see-through-lingerie","11":"product_tag-ultra-sexy","12":"pa_color-black","13":"pa_color-red-women-sexy-lingerie","14":"pa_cup-wholesale-cupness-women-sexy-lingerie","15":"pa_size-wholesale-large-size-women-sexy-lingerie","16":"pa_size-wholesale-medium-size-women-sexy-lingerie","17":"pa_size-wholesale-small-size-sexy-lingerie","19":"first","20":"instock","21":"taxable","22":"shipping-taxable","23":"purchasable","24":"product-type-variable"},"tiered_pricing_type":"fixed","tiered_pricing_fixed_rules":[],"tiered_pricing_product_settings":{"layout":"default","base_unit_name":{"singular":null,"plural":null},"default_variation":null},"tiered_pricing_minimum_quantity":null,"tiered_pricing_roles_data":{"default_wholesaler":{"product_id":39274,"role":"default_wholesaler","pricing_type":"flat","regular_price":null,"sale_price":null,"discount":null,"discount_type":"sale_price","tiered_pricing_type":"fixed","percentage_rules":[],"fixed_rules":{"2":"8.39","30":"7.19","500":"6.29"},"minimum":null},"dropshippinger":{"product_id":39274,"role":"dropshippinger","pricing_type":"flat","regular_price":null,"sale_price":null,"discount":null,"discount_type":"sale_price","tiered_pricing_type":"fixed","percentage_rules":[],"fixed_rules":{"1":"9.99","5":"8.39","30":"6.29"},"minimum":null}},"tiered_pricing_percentage_rules":[],"tiered_pricing_maximum_quantity":null,"tiered_pricing_quantity_step":null,"_links":{"self":[{"href":"https:\/\/gretasexylingerie.com\/fr\/wp-json\/wp\/v2\/product\/39274","targetHints":{"allow":["GET"]}}],"collection":[{"href":"https:\/\/gretasexylingerie.com\/fr\/wp-json\/wp\/v2\/product"}],"about":[{"href":"https:\/\/gretasexylingerie.com\/fr\/wp-json\/wp\/v2\/types\/product"}],"wp:featuredmedia":[{"embeddable":true,"href":"https:\/\/gretasexylingerie.com\/fr\/wp-json\/wp\/v2\/media\/39284"}],"wp:attachment":[{"href":"https:\/\/gretasexylingerie.com\/fr\/wp-json\/wp\/v2\/media?parent=39274"}],"wp:term":[{"taxonomy":"product_brand","embeddable":true,"href":"https:\/\/gretasexylingerie.com\/fr\/wp-json\/wp\/v2\/product_brand?post=39274"},{"taxonomy":"product_cat","embeddable":true,"href":"https:\/\/gretasexylingerie.com\/fr\/wp-json\/wp\/v2\/product_cat?post=39274"},{"taxonomy":"product_tag","embeddable":true,"href":"https:\/\/gretasexylingerie.com\/fr\/wp-json\/wp\/v2\/product_tag?post=39274"}],"curies":[{"name":"wp","href":"https:\/\/api.w.org\/{rel}","templated":true}]}}