{"id":31608,"date":"2023-02-01T21:25:32","date_gmt":"2023-02-01T13:25:32","guid":{"rendered":"https:\/\/gretasexylingerie.com\/?post_type=product&#038;p=31608"},"modified":"2023-09-05T20:50:56","modified_gmt":"2023-09-05T12:50:56","slug":"culotte-en-dentelle-transparente-avec-noeud-en-maille","status":"publish","type":"product","link":"https:\/\/gretasexylingerie.com\/fr\/products\/transparent-mesh-bow-lace-panty\/","title":{"rendered":"Culotte en dentelle transparente avec n\u0153ud en maille"},"content":{"rendered":"<p>Caract\u00e9ristiques:<\/p>\n\n\n\n<p>1. D\u00e9coration exquise. Design crois\u00e9 avant et arri\u00e8re, n\u0153ud papillon dans le jeu, embellissement frais et \u00e9l\u00e9gant, exquis, style simple, temp\u00e9rament assez f\u00e9minin et \u00e9l\u00e9gant.<br>2. Aucune trace de bordure. La taille crois\u00e9e est fine et pr\u00e8s du corps, et le processus de couture est rigoureux, il n&#039;est donc pas facile d&#039;enlever le fil et de se d\u00e9chirer, et le tissu est lisse et doux au toucher.<br>3. Entrejambe respirant. Le mat\u00e9riau est fin et lisse, l&#039;entrejambe est confortable \u00e0 porter, l\u00e9ger et respirant.<br>4. Entrejambe ouvert sexy. Scientifiquement con\u00e7u, s\u00e9par\u00e9 au bon endroit, myst\u00e8re cach\u00e9 sexy, laissez votre amoureux ne peut pas s&#039;arr\u00eater.<\/p>","protected":false},"excerpt":{"rendered":"<p>Cette culotte transparente en dentelle avec n\u0153ud en maille est la combinaison parfaite de douceur et de sexy. Fabriqu\u00e9e \u00e0 partir d&#039;un tissu doux et extensible, elle est con\u00e7ue pour offrir un ajustement confortable et s\u00fbr. Avec Son Design F\u00e9minin Et Romantique, Cette Culotte Est Le Compl\u00e9ment Parfait \u00c0 Toute Collection De Lingerie.<\/p>","protected":false},"featured_media":31619,"template":"","meta":[],"product_brand":[],"product_cat":[402,401,399],"product_tag":[512,516,446],"class_list":{"0":"post-31608","1":"product","2":"type-product","3":"status-publish","4":"has-post-thumbnail","6":"product_cat-lace-panties","7":"product_cat-crotchless-panties","8":"product_cat-sexy-panty","9":"product_tag-bow-lingerie","10":"product_tag-lace-lingerie","11":"product_tag-wholesale-sexy-see-through-lingerie","12":"pa_color-black","13":"pa_color-pink-women-sexy-lingerie","14":"pa_color-red-women-sexy-lingerie","15":"pa_color-white","16":"pa_size-free","18":"first","19":"instock","20":"taxable","21":"shipping-taxable","22":"purchasable","23":"product-type-variable"},"tiered_pricing_type":"fixed","tiered_pricing_fixed_rules":[],"tiered_pricing_product_settings":{"layout":"default","base_unit_name":{"singular":null,"plural":null},"default_variation":null},"tiered_pricing_minimum_quantity":null,"tiered_pricing_roles_data":{"default_wholesaler":{"product_id":31608,"role":"default_wholesaler","pricing_type":"flat","regular_price":null,"sale_price":null,"discount":null,"discount_type":"sale_price","tiered_pricing_type":"fixed","percentage_rules":[],"fixed_rules":{"2":"1.39","100":"0.99","800":"0.69"},"minimum":null},"dropshippinger":{"product_id":31608,"role":"dropshippinger","pricing_type":"flat","regular_price":null,"sale_price":null,"discount":null,"discount_type":"sale_price","tiered_pricing_type":"fixed","percentage_rules":[],"fixed_rules":{"1":"1.89","30":"1.09","100":"0.99"},"minimum":null}},"tiered_pricing_percentage_rules":[],"tiered_pricing_maximum_quantity":null,"tiered_pricing_quantity_step":null,"_links":{"self":[{"href":"https:\/\/gretasexylingerie.com\/fr\/wp-json\/wp\/v2\/product\/31608","targetHints":{"allow":["GET"]}}],"collection":[{"href":"https:\/\/gretasexylingerie.com\/fr\/wp-json\/wp\/v2\/product"}],"about":[{"href":"https:\/\/gretasexylingerie.com\/fr\/wp-json\/wp\/v2\/types\/product"}],"wp:featuredmedia":[{"embeddable":true,"href":"https:\/\/gretasexylingerie.com\/fr\/wp-json\/wp\/v2\/media\/31619"}],"wp:attachment":[{"href":"https:\/\/gretasexylingerie.com\/fr\/wp-json\/wp\/v2\/media?parent=31608"}],"wp:term":[{"taxonomy":"product_brand","embeddable":true,"href":"https:\/\/gretasexylingerie.com\/fr\/wp-json\/wp\/v2\/product_brand?post=31608"},{"taxonomy":"product_cat","embeddable":true,"href":"https:\/\/gretasexylingerie.com\/fr\/wp-json\/wp\/v2\/product_cat?post=31608"},{"taxonomy":"product_tag","embeddable":true,"href":"https:\/\/gretasexylingerie.com\/fr\/wp-json\/wp\/v2\/product_tag?post=31608"}],"curies":[{"name":"wp","href":"https:\/\/api.w.org\/{rel}","templated":true}]}}