{"id":31400,"date":"2023-01-31T21:44:51","date_gmt":"2023-01-31T13:44:51","guid":{"rendered":"https:\/\/gretasexylingerie.com\/?post_type=product&#038;p=31400"},"modified":"2023-09-05T20:50:48","modified_gmt":"2023-09-05T12:50:48","slug":"collants-brillants-sans-coutures-a-lentrejambe","status":"publish","type":"product","link":"https:\/\/gretasexylingerie.com\/fr\/products\/shiny-t-crotch-seamless-crotchless-pantyhose\/","title":{"rendered":"Collants brillants sans entrejambe sans entrejambe en T"},"content":{"rendered":"<p>Caract\u00e9ristiques<\/p>\n\n\n\n<p>1. Conception d&#039;entrejambe ouverte \u00e0 chaud, pas besoin d&#039;attendre la passion. Collants 15d sans couture s\u00e9duisants \u00e0 l&#039;entrejambe en T, avec une conception ing\u00e9nieuse d&#039;ouverture \u00e0 l&#039;entrejambe, le jardin secret est enti\u00e8rement r\u00e9v\u00e9l\u00e9 et le feu est imparable.<br>2. Conception sans couture sur les c\u00f4t\u00e9s, allongeant les jambes. Doux pour la peau et confortable, le toucher l\u00e9ger n&#039;est pas serr\u00e9, pr\u00e8s de la courbe charmante, montrant des cuisses fines. La peau l\u00e9g\u00e8rement visible est plus attrayante sous les bas transparents.<br>3. Il n&#039;y a pas de motif constant sur l&#039;entrejambe du T, et il n&#039;y a pas d&#039;embarras \u00e0 r\u00e9v\u00e9ler le bas. La conception sans entrejambe a choqu\u00e9 ses nerfs optiques et son petit c\u0153ur.<\/p>","protected":false},"excerpt":{"rendered":"<p>Doublez votre sex-appeal avec les collants brillants sans entrejambe en T. Fabriqu\u00e9 en maille transparente hautement extensible, il a un entrejambe ouvert et est garni d&#039;une nuance noire \u00e0 l&#039;entrejambe.<\/p>","protected":false},"featured_media":31403,"template":"","meta":[],"product_brand":[],"product_cat":[412,414,411,404],"product_tag":[518,446,504],"class_list":{"0":"post-31400","1":"product","2":"type-product","3":"status-publish","4":"has-post-thumbnail","6":"product_cat-wholesale-crotchless-pantyhose","7":"product_cat-wholesale-sexy-nylon-pantyhose","8":"product_cat-sexy-pantyhose","9":"product_cat-sexy-stocking","10":"product_tag-mesh-lingerie","11":"product_tag-wholesale-sexy-see-through-lingerie","12":"product_tag-ultra-sexy","13":"pa_color-bisque-women-sexy-lingerie","14":"pa_color-black","15":"pa_color-white","17":"first","18":"instock","19":"taxable","20":"shipping-taxable","21":"purchasable","22":"product-type-variable"},"tiered_pricing_type":"fixed","tiered_pricing_fixed_rules":[],"tiered_pricing_product_settings":{"layout":"default","base_unit_name":{"singular":null,"plural":null},"default_variation":null},"tiered_pricing_minimum_quantity":null,"tiered_pricing_roles_data":{"default_wholesaler":{"product_id":31400,"role":"default_wholesaler","pricing_type":"flat","regular_price":null,"sale_price":null,"discount":null,"discount_type":"sale_price","tiered_pricing_type":"fixed","percentage_rules":[],"fixed_rules":{"2":"2.39","50":"1.89","800":"1.39"},"minimum":null},"dropshippinger":{"product_id":31400,"role":"dropshippinger","pricing_type":"flat","regular_price":null,"sale_price":null,"discount":null,"discount_type":"sale_price","tiered_pricing_type":"fixed","percentage_rules":[],"fixed_rules":{"1":"2.69","10":"2.39","50":"1.89"},"minimum":null}},"tiered_pricing_percentage_rules":[],"tiered_pricing_maximum_quantity":null,"tiered_pricing_quantity_step":null,"_links":{"self":[{"href":"https:\/\/gretasexylingerie.com\/fr\/wp-json\/wp\/v2\/product\/31400","targetHints":{"allow":["GET"]}}],"collection":[{"href":"https:\/\/gretasexylingerie.com\/fr\/wp-json\/wp\/v2\/product"}],"about":[{"href":"https:\/\/gretasexylingerie.com\/fr\/wp-json\/wp\/v2\/types\/product"}],"wp:featuredmedia":[{"embeddable":true,"href":"https:\/\/gretasexylingerie.com\/fr\/wp-json\/wp\/v2\/media\/31403"}],"wp:attachment":[{"href":"https:\/\/gretasexylingerie.com\/fr\/wp-json\/wp\/v2\/media?parent=31400"}],"wp:term":[{"taxonomy":"product_brand","embeddable":true,"href":"https:\/\/gretasexylingerie.com\/fr\/wp-json\/wp\/v2\/product_brand?post=31400"},{"taxonomy":"product_cat","embeddable":true,"href":"https:\/\/gretasexylingerie.com\/fr\/wp-json\/wp\/v2\/product_cat?post=31400"},{"taxonomy":"product_tag","embeddable":true,"href":"https:\/\/gretasexylingerie.com\/fr\/wp-json\/wp\/v2\/product_tag?post=31400"}],"curies":[{"name":"wp","href":"https:\/\/api.w.org\/{rel}","templated":true}]}}