{"id":31385,"date":"2023-01-31T20:28:34","date_gmt":"2023-01-31T12:28:34","guid":{"rendered":"https:\/\/gretasexylingerie.com\/?post_type=product&#038;p=31385"},"modified":"2023-09-05T20:50:47","modified_gmt":"2023-09-05T12:50:47","slug":"collants-sexy-et-seduisants-a-lentrejambe-ouvert-et-brillant","status":"publish","type":"product","link":"https:\/\/gretasexylingerie.com\/fr\/products\/seductive-sexy-high-gloss-crotchless-pantyhose\/","title":{"rendered":"Collants sexy sans entrejambe brillants et s\u00e9duisants"},"content":{"rendered":"<p>Caract\u00e9ristiques:<\/p>\n\n\n\n<p>1. Ceinture \u00e9lastique haute. La ceinture \u00e9lastique flexible s&#039;\u00e9tire librement, le haut du corps est doux et clair, resserre la peau autour de la taille et est confortable et pr\u00e8s du corps.<br>2. Dentelle sexy. La conception en dentelle \u00e0 l&#039;entrejambe donne non seulement aux gens une attitude rebelle, mais montre \u00e9galement une atmosph\u00e8re \u00e9l\u00e9gante et rythm\u00e9e, qui attend d&#039;\u00eatre conquise.<br>3. Sculpture double face. Envelopp\u00e9 de fleurs sculpt\u00e9es, envelopp\u00e9 entre ses jambes, impactant ses nerfs et battant son petit c\u0153ur.<br>4. Conception d&#039;entrejambe ouverte passionn\u00e9e, de sorte que le jardin secret soit sans aucun doute r\u00e9v\u00e9l\u00e9, avec un l\u00e9ger froncement de sourcils et un sourire, le feu du d\u00e9sir est imparable et la passion est sur le point de tirer.<\/p>","protected":false},"excerpt":{"rendered":"<p>Portez un style audacieux avec les collants s\u00e9duisants et sexy sans entrejambe. Fabriqu\u00e9 en soie Corespun de haute qualit\u00e9, design translucide, six choix de couleurs.<\/p>","protected":false},"featured_media":31387,"template":"","meta":[],"product_brand":[],"product_cat":[412,414,411,404],"product_tag":[452,448,518,446,504],"class_list":{"0":"post-31385","1":"product","2":"type-product","3":"status-publish","4":"has-post-thumbnail","6":"product_cat-wholesale-crotchless-pantyhose","7":"product_cat-wholesale-sexy-nylon-pantyhose","8":"product_cat-sexy-pantyhose","9":"product_cat-sexy-stocking","10":"product_tag-wholesale-boudoir-lingerie","11":"product_tag-wholesale-elegant-sexy-lingerie","12":"product_tag-mesh-lingerie","13":"product_tag-wholesale-sexy-see-through-lingerie","14":"product_tag-ultra-sexy","15":"pa_color-bisque-women-sexy-lingerie","16":"pa_color-black","17":"pa_color-grey","18":"pa_color-pink-women-sexy-lingerie","19":"pa_color-purple-women-sexy-lingerie","20":"pa_color-white","22":"first","23":"instock","24":"taxable","25":"shipping-taxable","26":"purchasable","27":"product-type-variable"},"tiered_pricing_type":"fixed","tiered_pricing_fixed_rules":[],"tiered_pricing_product_settings":{"layout":"default","base_unit_name":{"singular":null,"plural":null},"default_variation":null},"tiered_pricing_minimum_quantity":null,"tiered_pricing_roles_data":{"default_wholesaler":{"product_id":31385,"role":"default_wholesaler","pricing_type":"flat","regular_price":null,"sale_price":null,"discount":null,"discount_type":"sale_price","tiered_pricing_type":"fixed","percentage_rules":[],"fixed_rules":{"2":"1.59","50":"1.29","800":"0.89"},"minimum":null},"dropshippinger":{"product_id":31385,"role":"dropshippinger","pricing_type":"flat","regular_price":null,"sale_price":null,"discount":null,"discount_type":"sale_price","tiered_pricing_type":"fixed","percentage_rules":[],"fixed_rules":{"1":"1.79","10":"1.59","50":"1.29"},"minimum":null}},"tiered_pricing_percentage_rules":[],"tiered_pricing_maximum_quantity":null,"tiered_pricing_quantity_step":null,"_links":{"self":[{"href":"https:\/\/gretasexylingerie.com\/fr\/wp-json\/wp\/v2\/product\/31385","targetHints":{"allow":["GET"]}}],"collection":[{"href":"https:\/\/gretasexylingerie.com\/fr\/wp-json\/wp\/v2\/product"}],"about":[{"href":"https:\/\/gretasexylingerie.com\/fr\/wp-json\/wp\/v2\/types\/product"}],"wp:featuredmedia":[{"embeddable":true,"href":"https:\/\/gretasexylingerie.com\/fr\/wp-json\/wp\/v2\/media\/31387"}],"wp:attachment":[{"href":"https:\/\/gretasexylingerie.com\/fr\/wp-json\/wp\/v2\/media?parent=31385"}],"wp:term":[{"taxonomy":"product_brand","embeddable":true,"href":"https:\/\/gretasexylingerie.com\/fr\/wp-json\/wp\/v2\/product_brand?post=31385"},{"taxonomy":"product_cat","embeddable":true,"href":"https:\/\/gretasexylingerie.com\/fr\/wp-json\/wp\/v2\/product_cat?post=31385"},{"taxonomy":"product_tag","embeddable":true,"href":"https:\/\/gretasexylingerie.com\/fr\/wp-json\/wp\/v2\/product_tag?post=31385"}],"curies":[{"name":"wp","href":"https:\/\/api.w.org\/{rel}","templated":true}]}}