{"id":31376,"date":"2023-01-29T20:32:25","date_gmt":"2023-01-29T12:32:25","guid":{"rendered":"https:\/\/gretasexylingerie.com\/?post_type=product&#038;p=31376"},"modified":"2023-12-09T16:10:49","modified_gmt":"2023-12-09T08:10:49","slug":"collants-porte-jarretelles-jacquard-sexy","status":"publish","type":"product","link":"https:\/\/gretasexylingerie.com\/fr\/products\/sexy-jacquard-garter-belt-tights\/","title":{"rendered":"Collants porte-jarretelles sexy en jacquard"},"content":{"rendered":"<p>Caract\u00e9ristiques:<\/p>\n\n\n\n<p>1. Mat\u00e9riau en nylon super \u00e9lastique, structure en maille, tr\u00e8s fine et attrayante.<br>2. La structure en une seule pi\u00e8ce et la ceinture ondul\u00e9e rendent votre taille plus belle.<br>3. La dentelle sexy est comme un rideau de lit en d\u00e9sordre, ce qui rend votre amoureux encore plus insupportable \u00e0 voir.<br>4. Utilisez la technologie Jacquard pour cr\u00e9er une belle peinture de paysage dans l&#039;ensemble du produit, ce qui non seulement rend votre corps plus beau, mais rend \u00e9galement votre imagination folle.<\/p>","protected":false},"excerpt":{"rendered":"<p>Transformez-vous en reine sexy de la nuit avec les collants porte-jarretelles en jacquard sexy. Fabriqu\u00e9 en nylon hautement extensible, motif con\u00e7u, structure en maille hautement extensible, porte-jarretelles int\u00e9gr\u00e9.<\/p>","protected":false},"featured_media":31378,"template":"","meta":[],"product_brand":[],"product_cat":[416,414,411,404],"product_tag":[516,973,446,447,504],"class_list":{"0":"post-31376","1":"product","2":"type-product","3":"status-publish","4":"has-post-thumbnail","6":"product_cat-wholesale-suspender-pantyhose","7":"product_cat-wholesale-sexy-nylon-pantyhose","8":"product_cat-sexy-pantyhose","9":"product_cat-sexy-stocking","10":"product_tag-lace-lingerie","11":"product_tag-oem","12":"product_tag-wholesale-sexy-see-through-lingerie","13":"product_tag-wholesale-strappy-sexy-lingerie","14":"product_tag-ultra-sexy","15":"pa_color-black","16":"pa_size-free","18":"first","19":"instock","20":"taxable","21":"shipping-taxable","22":"purchasable","23":"product-type-variable"},"tiered_pricing_type":"fixed","tiered_pricing_fixed_rules":[],"tiered_pricing_product_settings":{"layout":"default","base_unit_name":{"singular":null,"plural":null},"default_variation":null},"tiered_pricing_minimum_quantity":null,"tiered_pricing_roles_data":{"default_wholesaler":{"product_id":31376,"role":"default_wholesaler","pricing_type":"flat","regular_price":null,"sale_price":null,"discount":null,"discount_type":"sale_price","tiered_pricing_type":"fixed","percentage_rules":[],"fixed_rules":{"2":"1.79","50":"1.49","800":"0.99"},"minimum":null},"dropshippinger":{"product_id":31376,"role":"dropshippinger","pricing_type":"flat","regular_price":null,"sale_price":null,"discount":null,"discount_type":"sale_price","tiered_pricing_type":"fixed","percentage_rules":[],"fixed_rules":{"1":"2.09","10":"1.79","50":"1.49"},"minimum":null}},"tiered_pricing_percentage_rules":[],"tiered_pricing_maximum_quantity":null,"tiered_pricing_quantity_step":null,"_links":{"self":[{"href":"https:\/\/gretasexylingerie.com\/fr\/wp-json\/wp\/v2\/product\/31376","targetHints":{"allow":["GET"]}}],"collection":[{"href":"https:\/\/gretasexylingerie.com\/fr\/wp-json\/wp\/v2\/product"}],"about":[{"href":"https:\/\/gretasexylingerie.com\/fr\/wp-json\/wp\/v2\/types\/product"}],"wp:featuredmedia":[{"embeddable":true,"href":"https:\/\/gretasexylingerie.com\/fr\/wp-json\/wp\/v2\/media\/31378"}],"wp:attachment":[{"href":"https:\/\/gretasexylingerie.com\/fr\/wp-json\/wp\/v2\/media?parent=31376"}],"wp:term":[{"taxonomy":"product_brand","embeddable":true,"href":"https:\/\/gretasexylingerie.com\/fr\/wp-json\/wp\/v2\/product_brand?post=31376"},{"taxonomy":"product_cat","embeddable":true,"href":"https:\/\/gretasexylingerie.com\/fr\/wp-json\/wp\/v2\/product_cat?post=31376"},{"taxonomy":"product_tag","embeddable":true,"href":"https:\/\/gretasexylingerie.com\/fr\/wp-json\/wp\/v2\/product_tag?post=31376"}],"curies":[{"name":"wp","href":"https:\/\/api.w.org\/{rel}","templated":true}]}}