{"id":31285,"date":"2023-01-29T20:08:18","date_gmt":"2023-01-29T12:08:18","guid":{"rendered":"https:\/\/gretasexylingerie.com\/?post_type=product&#038;p=31285"},"modified":"2023-09-05T20:50:45","modified_gmt":"2023-09-05T12:50:45","slug":"collants-sexy-en-jacquard-avec-jarretiere-creuse","status":"publish","type":"product","link":"https:\/\/gretasexylingerie.com\/fr\/products\/hollow-garter-jacquard-sexy-pantyhose\/","title":{"rendered":"Collants Sexy Jacquard Jarreti\u00e8re Creuse"},"content":{"rendered":"<p>Caract\u00e9ristiques:<\/p>\n\n\n\n<p>1. Utilisant un mat\u00e9riau en nylon de haute qualit\u00e9, il a une excellente \u00e9lasticit\u00e9 et peut \u00eatre utilis\u00e9 sur la plupart des corps.<br>2. Les mod\u00e8les et les styles absolument populaires sont les styles les plus populaires et les plus vendus sur le march\u00e9, et ont \u00e9t\u00e9 v\u00e9rifi\u00e9s dans le monde entier.<br>3. Accessoire parfait pour les magiciens, les f\u00e9es noires, les sorci\u00e8res ou tout simplement les gens ordinaires. Associez ces leggings en r\u00e9sille avec des jeans d\u00e9chir\u00e9s, des shorts en jean, des pantalons chauds, des hauts, des jupes, des jupes, des espadrilles, des talons et plus encore.<br>4, convient pour les clubs, les carnavals, les f\u00eates costum\u00e9es, Halloween, les spectacles, les carnavals, les clubs de serviettes, etc. Ces leggings brillants sont \u00e9galement un favori des artistes de danse.<\/p>","protected":false},"excerpt":{"rendered":"<p>Grande collection de collants populaires en jacquard avec jarreti\u00e8re creuse, il y en a toujours un qui vous convient. En utilisant un tissu en nylon hautement \u00e9lastique, en utilisant la technique Jacquard pour appliquer les motifs les plus \u00e0 la mode et les plus populaires sur les collants, ne vous inqui\u00e9tez pas de la correspondance.<\/p>","protected":false},"featured_media":31286,"template":"","meta":[],"product_brand":[],"product_cat":[416,414,411,404],"product_tag":[528,518,504],"class_list":{"0":"post-31285","1":"product","2":"type-product","3":"status-publish","4":"has-post-thumbnail","6":"product_cat-wholesale-suspender-pantyhose","7":"product_cat-wholesale-sexy-nylon-pantyhose","8":"product_cat-sexy-pantyhose","9":"product_cat-sexy-stocking","10":"product_tag-halter-lingerie","11":"product_tag-mesh-lingerie","12":"product_tag-ultra-sexy","13":"pa_size-free","15":"first","16":"instock","17":"taxable","18":"shipping-taxable","19":"purchasable","20":"product-type-variable"},"tiered_pricing_type":"fixed","tiered_pricing_fixed_rules":[],"tiered_pricing_product_settings":{"layout":"default","base_unit_name":{"singular":null,"plural":null},"default_variation":null},"tiered_pricing_minimum_quantity":null,"tiered_pricing_roles_data":{"default_wholesaler":{"product_id":31285,"role":"default_wholesaler","pricing_type":"flat","regular_price":null,"sale_price":null,"discount":null,"discount_type":"sale_price","tiered_pricing_type":"fixed","percentage_rules":[],"fixed_rules":{"2":"1.59","50":"1.29","800":"0.89"},"minimum":null},"dropshippinger":{"product_id":31285,"role":"dropshippinger","pricing_type":"flat","regular_price":null,"sale_price":null,"discount":null,"discount_type":"sale_price","tiered_pricing_type":"fixed","percentage_rules":[],"fixed_rules":{"1":"1.79","10":"1.59","50":"1.29"},"minimum":null}},"tiered_pricing_percentage_rules":[],"tiered_pricing_maximum_quantity":null,"tiered_pricing_quantity_step":null,"_links":{"self":[{"href":"https:\/\/gretasexylingerie.com\/fr\/wp-json\/wp\/v2\/product\/31285","targetHints":{"allow":["GET"]}}],"collection":[{"href":"https:\/\/gretasexylingerie.com\/fr\/wp-json\/wp\/v2\/product"}],"about":[{"href":"https:\/\/gretasexylingerie.com\/fr\/wp-json\/wp\/v2\/types\/product"}],"wp:featuredmedia":[{"embeddable":true,"href":"https:\/\/gretasexylingerie.com\/fr\/wp-json\/wp\/v2\/media\/31286"}],"wp:attachment":[{"href":"https:\/\/gretasexylingerie.com\/fr\/wp-json\/wp\/v2\/media?parent=31285"}],"wp:term":[{"taxonomy":"product_brand","embeddable":true,"href":"https:\/\/gretasexylingerie.com\/fr\/wp-json\/wp\/v2\/product_brand?post=31285"},{"taxonomy":"product_cat","embeddable":true,"href":"https:\/\/gretasexylingerie.com\/fr\/wp-json\/wp\/v2\/product_cat?post=31285"},{"taxonomy":"product_tag","embeddable":true,"href":"https:\/\/gretasexylingerie.com\/fr\/wp-json\/wp\/v2\/product_tag?post=31285"}],"curies":[{"name":"wp","href":"https:\/\/api.w.org\/{rel}","templated":true}]}}