{"id":31203,"date":"2023-01-29T19:43:06","date_gmt":"2023-01-29T11:43:06","guid":{"rendered":"https:\/\/gretasexylingerie.com\/?post_type=product&#038;p=31203"},"modified":"2023-09-05T20:50:44","modified_gmt":"2023-09-05T12:50:44","slug":"bas-resille-sexy-creux-tentation","status":"publish","type":"product","link":"https:\/\/gretasexylingerie.com\/fr\/products\/sexy-hollow-temptation-fishnet-stockings\/","title":{"rendered":"Bas R\u00e9sille Sexy Tentation Creuse"},"content":{"rendered":"<p>Caract\u00e9ristiques:<\/p>\n\n\n\n<p>1. Collants en maille tendance : en plus de fa\u00e7onner des jambes parfaites, les collants en maille moyenne pour femme peuvent \u00e9galement ajouter une atmosph\u00e8re jeune et tendance \u00e0 votre tenue. Ils r\u00e9agissent de mani\u00e8re fantastique avec d&#039;autres v\u00eatements, en particulier les jeans, pour un style de rue accrocheur qui est populaire aupr\u00e8s des jeunes femmes.<br>2, accessoire de mode parfait : le legging classique en r\u00e9sille noire fournira un style \u00e9l\u00e9gant \u00e0 toute garde-robe f\u00e9minine, parfaitement assorti \u00e0 vos robes pr\u00e9f\u00e9r\u00e9es, chemises, shorts, talons hauts, bottines, cuissardes, chaussures plates \u00e0 bout pointu ou m\u00eame des espadrilles, deux sont adapt\u00e9s. Pour les occasions d\u00e9contract\u00e9es et officielles, telles que l&#039;usure quotidienne, le cosplay, les f\u00eates, les voyages, les festivals et les vacances, en particulier Halloween et No\u00ebl.<br>3. Design unique : la taille haute \u00e9lastique sexy s&#039;adapte parfaitement, rendant les femmes plus sexy et charmantes.<br>4. Caract\u00e9ristiques : la magnifique dentelle florale et les d\u00e9tails sexy de la jarreti\u00e8re en dentelle sont parfaitement associ\u00e9s \u00e0 des filets de p\u00eache audacieux pour un look \u00e9poustouflant.<\/p>","protected":false},"excerpt":{"rendered":"<p>S\u00e9rie de bas r\u00e9sille Super Sexy Sexy Hollow Temptation, chaque style peut vous rendre plus sexy. Fabriqu\u00e9 en nylon hautement extensible, il utilise une technique Jacquard pour r\u00e9pandre un motif sexy sur tout le corps.<\/p>","protected":false},"featured_media":31213,"template":"","meta":[],"product_brand":[],"product_cat":[414,413,411,404],"product_tag":[452,446,504],"class_list":{"0":"post-31203","1":"product","2":"type-product","3":"status-publish","4":"has-post-thumbnail","6":"product_cat-wholesale-sexy-nylon-pantyhose","7":"product_cat-wholesale-fishnet-pantyhose","8":"product_cat-sexy-pantyhose","9":"product_cat-sexy-stocking","10":"product_tag-wholesale-boudoir-lingerie","11":"product_tag-wholesale-sexy-see-through-lingerie","12":"product_tag-ultra-sexy","13":"pa_size-free","15":"first","16":"instock","17":"taxable","18":"shipping-taxable","19":"purchasable","20":"product-type-variable"},"tiered_pricing_type":"fixed","tiered_pricing_fixed_rules":[],"tiered_pricing_product_settings":{"layout":"default","base_unit_name":{"singular":null,"plural":null},"default_variation":null},"tiered_pricing_minimum_quantity":null,"tiered_pricing_roles_data":{"default_wholesaler":{"product_id":31203,"role":"default_wholesaler","pricing_type":"flat","regular_price":null,"sale_price":null,"discount":null,"discount_type":"sale_price","tiered_pricing_type":"fixed","percentage_rules":[],"fixed_rules":{"2":"1.99","50":"1.59","800":"1.19"},"minimum":null},"dropshippinger":{"product_id":31203,"role":"dropshippinger","pricing_type":"flat","regular_price":null,"sale_price":null,"discount":null,"discount_type":"sale_price","tiered_pricing_type":"fixed","percentage_rules":[],"fixed_rules":{"1":"2.29","10":"1.99","50":"1.59"},"minimum":null}},"tiered_pricing_percentage_rules":[],"tiered_pricing_maximum_quantity":null,"tiered_pricing_quantity_step":null,"_links":{"self":[{"href":"https:\/\/gretasexylingerie.com\/fr\/wp-json\/wp\/v2\/product\/31203","targetHints":{"allow":["GET"]}}],"collection":[{"href":"https:\/\/gretasexylingerie.com\/fr\/wp-json\/wp\/v2\/product"}],"about":[{"href":"https:\/\/gretasexylingerie.com\/fr\/wp-json\/wp\/v2\/types\/product"}],"wp:featuredmedia":[{"embeddable":true,"href":"https:\/\/gretasexylingerie.com\/fr\/wp-json\/wp\/v2\/media\/31213"}],"wp:attachment":[{"href":"https:\/\/gretasexylingerie.com\/fr\/wp-json\/wp\/v2\/media?parent=31203"}],"wp:term":[{"taxonomy":"product_brand","embeddable":true,"href":"https:\/\/gretasexylingerie.com\/fr\/wp-json\/wp\/v2\/product_brand?post=31203"},{"taxonomy":"product_cat","embeddable":true,"href":"https:\/\/gretasexylingerie.com\/fr\/wp-json\/wp\/v2\/product_cat?post=31203"},{"taxonomy":"product_tag","embeddable":true,"href":"https:\/\/gretasexylingerie.com\/fr\/wp-json\/wp\/v2\/product_tag?post=31203"}],"curies":[{"name":"wp","href":"https:\/\/api.w.org\/{rel}","templated":true}]}}