{"id":31130,"date":"2023-01-29T17:49:40","date_gmt":"2023-01-29T09:49:40","guid":{"rendered":"https:\/\/gretasexylingerie.com\/?post_type=product&#038;p=31130"},"modified":"2023-09-05T20:50:43","modified_gmt":"2023-09-05T12:50:43","slug":"collants-retro-en-dentelle-creuse-a-bandes-verticales","status":"publish","type":"product","link":"https:\/\/gretasexylingerie.com\/fr\/products\/vertical-strip-retro-hollow-lace-pantyhose\/","title":{"rendered":"Collants en dentelle creuse r\u00e9tro \u00e0 bande verticale"},"content":{"rendered":"<p>Caract\u00e9ristiques:<\/p>\n\n\n\n<p>1. Mat\u00e9riau : mat\u00e9riau souple pour une exp\u00e9rience confortable. Une forte \u00e9lasticit\u00e9 rend cet ensemble porte-jarretelles et bas adapt\u00e9 \u00e0 plus de personnes de diff\u00e9rents types de corps. Croyez-moi, votre peau va adorer ces chaussettes r\u00e9sille.<br>2. Caract\u00e9ristiques : de superbes d\u00e9tails de jarreti\u00e8re en dentelle florale et sexy sont parfaitement associ\u00e9s \u00e0 des filets de p\u00eache audacieux pour un look \u00e9poustouflant.<br>3. Incorporez des \u00e9l\u00e9ments de mode plus sexy pour montrer une silhouette parfaite et inspirer confiance en soi. Convient pour toutes les saisons. Ils ont fi\u00e8re allure sous des jupes ou des pantalons chauds. Ils conviennent \u00e9galement aux v\u00eatements de tous les jours, aux repr\u00e9sentations sur sc\u00e8ne et aux soir\u00e9es d\u00e9guis\u00e9es.<br>4. Occasions applicables : ces chaussettes en filet \u00e0 la mode conviennent aux f\u00eates, festivals, spectacles, bars, cosplay, ou tout simplement comme tenue de tous les jours, ajoutant de l&#039;\u00e9l\u00e9gance et plus de points forts \u00e0 votre tenue g\u00e9n\u00e9rale.<\/p>","protected":false},"excerpt":{"rendered":"<p>Les collants en dentelle creuse r\u00e9tro \u00e0 bande verticale sont l&#039;une de nos s\u00e9ries les plus vendues, ils utilisent un mat\u00e9riau \u00e0 haute \u00e9lasticit\u00e9 et con\u00e7oivent le motif le plus populaire et \u00e0 la mode, de sorte qu&#039;ils peuvent former une correspondance parfaite avec n&#039;importe quel style de v\u00eatements.<\/p>","protected":false},"featured_media":31161,"template":"","meta":[],"product_brand":[],"product_cat":[414,411,404],"product_tag":[452,504],"class_list":{"0":"post-31130","1":"product","2":"type-product","3":"status-publish","4":"has-post-thumbnail","6":"product_cat-wholesale-sexy-nylon-pantyhose","7":"product_cat-sexy-pantyhose","8":"product_cat-sexy-stocking","9":"product_tag-wholesale-boudoir-lingerie","10":"product_tag-ultra-sexy","11":"pa_size-free","13":"first","14":"instock","15":"taxable","16":"shipping-taxable","17":"purchasable","18":"product-type-variable"},"tiered_pricing_type":"fixed","tiered_pricing_fixed_rules":[],"tiered_pricing_product_settings":{"layout":"default","base_unit_name":{"singular":null,"plural":null},"default_variation":null},"tiered_pricing_minimum_quantity":null,"tiered_pricing_roles_data":{"default_wholesaler":{"product_id":31130,"role":"default_wholesaler","pricing_type":"flat","regular_price":null,"sale_price":null,"discount":null,"discount_type":"sale_price","tiered_pricing_type":"fixed","percentage_rules":[],"fixed_rules":{"2":"1.79","50":"1.49","800":"0.99"},"minimum":null},"dropshippinger":{"product_id":31130,"role":"dropshippinger","pricing_type":"flat","regular_price":null,"sale_price":null,"discount":null,"discount_type":"sale_price","tiered_pricing_type":"fixed","percentage_rules":[],"fixed_rules":{"1":"2.09","10":"1.79","50":"1.49"},"minimum":null}},"tiered_pricing_percentage_rules":[],"tiered_pricing_maximum_quantity":null,"tiered_pricing_quantity_step":null,"_links":{"self":[{"href":"https:\/\/gretasexylingerie.com\/fr\/wp-json\/wp\/v2\/product\/31130","targetHints":{"allow":["GET"]}}],"collection":[{"href":"https:\/\/gretasexylingerie.com\/fr\/wp-json\/wp\/v2\/product"}],"about":[{"href":"https:\/\/gretasexylingerie.com\/fr\/wp-json\/wp\/v2\/types\/product"}],"wp:featuredmedia":[{"embeddable":true,"href":"https:\/\/gretasexylingerie.com\/fr\/wp-json\/wp\/v2\/media\/31161"}],"wp:attachment":[{"href":"https:\/\/gretasexylingerie.com\/fr\/wp-json\/wp\/v2\/media?parent=31130"}],"wp:term":[{"taxonomy":"product_brand","embeddable":true,"href":"https:\/\/gretasexylingerie.com\/fr\/wp-json\/wp\/v2\/product_brand?post=31130"},{"taxonomy":"product_cat","embeddable":true,"href":"https:\/\/gretasexylingerie.com\/fr\/wp-json\/wp\/v2\/product_cat?post=31130"},{"taxonomy":"product_tag","embeddable":true,"href":"https:\/\/gretasexylingerie.com\/fr\/wp-json\/wp\/v2\/product_tag?post=31130"}],"curies":[{"name":"wp","href":"https:\/\/api.w.org\/{rel}","templated":true}]}}