{"id":31085,"date":"2023-01-29T17:15:23","date_gmt":"2023-01-29T09:15:23","guid":{"rendered":"https:\/\/gretasexylingerie.com\/?post_type=product&#038;p=31085"},"modified":"2023-09-05T20:50:42","modified_gmt":"2023-09-05T12:50:42","slug":"collants-sexy-en-resille-jacquard-transparents-jusqua-la-taille","status":"publish","type":"product","link":"https:\/\/gretasexylingerie.com\/fr\/products\/sexy-fishnet-jacquard-sheer-to-waist-pantyhose\/","title":{"rendered":"Collants Sexy En R\u00e9sille Jacquard Transparents \u00c0 La Taille"},"content":{"rendered":"<p>Caract\u00e9ristiques:<\/p>\n\n\n\n<p>1, ultra r\u00e9sistant : nylon 90%, \u00e9lasthanne 10%. Chaussettes r\u00e9sille douces et confortables, fabriqu\u00e9es en nylon velours et \u00e9lasthanne \u00e9lastique, peuvent \u00eatre \u00e9tir\u00e9es pour s&#039;adapter parfaitement aux jambes et \u00e0 la poitrine, cr\u00e9ant un style unique. Les leggings en r\u00e9sille avec une taille haute et un renfort aux orteils garantissent un port confortable mais sont \u00e9galement durables, antid\u00e9rapants et anti-course. Ce n&#039;est pas facile \u00e0 d\u00e9chirer.<br>2, le design f\u00e9minin ajoute juste assez de glamour coquin. Habillez-le ou habillez-le pour une vari\u00e9t\u00e9 d&#039;options de style remarquables<br>3. Conseils de dimensionnement et de lavage : les chaussettes en filet noir \u00e0 haute \u00e9lasticit\u00e9 conviennent \u00e0 la taille : 5&#039;-5&#039;10&quot; et au poids : 100-250 lb. Ils sont \u00e9galement parfaits pour les grandes filles. En raison de l&#039;\u00e9tirement \u00e9lev\u00e9, veuillez permettre un l\u00e9ger \u00e9cart de taille. Il porte 1-2. Il sera confortable en quelques minutes. Le lavage \u00e0 la main \u00e0 l&#039;eau froide est recommand\u00e9, ou le lavage en machine \u00e0 l&#039;eau froide, cycle d\u00e9licat et s\u00e9chage \u00e0 l&#039;air libre.<br>4, incorporer des \u00e9l\u00e9ments de mode plus sexy pour montrer une silhouette parfaite et inspirer confiance. Convient pour toutes les saisons.<br>5, ils ont fi\u00e8re allure sous des jupes ou des pantalons chauds. Ils conviennent \u00e9galement aux tenues de tous les jours, aux repr\u00e9sentations sur sc\u00e8ne et aux soir\u00e9es d\u00e9guis\u00e9es.<\/p>","protected":false},"excerpt":{"rendered":"<p>Ajoutez du piquant \u00e0 vos soir\u00e9es avec les collants sexy en jacquard r\u00e9sille jusqu&#039;\u00e0 la taille. Fabriqu\u00e9 en tissu de nylon de haute qualit\u00e9, diff\u00e9rents motifs populaires sont brod\u00e9s sur le corps \u00e0 l&#039;aide de la technique Jacquard.<\/p>","protected":false},"featured_media":31086,"template":"","meta":[],"product_brand":[],"product_cat":[414,413,411,404],"product_tag":[451,504],"class_list":{"0":"post-31085","1":"product","2":"type-product","3":"status-publish","4":"has-post-thumbnail","6":"product_cat-wholesale-sexy-nylon-pantyhose","7":"product_cat-wholesale-fishnet-pantyhose","8":"product_cat-sexy-pantyhose","9":"product_cat-sexy-stocking","10":"product_tag-wholesale-revealing-lingerie","11":"product_tag-ultra-sexy","12":"pa_size-free","14":"first","15":"instock","16":"taxable","17":"shipping-taxable","18":"purchasable","19":"product-type-variable"},"tiered_pricing_type":"fixed","tiered_pricing_fixed_rules":[],"tiered_pricing_product_settings":{"layout":"default","base_unit_name":{"singular":null,"plural":null},"default_variation":null},"tiered_pricing_minimum_quantity":null,"tiered_pricing_roles_data":{"default_wholesaler":{"product_id":31085,"role":"default_wholesaler","pricing_type":"flat","regular_price":null,"sale_price":null,"discount":null,"discount_type":"sale_price","tiered_pricing_type":"fixed","percentage_rules":[],"fixed_rules":{"2":"1.59","50":"1.29","800":"0.89"},"minimum":null},"dropshippinger":{"product_id":31085,"role":"dropshippinger","pricing_type":"flat","regular_price":null,"sale_price":null,"discount":null,"discount_type":"sale_price","tiered_pricing_type":"fixed","percentage_rules":[],"fixed_rules":{"1":"1.79","10":"1.59","50":"1.29"},"minimum":null}},"tiered_pricing_percentage_rules":[],"tiered_pricing_maximum_quantity":null,"tiered_pricing_quantity_step":null,"_links":{"self":[{"href":"https:\/\/gretasexylingerie.com\/fr\/wp-json\/wp\/v2\/product\/31085","targetHints":{"allow":["GET"]}}],"collection":[{"href":"https:\/\/gretasexylingerie.com\/fr\/wp-json\/wp\/v2\/product"}],"about":[{"href":"https:\/\/gretasexylingerie.com\/fr\/wp-json\/wp\/v2\/types\/product"}],"wp:featuredmedia":[{"embeddable":true,"href":"https:\/\/gretasexylingerie.com\/fr\/wp-json\/wp\/v2\/media\/31086"}],"wp:attachment":[{"href":"https:\/\/gretasexylingerie.com\/fr\/wp-json\/wp\/v2\/media?parent=31085"}],"wp:term":[{"taxonomy":"product_brand","embeddable":true,"href":"https:\/\/gretasexylingerie.com\/fr\/wp-json\/wp\/v2\/product_brand?post=31085"},{"taxonomy":"product_cat","embeddable":true,"href":"https:\/\/gretasexylingerie.com\/fr\/wp-json\/wp\/v2\/product_cat?post=31085"},{"taxonomy":"product_tag","embeddable":true,"href":"https:\/\/gretasexylingerie.com\/fr\/wp-json\/wp\/v2\/product_tag?post=31085"}],"curies":[{"name":"wp","href":"https:\/\/api.w.org\/{rel}","templated":true}]}}