{"id":31063,"date":"2023-01-29T12:46:57","date_gmt":"2023-01-29T04:46:57","guid":{"rendered":"https:\/\/gretasexylingerie.com\/?post_type=product&#038;p=31063"},"modified":"2023-09-05T20:50:41","modified_gmt":"2023-09-05T12:50:41","slug":"chaussettes-hautes-sexy-en-dentelle-elargie-a-quatre-couleurs","status":"publish","type":"product","link":"https:\/\/gretasexylingerie.com\/fr\/products\/sexy-four-color-widened-lace-thigh-high-socks\/","title":{"rendered":"Chaussettes hautes sexy en dentelle \u00e9largie \u00e0 quatre couleurs"},"content":{"rendered":"<p>Caract\u00e9ristiques:<\/p>\n\n\n\n<p>1. Qualit\u00e9 : nos chaussettes hautes sexy en dentelle \u00e0 quatre couleurs sont fabriqu\u00e9es dans un mat\u00e9riau de haute qualit\u00e9 qui est confortable et respirant. Ils vous offriront une tenue longue dur\u00e9e et une finition rembourr\u00e9e au niveau des orteils pour que vous puissiez les utiliser encore et encore.<\/p>\n\n\n\n<p>2. Style : les motifs de dentelle classiques en quatre couleurs diff\u00e9rentes donnent \u00e0 ces chaussettes un look unique et \u00e9l\u00e9gant. La conception en dentelle \u00e9largie rend non seulement vos jambes plus belles, mais rend \u00e9galement les chaussettes hautes plus stables et difficiles \u00e0 enlever. De plus, le motif en dentelle s\u00e9duisant rendra vos jambes plus longues et plus minces.<\/p>\n\n\n\n<p>3. Confort : ces bas sont con\u00e7us pour un maximum de confort. Ils sont l\u00e9gers et respirants pour que vous ne vous sentiez pas limit\u00e9 lorsque vous les portez.<\/p>\n\n\n\n<p>4. Polyvalence : que vous souhaitiez vous habiller ou simplement vous d\u00e9tendre, ces bas sont parfaits pour toutes les occasions. Ils sont parfaits pour jouer au quotidien, se r\u00e9unir avec des amis ou profiter d&#039;un moment agr\u00e9able diff\u00e9rent avec votre petit ami la nuit.<\/p>\n\n\n\n<p>5. Abordable : avec des prix imbattables, vous ne pouvez pas vous tromper avec ces bas \u00e9l\u00e9gants et flatteurs. Obtenez une paire en gros de chaussettes larges en dentelle sexy quatre couleurs aujourd&#039;hui et fi\u00e8re allure sans vous ruiner.<\/p>","protected":false},"excerpt":{"rendered":"<p>Les chaussettes hautes en dentelle \u00e9largies quatre couleurs sexy sont parfaites pour toutes les occasions\u00a0! Ces chaussettes de haute qualit\u00e9 pr\u00e9sentent un motif de dentelle classique en quatre couleurs diff\u00e9rentes pour un look unique. La conception \u00e9largie offre une plus grande couverture et une grande amplitude de mouvement. De plus, le motif en dentelle rend vos jambes plus longues et plus fines. Obtenez votre paire de chaussettes hautes en dentelle \u00e9largies quatre couleurs sexy d\u00e8s aujourd&#039;hui\u00a0!<\/p>","protected":false},"featured_media":31065,"template":"","meta":[],"product_brand":[],"product_cat":[419,404,417],"product_tag":[518,504],"class_list":{"0":"post-31063","1":"product","2":"type-product","3":"status-publish","4":"has-post-thumbnail","6":"product_cat-wholesale-lace-thigh-high-socks","7":"product_cat-sexy-stocking","8":"product_cat-thigh-highs","9":"product_tag-mesh-lingerie","10":"product_tag-ultra-sexy","11":"pa_color-bisque-women-sexy-lingerie","12":"pa_color-black","13":"pa_color-pink-women-sexy-lingerie","14":"pa_color-white","15":"pa_size-free","17":"first","18":"instock","19":"taxable","20":"shipping-taxable","21":"purchasable","22":"product-type-variable"},"tiered_pricing_type":"fixed","tiered_pricing_fixed_rules":[],"tiered_pricing_product_settings":{"layout":"default","base_unit_name":{"singular":null,"plural":null},"default_variation":null},"tiered_pricing_minimum_quantity":null,"tiered_pricing_roles_data":{"default_wholesaler":{"product_id":31063,"role":"default_wholesaler","pricing_type":"flat","regular_price":null,"sale_price":null,"discount":null,"discount_type":"sale_price","tiered_pricing_type":"fixed","percentage_rules":[],"fixed_rules":{"2":"1.49","50":"1.29","800":"1.09"},"minimum":null},"dropshippinger":{"product_id":31063,"role":"dropshippinger","pricing_type":"flat","regular_price":null,"sale_price":null,"discount":null,"discount_type":"sale_price","tiered_pricing_type":"fixed","percentage_rules":[],"fixed_rules":{"1":"2.89","10":"1.79","50":"1.29"},"minimum":null}},"tiered_pricing_percentage_rules":[],"tiered_pricing_maximum_quantity":null,"tiered_pricing_quantity_step":null,"_links":{"self":[{"href":"https:\/\/gretasexylingerie.com\/fr\/wp-json\/wp\/v2\/product\/31063","targetHints":{"allow":["GET"]}}],"collection":[{"href":"https:\/\/gretasexylingerie.com\/fr\/wp-json\/wp\/v2\/product"}],"about":[{"href":"https:\/\/gretasexylingerie.com\/fr\/wp-json\/wp\/v2\/types\/product"}],"wp:featuredmedia":[{"embeddable":true,"href":"https:\/\/gretasexylingerie.com\/fr\/wp-json\/wp\/v2\/media\/31065"}],"wp:attachment":[{"href":"https:\/\/gretasexylingerie.com\/fr\/wp-json\/wp\/v2\/media?parent=31063"}],"wp:term":[{"taxonomy":"product_brand","embeddable":true,"href":"https:\/\/gretasexylingerie.com\/fr\/wp-json\/wp\/v2\/product_brand?post=31063"},{"taxonomy":"product_cat","embeddable":true,"href":"https:\/\/gretasexylingerie.com\/fr\/wp-json\/wp\/v2\/product_cat?post=31063"},{"taxonomy":"product_tag","embeddable":true,"href":"https:\/\/gretasexylingerie.com\/fr\/wp-json\/wp\/v2\/product_tag?post=31063"}],"curies":[{"name":"wp","href":"https:\/\/api.w.org\/{rel}","templated":true}]}}