{"id":31030,"date":"2023-01-29T12:07:59","date_gmt":"2023-01-29T04:07:59","guid":{"rendered":"https:\/\/gretasexylingerie.com\/?post_type=product&#038;p=31030"},"modified":"2023-09-05T20:50:39","modified_gmt":"2023-09-05T12:50:39","slug":"bas-resille-en-dentelle-a-grosses-mailles-creuses","status":"publish","type":"product","link":"https:\/\/gretasexylingerie.com\/fr\/products\/hollow-large-mesh-lace-fishnet-thigh-high-stockings\/","title":{"rendered":"Cuisse r\u00e9sille en dentelle ajour\u00e9e \u00e0 grosses mailles"},"content":{"rendered":"<p>Caract\u00e9ristiques:<\/p>\n\n\n\n<p>1. Montrez vos courbes : les chaussettes hautes en r\u00e9sille en dentelle sont le moyen id\u00e9al pour montrer vos courbes et accentuer vos jambes. Le mat\u00e9riau en dentelle est doux et confortable, et la grande maille ajoute une touche de glamour. La longueur de la cuisse garantit que vous vous d\u00e9marquerez de la foule, et la ceinture \u00e9lastique assure un ajustement parfait.<\/p>\n\n\n\n<p>2. Style glamour : ces bas sont s\u00fbrs d&#039;attirer l&#039;attention et de faire une d\u00e9claration. Le design en r\u00e9sille ajoute un look s\u00e9duisant et glamour qui vous fera sentir confiant et sexy.<\/p>\n\n\n\n<p>3. Confort et flexibilit\u00e9 : ces bas sont con\u00e7us avec un bout antid\u00e9rapant tr\u00e8s extensible pour garantir un ajustement parfait. Le mat\u00e9riau souple assure un maximum de confort et ne roule pas ou ne glisse pas tout au long de la journ\u00e9e.<\/p>\n\n\n\n<p>4. Entretien facile : ces bas sont \u00e9galement faciles \u00e0 entretenir et \u00e0 entretenir. Le mat\u00e9riau en nylon de haute qualit\u00e9 vous permet de le laver plusieurs fois, il peut donc \u00eatre utilis\u00e9 plusieurs fois.<\/p>","protected":false},"excerpt":{"rendered":"<p>Les chaussettes hautes en r\u00e9sille en dentelle surdimensionn\u00e9e offrent un look unique et accrocheur qui \u00e9gayera votre lune de miel. Le mat\u00e9riau en nylon hautement extensible est doux et confortable, et la grande maille ajoute une touche de charme. S\u00fbr d&#039;ajouter une touche d&#039;\u00e9l\u00e9gance et de sophistication \u00e0 n&#039;importe quel ensemble.<\/p>","protected":false},"featured_media":31034,"template":"","meta":[],"product_brand":[],"product_cat":[418,419,404,417],"product_tag":[541,516,447,504],"class_list":{"0":"post-31030","1":"product","2":"type-product","3":"status-publish","4":"has-post-thumbnail","6":"product_cat-wholesale-fishnet-thigh-high-stockings","7":"product_cat-wholesale-lace-thigh-high-socks","8":"product_cat-sexy-stocking","9":"product_cat-thigh-highs","10":"product_tag-fishnet-lingerie","11":"product_tag-lace-lingerie","12":"product_tag-wholesale-strappy-sexy-lingerie","13":"product_tag-ultra-sexy","14":"pa_color-black","15":"pa_size-free","17":"first","18":"instock","19":"taxable","20":"shipping-taxable","21":"purchasable","22":"product-type-variable"},"tiered_pricing_type":"fixed","tiered_pricing_fixed_rules":[],"tiered_pricing_product_settings":{"layout":"default","base_unit_name":{"singular":null,"plural":null},"default_variation":null},"tiered_pricing_minimum_quantity":null,"tiered_pricing_roles_data":{"default_wholesaler":{"product_id":31030,"role":"default_wholesaler","pricing_type":"flat","regular_price":null,"sale_price":null,"discount":null,"discount_type":"sale_price","tiered_pricing_type":"fixed","percentage_rules":[],"fixed_rules":{"2":"1.49","50":"1.29","800":"1.09"},"minimum":null},"dropshippinger":{"product_id":31030,"role":"dropshippinger","pricing_type":"flat","regular_price":null,"sale_price":null,"discount":null,"discount_type":"sale_price","tiered_pricing_type":"fixed","percentage_rules":[],"fixed_rules":{"1":"2.89","10":"1.79","50":"1.29"},"minimum":null}},"tiered_pricing_percentage_rules":[],"tiered_pricing_maximum_quantity":null,"tiered_pricing_quantity_step":null,"_links":{"self":[{"href":"https:\/\/gretasexylingerie.com\/fr\/wp-json\/wp\/v2\/product\/31030","targetHints":{"allow":["GET"]}}],"collection":[{"href":"https:\/\/gretasexylingerie.com\/fr\/wp-json\/wp\/v2\/product"}],"about":[{"href":"https:\/\/gretasexylingerie.com\/fr\/wp-json\/wp\/v2\/types\/product"}],"wp:featuredmedia":[{"embeddable":true,"href":"https:\/\/gretasexylingerie.com\/fr\/wp-json\/wp\/v2\/media\/31034"}],"wp:attachment":[{"href":"https:\/\/gretasexylingerie.com\/fr\/wp-json\/wp\/v2\/media?parent=31030"}],"wp:term":[{"taxonomy":"product_brand","embeddable":true,"href":"https:\/\/gretasexylingerie.com\/fr\/wp-json\/wp\/v2\/product_brand?post=31030"},{"taxonomy":"product_cat","embeddable":true,"href":"https:\/\/gretasexylingerie.com\/fr\/wp-json\/wp\/v2\/product_cat?post=31030"},{"taxonomy":"product_tag","embeddable":true,"href":"https:\/\/gretasexylingerie.com\/fr\/wp-json\/wp\/v2\/product_tag?post=31030"}],"curies":[{"name":"wp","href":"https:\/\/api.w.org\/{rel}","templated":true}]}}