{"id":30913,"date":"2023-01-28T15:48:31","date_gmt":"2023-01-28T07:48:31","guid":{"rendered":"https:\/\/gretasexylingerie.com\/?post_type=product&#038;p=30913"},"modified":"2023-09-05T20:50:33","modified_gmt":"2023-09-05T12:50:33","slug":"robe-portefeuille-en-resille-avec-strass","status":"publish","type":"product","link":"https:\/\/gretasexylingerie.com\/fr\/products\/hhip-wrap-fishnet-rhinestone-dress\/","title":{"rendered":"Robe portefeuille en r\u00e9sille avec strass"},"content":{"rendered":"<p>Fonctionnalit\u00e9:<\/p>\n\n\n\n<p>* La robe en strass r\u00e9sille \u00e0 la hanche est faite de nylon et d&#039;\u00e9lasthanne de haute qualit\u00e9, qui est doux, extensible et durable. Son mat\u00e9riau est tr\u00e8s lisse et vous fait vous sentir doux et confortable.<br>* La robe en r\u00e9sille strass est une taille unique, extensible, taille unique, flatte bien votre silhouette.<br>* Bon choix de cadeau : des bas de sous-v\u00eatements en r\u00e9sille peuvent \u00eatre offerts \u00e0 vos copines et meilleurs amis dans les festivals, montrez votre f\u00e9minit\u00e9, ajoutez du plaisir lors de la douce Saint-Valentin, anniversaire et autres festivals.<br>* Design tendance : chaussettes en r\u00e9sille tendance transparentes, le design apporte un impact visuel, refl\u00e9tant la sauvagerie et la chaleur, vous pouvez l&#039;assortir avec des jupes quotidiennes ou des pantalons chauds, des performances sur sc\u00e8ne et des soir\u00e9es cosplay, montrez votre silhouette et inspirez votre confiance.<\/p>","protected":false},"excerpt":{"rendered":"<p>Profitez de moments romantiques avec cette robe en strass r\u00e9sille \u00e9vid\u00e9e. La structure en maille est utilis\u00e9e pour couvrir le corps avec un voile sexy, et la conception ouverte de la poitrine et de l&#039;abdomen utilise une structure en r\u00e9sille. Orn\u00e9 au buste et \u00e0 la jupe et \u00e9tincelant de strass partout.<\/p>","protected":false},"featured_media":30917,"template":"","meta":[],"product_brand":[],"product_cat":[408,405,406,404],"product_tag":[521,451,525,446,447],"class_list":{"0":"post-30913","1":"product","2":"type-product","3":"status-publish","4":"has-post-thumbnail","6":"product_cat-wholesale-rhinestone-bodystocking","7":"product_cat-wholesale-bodystocking","8":"product_cat-wholesale-fishnet-dress","9":"product_cat-sexy-stocking","10":"product_tag-deep-v-lingerie","11":"product_tag-wholesale-revealing-lingerie","12":"product_tag-rhinestone-lingerie","13":"product_tag-wholesale-sexy-see-through-lingerie","14":"product_tag-wholesale-strappy-sexy-lingerie","15":"pa_color-black","16":"pa_size-free","18":"first","19":"instock","20":"taxable","21":"shipping-taxable","22":"purchasable","23":"product-type-variable"},"tiered_pricing_type":"fixed","tiered_pricing_fixed_rules":[],"tiered_pricing_product_settings":{"layout":"default","base_unit_name":{"singular":null,"plural":null},"default_variation":null},"tiered_pricing_minimum_quantity":null,"tiered_pricing_roles_data":{"default_wholesaler":{"product_id":30913,"role":"default_wholesaler","pricing_type":"flat","regular_price":null,"sale_price":null,"discount":null,"discount_type":"sale_price","tiered_pricing_type":"fixed","percentage_rules":[],"fixed_rules":{"2":"3.09","30":"2.59","500":"1.99"},"minimum":null},"dropshippinger":{"product_id":30913,"role":"dropshippinger","pricing_type":"flat","regular_price":null,"sale_price":null,"discount":null,"discount_type":"sale_price","tiered_pricing_type":"fixed","percentage_rules":[],"fixed_rules":{"1":"3.89","5":"3.09","30":"2.29"},"minimum":null}},"tiered_pricing_percentage_rules":[],"tiered_pricing_maximum_quantity":null,"tiered_pricing_quantity_step":null,"_links":{"self":[{"href":"https:\/\/gretasexylingerie.com\/fr\/wp-json\/wp\/v2\/product\/30913","targetHints":{"allow":["GET"]}}],"collection":[{"href":"https:\/\/gretasexylingerie.com\/fr\/wp-json\/wp\/v2\/product"}],"about":[{"href":"https:\/\/gretasexylingerie.com\/fr\/wp-json\/wp\/v2\/types\/product"}],"wp:featuredmedia":[{"embeddable":true,"href":"https:\/\/gretasexylingerie.com\/fr\/wp-json\/wp\/v2\/media\/30917"}],"wp:attachment":[{"href":"https:\/\/gretasexylingerie.com\/fr\/wp-json\/wp\/v2\/media?parent=30913"}],"wp:term":[{"taxonomy":"product_brand","embeddable":true,"href":"https:\/\/gretasexylingerie.com\/fr\/wp-json\/wp\/v2\/product_brand?post=30913"},{"taxonomy":"product_cat","embeddable":true,"href":"https:\/\/gretasexylingerie.com\/fr\/wp-json\/wp\/v2\/product_cat?post=30913"},{"taxonomy":"product_tag","embeddable":true,"href":"https:\/\/gretasexylingerie.com\/fr\/wp-json\/wp\/v2\/product_tag?post=30913"}],"curies":[{"name":"wp","href":"https:\/\/api.w.org\/{rel}","templated":true}]}}