{"id":30878,"date":"2023-01-27T19:28:26","date_gmt":"2023-01-27T11:28:26","guid":{"rendered":"https:\/\/gretasexylingerie.com\/?post_type=product&#038;p=30878"},"modified":"2023-09-05T20:50:28","modified_gmt":"2023-09-05T12:50:28","slug":"combinaison-uniforme-en-resille-sans-entrejambe","status":"publish","type":"product","link":"https:\/\/gretasexylingerie.com\/fr\/products\/uniform-fishnet-crotchless-body-suit\/","title":{"rendered":"Combinaison de corps sans entrejambe en r\u00e9sille uniforme"},"content":{"rendered":"<ul class=\"wp-block-list\">\n<li>La combinaison sans entrejambe en r\u00e9sille uniforme Temptation est fabriqu\u00e9e en nylon et \u00e9lasthanne de haute qualit\u00e9, doux, extensible et durable. Son mat\u00e9riau est tr\u00e8s lisse et vous fait vous sentir doux et confortable.<\/li>\n\n\n\n<li>Le costume de corps en r\u00e9sille sans entrejambe est une taille unique, extensible, taille unique, flatte bien votre silhouette.<\/li>\n\n\n\n<li>Bon choix de cadeau : des bas de sous-v\u00eatements en r\u00e9sille peuvent \u00eatre offerts \u00e0 vos copines et meilleurs amis dans les festivals, montrez votre f\u00e9minit\u00e9, ajoutez du plaisir lors de la douce Saint-Valentin, anniversaire et autres festivals.<\/li>\n\n\n\n<li>Design tendance : chaussettes en r\u00e9sille tendance transparentes, le design apporte un impact visuel, refl\u00e9tant la sauvagerie et la chaleur, vous pouvez l&#039;associer avec des jupes quotidiennes ou des pantalons chauds, des performances sur sc\u00e8ne et des soir\u00e9es cosplay, montrez votre silhouette et inspirez votre confiance.<\/li>\n<\/ul>","protected":false},"excerpt":{"rendered":"<p>Le bas de costume \u00e9vid\u00e9 de la bo\u00eete de nuit nouvellement con\u00e7u vous permet de prendre le devant de la sc\u00e8ne et de lib\u00e9rer votre beaut\u00e9. Construction demi-bonnet avec maille au niveau du buste et de la culotte et r\u00e9sille ailleurs. La conception crois\u00e9e de la poitrine rend vos seins plus dodus.<\/p>","protected":false},"featured_media":30881,"template":"","meta":[],"product_brand":[],"product_cat":[409,405,404],"product_tag":[528,446,447,504],"class_list":{"0":"post-30878","1":"product","2":"type-product","3":"status-publish","4":"has-post-thumbnail","6":"product_cat-wholesale-stocking-bodysuit","7":"product_cat-wholesale-bodystocking","8":"product_cat-sexy-stocking","9":"product_tag-halter-lingerie","10":"product_tag-wholesale-sexy-see-through-lingerie","11":"product_tag-wholesale-strappy-sexy-lingerie","12":"product_tag-ultra-sexy","13":"pa_color-black","14":"pa_size-free","16":"first","17":"instock","18":"taxable","19":"shipping-taxable","20":"purchasable","21":"product-type-variable"},"tiered_pricing_type":"fixed","tiered_pricing_fixed_rules":[],"tiered_pricing_product_settings":{"layout":"default","base_unit_name":{"singular":null,"plural":null},"default_variation":null},"tiered_pricing_minimum_quantity":null,"tiered_pricing_roles_data":{"default_wholesaler":{"product_id":30878,"role":"default_wholesaler","pricing_type":"flat","regular_price":null,"sale_price":null,"discount":null,"discount_type":"sale_price","tiered_pricing_type":"fixed","percentage_rules":[],"fixed_rules":{"2":"2.49","30":"2.09","500":"1.59"},"minimum":null},"dropshippinger":{"product_id":30878,"role":"dropshippinger","pricing_type":"flat","regular_price":null,"sale_price":null,"discount":null,"discount_type":"sale_price","tiered_pricing_type":"fixed","percentage_rules":[],"fixed_rules":{"1":"3.09","5":"2.49","30":"1.79"},"minimum":null}},"tiered_pricing_percentage_rules":[],"tiered_pricing_maximum_quantity":null,"tiered_pricing_quantity_step":null,"_links":{"self":[{"href":"https:\/\/gretasexylingerie.com\/fr\/wp-json\/wp\/v2\/product\/30878","targetHints":{"allow":["GET"]}}],"collection":[{"href":"https:\/\/gretasexylingerie.com\/fr\/wp-json\/wp\/v2\/product"}],"about":[{"href":"https:\/\/gretasexylingerie.com\/fr\/wp-json\/wp\/v2\/types\/product"}],"wp:featuredmedia":[{"embeddable":true,"href":"https:\/\/gretasexylingerie.com\/fr\/wp-json\/wp\/v2\/media\/30881"}],"wp:attachment":[{"href":"https:\/\/gretasexylingerie.com\/fr\/wp-json\/wp\/v2\/media?parent=30878"}],"wp:term":[{"taxonomy":"product_brand","embeddable":true,"href":"https:\/\/gretasexylingerie.com\/fr\/wp-json\/wp\/v2\/product_brand?post=30878"},{"taxonomy":"product_cat","embeddable":true,"href":"https:\/\/gretasexylingerie.com\/fr\/wp-json\/wp\/v2\/product_cat?post=30878"},{"taxonomy":"product_tag","embeddable":true,"href":"https:\/\/gretasexylingerie.com\/fr\/wp-json\/wp\/v2\/product_tag?post=30878"}],"curies":[{"name":"wp","href":"https:\/\/api.w.org\/{rel}","templated":true}]}}