{"id":30869,"date":"2023-01-27T19:18:04","date_gmt":"2023-01-27T11:18:04","guid":{"rendered":"https:\/\/gretasexylingerie.com\/?post_type=product&#038;p=30869"},"modified":"2023-09-05T20:50:28","modified_gmt":"2023-09-05T12:50:28","slug":"body-sexy-en-resille-a-manches-longues-et-decollete-en-v-profond","status":"publish","type":"product","link":"https:\/\/gretasexylingerie.com\/fr\/products\/long-sleeve-deep-v-sexy-fishnet-body-suit\/","title":{"rendered":"Body en r\u00e9sille sexy \u00e0 manches longues en V profond"},"content":{"rendered":"<ul class=\"wp-block-list\">\n<li>Le body en r\u00e9sille sexy \u00e0 manches longues en V profond est fabriqu\u00e9 en nylon et \u00e9lasthanne de haute qualit\u00e9, doux, extensible et durable. Son mat\u00e9riau est tr\u00e8s lisse et vous fait vous sentir doux et confortable.<\/li>\n\n\n\n<li>Le costume sexy en r\u00e9sille est une taille unique, extensible, taille unique, flatte bien votre silhouette.<\/li>\n\n\n\n<li>Bon choix de cadeau : des bas de sous-v\u00eatements en r\u00e9sille peuvent \u00eatre offerts \u00e0 vos copines et meilleurs amis dans les festivals, montrez votre f\u00e9minit\u00e9, ajoutez du plaisir lors de la douce Saint-Valentin, anniversaire et autres festivals.<\/li>\n\n\n\n<li>Design tendance : chaussettes en r\u00e9sille tendance transparentes, le design apporte un impact visuel, refl\u00e9tant la sauvagerie et la chaleur, vous pouvez l&#039;associer avec des jupes quotidiennes ou des pantalons chauds, des performances sur sc\u00e8ne et des soir\u00e9es cosplay, montrez votre silhouette et inspirez votre confiance.<\/li>\n<\/ul>","protected":false},"excerpt":{"rendered":"<p>D\u00e9marquez-vous dans les bo\u00eetes de nuit avec le body en r\u00e9sille sexy \u00e0 manches longues en V profond. Il adopte une conception de poitrine ouverte, des manches longues en r\u00e9sille et utilise une ombre noire pour mettre en valeur le c\u00f4t\u00e9 sexy de la poitrine. La conception globale en r\u00e9sille utilise du noir pour couvrir l&#039;entrejambe.<\/p>","protected":false},"featured_media":30872,"template":"","meta":[],"product_brand":[],"product_cat":[409,405,367,404],"product_tag":[452,521,541,451,446],"class_list":{"0":"post-30869","1":"product","2":"type-product","3":"status-publish","4":"has-post-thumbnail","6":"product_cat-wholesale-stocking-bodysuit","7":"product_cat-wholesale-bodystocking","8":"product_cat-sexy-lingerie","9":"product_cat-sexy-stocking","10":"product_tag-wholesale-boudoir-lingerie","11":"product_tag-deep-v-lingerie","12":"product_tag-fishnet-lingerie","13":"product_tag-wholesale-revealing-lingerie","14":"product_tag-wholesale-sexy-see-through-lingerie","15":"pa_color-black","16":"pa_size-free","18":"first","19":"instock","20":"taxable","21":"shipping-taxable","22":"purchasable","23":"product-type-variable"},"tiered_pricing_type":"fixed","tiered_pricing_fixed_rules":[],"tiered_pricing_product_settings":{"layout":"default","base_unit_name":{"singular":null,"plural":null},"default_variation":null},"tiered_pricing_minimum_quantity":null,"tiered_pricing_roles_data":{"default_wholesaler":{"product_id":30869,"role":"default_wholesaler","pricing_type":"flat","regular_price":null,"sale_price":null,"discount":null,"discount_type":"sale_price","tiered_pricing_type":"fixed","percentage_rules":[],"fixed_rules":{"2":"2.79","30":"2.39","500":"1.79"},"minimum":null},"dropshippinger":{"product_id":30869,"role":"dropshippinger","pricing_type":"flat","regular_price":null,"sale_price":null,"discount":null,"discount_type":"sale_price","tiered_pricing_type":"fixed","percentage_rules":[],"fixed_rules":{"1":"3.49","5":"2.79","30":"1.99"},"minimum":null}},"tiered_pricing_percentage_rules":[],"tiered_pricing_maximum_quantity":null,"tiered_pricing_quantity_step":null,"_links":{"self":[{"href":"https:\/\/gretasexylingerie.com\/fr\/wp-json\/wp\/v2\/product\/30869","targetHints":{"allow":["GET"]}}],"collection":[{"href":"https:\/\/gretasexylingerie.com\/fr\/wp-json\/wp\/v2\/product"}],"about":[{"href":"https:\/\/gretasexylingerie.com\/fr\/wp-json\/wp\/v2\/types\/product"}],"wp:featuredmedia":[{"embeddable":true,"href":"https:\/\/gretasexylingerie.com\/fr\/wp-json\/wp\/v2\/media\/30872"}],"wp:attachment":[{"href":"https:\/\/gretasexylingerie.com\/fr\/wp-json\/wp\/v2\/media?parent=30869"}],"wp:term":[{"taxonomy":"product_brand","embeddable":true,"href":"https:\/\/gretasexylingerie.com\/fr\/wp-json\/wp\/v2\/product_brand?post=30869"},{"taxonomy":"product_cat","embeddable":true,"href":"https:\/\/gretasexylingerie.com\/fr\/wp-json\/wp\/v2\/product_cat?post=30869"},{"taxonomy":"product_tag","embeddable":true,"href":"https:\/\/gretasexylingerie.com\/fr\/wp-json\/wp\/v2\/product_tag?post=30869"}],"curies":[{"name":"wp","href":"https:\/\/api.w.org\/{rel}","templated":true}]}}