{"id":30859,"date":"2023-01-27T18:53:46","date_gmt":"2023-01-27T10:53:46","guid":{"rendered":"https:\/\/gretasexylingerie.com\/?post_type=product&#038;p=30859"},"modified":"2023-09-05T20:50:27","modified_gmt":"2023-09-05T12:50:27","slug":"bas-de-corps-transparent-avec-bretelles","status":"publish","type":"product","link":"https:\/\/gretasexylingerie.com\/fr\/products\/suspenders-sheer-body-stocking\/","title":{"rendered":"Bretelles Sheer Body Stocking"},"content":{"rendered":"<p>Caract\u00e9ristiques:<\/p>\n\n\n\n<p>* Le bas de corps transparent sans entrejambe Osuspenders est fait de nylon et d&#039;\u00e9lasthanne de haute qualit\u00e9, qui est doux, extensible et durable. Son mat\u00e9riau est tr\u00e8s lisse et vous fait vous sentir doux et confortable.<br>* Le bas de corps sans entrejambe est de taille unique, extensible, taille unique, flatte bien votre silhouette.<br>* Bon choix de cadeau : des bas de sous-v\u00eatements en r\u00e9sille peuvent \u00eatre offerts \u00e0 vos copines et meilleurs amis dans les festivals, montrez votre f\u00e9minit\u00e9, ajoutez du plaisir lors de la douce Saint-Valentin, anniversaire et autres festivals.<br>* Design tendance : chaussettes en r\u00e9sille tendance transparentes, le design apporte un impact visuel, refl\u00e9tant la sauvagerie et la chaleur, vous pouvez l&#039;assortir avec des jupes quotidiennes ou des pantalons chauds, des performances sur sc\u00e8ne et des soir\u00e9es cosplay, montrez votre silhouette et inspirez votre confiance.<\/p>","protected":false},"excerpt":{"rendered":"<p>Ajoutez de la magie \u00e0 votre soir\u00e9e glamour avec le bas de corps transparent sans entrejambe. Il est con\u00e7u avec une maille transparente, tout le corps est entour\u00e9 d&#039;une forme de diamant r\u00e9guli\u00e8re, et il y a des lignes noires \u00e9paisses pour former un faux porte-jarretelles, avec un design \u00e0 \u00e9paules d\u00e9nud\u00e9es.<\/p>","protected":false},"featured_media":30862,"template":"","meta":[],"product_brand":[],"product_cat":[407,405,404],"product_tag":[452,528,518,446,449,447],"class_list":{"0":"post-30859","1":"product","2":"type-product","3":"status-publish","4":"has-post-thumbnail","6":"product_cat-wholesale-full-body-stocking","7":"product_cat-wholesale-bodystocking","8":"product_cat-sexy-stocking","9":"product_tag-wholesale-boudoir-lingerie","10":"product_tag-halter-lingerie","11":"product_tag-mesh-lingerie","12":"product_tag-wholesale-sexy-see-through-lingerie","13":"product_tag-wholesale-sexy-crotchless-lingerie","14":"product_tag-wholesale-strappy-sexy-lingerie","15":"pa_color-black","16":"pa_size-free","18":"first","19":"instock","20":"taxable","21":"shipping-taxable","22":"purchasable","23":"product-type-variable"},"tiered_pricing_type":"fixed","tiered_pricing_fixed_rules":[],"tiered_pricing_product_settings":{"layout":"default","base_unit_name":{"singular":null,"plural":null},"default_variation":null},"tiered_pricing_minimum_quantity":null,"tiered_pricing_roles_data":{"default_wholesaler":{"product_id":30859,"role":"default_wholesaler","pricing_type":"flat","regular_price":null,"sale_price":null,"discount":null,"discount_type":"sale_price","tiered_pricing_type":"fixed","percentage_rules":[],"fixed_rules":{"2":"1.89","30":"1.59","500":"1.19"},"minimum":null},"dropshippinger":{"product_id":30859,"role":"dropshippinger","pricing_type":"flat","regular_price":null,"sale_price":null,"discount":null,"discount_type":"sale_price","tiered_pricing_type":"fixed","percentage_rules":[],"fixed_rules":{"2":"2.39","5":"1.89","30":"1.39"},"minimum":null}},"tiered_pricing_percentage_rules":[],"tiered_pricing_maximum_quantity":null,"tiered_pricing_quantity_step":null,"_links":{"self":[{"href":"https:\/\/gretasexylingerie.com\/fr\/wp-json\/wp\/v2\/product\/30859","targetHints":{"allow":["GET"]}}],"collection":[{"href":"https:\/\/gretasexylingerie.com\/fr\/wp-json\/wp\/v2\/product"}],"about":[{"href":"https:\/\/gretasexylingerie.com\/fr\/wp-json\/wp\/v2\/types\/product"}],"wp:featuredmedia":[{"embeddable":true,"href":"https:\/\/gretasexylingerie.com\/fr\/wp-json\/wp\/v2\/media\/30862"}],"wp:attachment":[{"href":"https:\/\/gretasexylingerie.com\/fr\/wp-json\/wp\/v2\/media?parent=30859"}],"wp:term":[{"taxonomy":"product_brand","embeddable":true,"href":"https:\/\/gretasexylingerie.com\/fr\/wp-json\/wp\/v2\/product_brand?post=30859"},{"taxonomy":"product_cat","embeddable":true,"href":"https:\/\/gretasexylingerie.com\/fr\/wp-json\/wp\/v2\/product_cat?post=30859"},{"taxonomy":"product_tag","embeddable":true,"href":"https:\/\/gretasexylingerie.com\/fr\/wp-json\/wp\/v2\/product_tag?post=30859"}],"curies":[{"name":"wp","href":"https:\/\/api.w.org\/{rel}","templated":true}]}}