{"id":30849,"date":"2023-01-27T18:43:28","date_gmt":"2023-01-27T10:43:28","guid":{"rendered":"https:\/\/gretasexylingerie.com\/?post_type=product&#038;p=30849"},"modified":"2024-02-15T22:50:42","modified_gmt":"2024-02-15T14:50:42","slug":"body-resille-rose-fonce-avec-noeud-papillon","status":"publish","type":"product","link":"https:\/\/gretasexylingerie.com\/fr\/products\/deep-pink-bowknot-fishnet-full-bodystocking\/","title":{"rendered":"Bodystocking R\u00e9sille Bowknot Rose Fonc\u00e9"},"content":{"rendered":"<ul class=\"wp-block-list\">\n<li>Le bodystocking complet en r\u00e9sille owknot est fabriqu\u00e9 en nylon et \u00e9lasthanne de haute qualit\u00e9, doux, extensible et durable. Son mat\u00e9riau est tr\u00e8s lisse et vous fait vous sentir doux et confortable.<\/li>\n\n\n\n<li>Le body complet est de taille unique, extensible, taille unique, flatte bien votre silhouette.<\/li>\n\n\n\n<li>Bon choix de cadeau : des bas de sous-v\u00eatements en r\u00e9sille peuvent \u00eatre offerts \u00e0 vos copines et meilleurs amis dans les festivals, montrez votre f\u00e9minit\u00e9, ajoutez du plaisir lors de la douce Saint-Valentin, anniversaire et autres festivals.<\/li>\n\n\n\n<li>Design tendance : chaussettes en r\u00e9sille tendance transparentes, le design apporte un impact visuel, refl\u00e9tant la sauvagerie et la chaleur, vous pouvez l&#039;associer avec des jupes quotidiennes ou des pantalons chauds, des performances sur sc\u00e8ne et des soir\u00e9es cosplay, montrez votre silhouette et inspirez votre confiance.<\/li>\n<\/ul>","protected":false},"excerpt":{"rendered":"<p>Illuminez Vos Soir\u00e9es Dans Ce Body Complet En R\u00e9sille Bowknot Rose Fonc\u00e9 Mignon Et Sexy. Dot\u00e9 d&#039;un design ouvert, il comporte un n\u0153ud sur le buste, des volants autour des bonnets, un corsage floral d\u00e9licat et une chaussette en r\u00e9sille.<\/p>","protected":false},"featured_media":30852,"template":"","meta":[],"product_brand":[],"product_cat":[407,405,367,404],"product_tag":[512,541,518,446,449],"class_list":{"0":"post-30849","1":"product","2":"type-product","3":"status-publish","4":"has-post-thumbnail","6":"product_cat-wholesale-full-body-stocking","7":"product_cat-wholesale-bodystocking","8":"product_cat-sexy-lingerie","9":"product_cat-sexy-stocking","10":"product_tag-bow-lingerie","11":"product_tag-fishnet-lingerie","12":"product_tag-mesh-lingerie","13":"product_tag-wholesale-sexy-see-through-lingerie","14":"product_tag-wholesale-sexy-crotchless-lingerie","15":"pa_color-deep-pink-women-sexy-lingerie","16":"pa_size-free","18":"first","19":"instock","20":"taxable","21":"shipping-taxable","22":"purchasable","23":"product-type-variable"},"tiered_pricing_type":"fixed","tiered_pricing_fixed_rules":[],"tiered_pricing_product_settings":{"layout":"table","base_unit_name":{"singular":null,"plural":null},"default_variation":null},"tiered_pricing_minimum_quantity":null,"tiered_pricing_roles_data":{"default_wholesaler":{"product_id":30849,"role":"default_wholesaler","pricing_type":"flat","regular_price":null,"sale_price":null,"discount":null,"discount_type":"sale_price","tiered_pricing_type":"fixed","percentage_rules":[],"fixed_rules":{"2":"1.59","30":"1.29","500":"0.99"},"minimum":null},"dropshippinger":{"product_id":30849,"role":"dropshippinger","pricing_type":"flat","regular_price":null,"sale_price":null,"discount":null,"discount_type":"sale_price","tiered_pricing_type":"fixed","percentage_rules":[],"fixed_rules":{"1":"1.99","5":"1.59","30":"1.19"},"minimum":null}},"tiered_pricing_percentage_rules":[],"tiered_pricing_maximum_quantity":null,"tiered_pricing_quantity_step":null,"_links":{"self":[{"href":"https:\/\/gretasexylingerie.com\/fr\/wp-json\/wp\/v2\/product\/30849","targetHints":{"allow":["GET"]}}],"collection":[{"href":"https:\/\/gretasexylingerie.com\/fr\/wp-json\/wp\/v2\/product"}],"about":[{"href":"https:\/\/gretasexylingerie.com\/fr\/wp-json\/wp\/v2\/types\/product"}],"wp:featuredmedia":[{"embeddable":true,"href":"https:\/\/gretasexylingerie.com\/fr\/wp-json\/wp\/v2\/media\/30852"}],"wp:attachment":[{"href":"https:\/\/gretasexylingerie.com\/fr\/wp-json\/wp\/v2\/media?parent=30849"}],"wp:term":[{"taxonomy":"product_brand","embeddable":true,"href":"https:\/\/gretasexylingerie.com\/fr\/wp-json\/wp\/v2\/product_brand?post=30849"},{"taxonomy":"product_cat","embeddable":true,"href":"https:\/\/gretasexylingerie.com\/fr\/wp-json\/wp\/v2\/product_cat?post=30849"},{"taxonomy":"product_tag","embeddable":true,"href":"https:\/\/gretasexylingerie.com\/fr\/wp-json\/wp\/v2\/product_tag?post=30849"}],"curies":[{"name":"wp","href":"https:\/\/api.w.org\/{rel}","templated":true}]}}