{"id":30840,"date":"2023-01-27T18:25:39","date_gmt":"2023-01-27T10:25:39","guid":{"rendered":"https:\/\/gretasexylingerie.com\/?post_type=product&#038;p=30840"},"modified":"2023-09-05T20:50:26","modified_gmt":"2023-09-05T12:50:26","slug":"combinaison-sexy-en-resille-ouverte-a-lentrejambe","status":"publish","type":"product","link":"https:\/\/gretasexylingerie.com\/fr\/products\/sexy-crotchless-fishnet-bodystocking\/","title":{"rendered":"Body r\u00e9sille sexy sans entrejambe"},"content":{"rendered":"<ul class=\"wp-block-list\">\n<li>Le body en r\u00e9sille sans entrejambe est fabriqu\u00e9 en nylon et \u00e9lasthanne de haute qualit\u00e9, doux, extensible et durable. Son mat\u00e9riau est tr\u00e8s lisse et vous fait vous sentir doux et confortable.<\/li>\n\n\n\n<li>Le body en r\u00e9sille sans entrejambe est de taille unique, extensible, taille unique, flatte bien votre silhouette.<\/li>\n\n\n\n<li>Bon choix de cadeau : des bas de sous-v\u00eatements en r\u00e9sille peuvent \u00eatre offerts \u00e0 vos copines et meilleurs amis dans les festivals, montrez votre f\u00e9minit\u00e9, ajoutez du plaisir lors de la douce Saint-Valentin, anniversaire et autres festivals.<br>* Design tendance : chaussettes en r\u00e9sille tendance transparentes, le design apporte un impact visuel, refl\u00e9tant la sauvagerie et la chaleur, vous pouvez l&#039;assortir avec des jupes quotidiennes ou des pantalons chauds, des performances sur sc\u00e8ne et des soir\u00e9es cosplay, montrez votre silhouette et inspirez votre confiance.<\/li>\n<\/ul>","protected":false},"excerpt":{"rendered":"<p>Travaillez la magie noire pendant votre lune de miel dans le body sexy en r\u00e9sille sans entrejambe. Dot\u00e9 d&#039;un design r\u00e9sille coquet avec des d\u00e9tails floraux sur le buste et le ventre, des d\u00e9tails floraux sur les genoux et un style dos nu.<\/p>","protected":false},"featured_media":30842,"template":"","meta":[],"product_brand":[],"product_cat":[407,405,404],"product_tag":[448,528,518,451,446,449],"class_list":{"0":"post-30840","1":"product","2":"type-product","3":"status-publish","4":"has-post-thumbnail","6":"product_cat-wholesale-full-body-stocking","7":"product_cat-wholesale-bodystocking","8":"product_cat-sexy-stocking","9":"product_tag-wholesale-elegant-sexy-lingerie","10":"product_tag-halter-lingerie","11":"product_tag-mesh-lingerie","12":"product_tag-wholesale-revealing-lingerie","13":"product_tag-wholesale-sexy-see-through-lingerie","14":"product_tag-wholesale-sexy-crotchless-lingerie","15":"pa_color-black","16":"pa_size-free","18":"first","19":"instock","20":"taxable","21":"shipping-taxable","22":"purchasable","23":"product-type-variable"},"tiered_pricing_type":"fixed","tiered_pricing_fixed_rules":[],"tiered_pricing_product_settings":{"layout":"default","base_unit_name":{"singular":null,"plural":null},"default_variation":{}},"tiered_pricing_minimum_quantity":null,"tiered_pricing_roles_data":{"default_wholesaler":{"product_id":30840,"role":"default_wholesaler","pricing_type":"flat","regular_price":null,"sale_price":null,"discount":null,"discount_type":"sale_price","tiered_pricing_type":"fixed","percentage_rules":[],"fixed_rules":{"2":"2.69","30":"2.19","500":"1.69"},"minimum":null},"dropshippinger":{"product_id":30840,"role":"dropshippinger","pricing_type":"flat","regular_price":3.27,"sale_price":null,"discount":null,"discount_type":"sale_price","tiered_pricing_type":"fixed","percentage_rules":[],"fixed_rules":{"1":"3.29","5":"2.69","30":"1.89"},"minimum":null}},"tiered_pricing_percentage_rules":[],"tiered_pricing_maximum_quantity":null,"tiered_pricing_quantity_step":null,"_links":{"self":[{"href":"https:\/\/gretasexylingerie.com\/fr\/wp-json\/wp\/v2\/product\/30840","targetHints":{"allow":["GET"]}}],"collection":[{"href":"https:\/\/gretasexylingerie.com\/fr\/wp-json\/wp\/v2\/product"}],"about":[{"href":"https:\/\/gretasexylingerie.com\/fr\/wp-json\/wp\/v2\/types\/product"}],"wp:featuredmedia":[{"embeddable":true,"href":"https:\/\/gretasexylingerie.com\/fr\/wp-json\/wp\/v2\/media\/30842"}],"wp:attachment":[{"href":"https:\/\/gretasexylingerie.com\/fr\/wp-json\/wp\/v2\/media?parent=30840"}],"wp:term":[{"taxonomy":"product_brand","embeddable":true,"href":"https:\/\/gretasexylingerie.com\/fr\/wp-json\/wp\/v2\/product_brand?post=30840"},{"taxonomy":"product_cat","embeddable":true,"href":"https:\/\/gretasexylingerie.com\/fr\/wp-json\/wp\/v2\/product_cat?post=30840"},{"taxonomy":"product_tag","embeddable":true,"href":"https:\/\/gretasexylingerie.com\/fr\/wp-json\/wp\/v2\/product_tag?post=30840"}],"curies":[{"name":"wp","href":"https:\/\/api.w.org\/{rel}","templated":true}]}}