{"id":30827,"date":"2023-01-26T12:37:12","date_gmt":"2023-01-26T04:37:12","guid":{"rendered":"https:\/\/gretasexylingerie.com\/?post_type=product&#038;p=30827"},"modified":"2023-09-05T20:50:26","modified_gmt":"2023-09-05T12:50:26","slug":"miss-body-harnais-noir-dos-nu-poitrine-nue","status":"publish","type":"product","link":"https:\/\/gretasexylingerie.com\/fr\/products\/miss-open-back-bare-breast-black-harness-bodysuit\/","title":{"rendered":"Miss Dos Ouvert Poitrine Nue Body Harnais Noir"},"content":{"rendered":"<p>Caract\u00e9ristiques:<\/p>\n\n\n\n<p>1. En utilisant des bandes \u00e9lastiques de haute qualit\u00e9, chaque partie peut \u00eatre ajust\u00e9e librement. Bien qu&#039;il n&#039;y ait qu&#039;une seule taille, elle peut \u00eatre utilis\u00e9e pour les figurines S-xl.<br>2. La bandouli\u00e8re et le cou suspendu sont con\u00e7us en une seule pi\u00e8ce, reli\u00e9s par un anneau en m\u00e9tal. La conception creuse pleine coupe rend vos seins plus dodus et sexy.<br>3. Ceinture \u00e9lastique r\u00e9glable. Il y a 3 anneaux m\u00e9talliques sur la partie avant qui sont respectivement reli\u00e9s aux anneaux m\u00e9talliques par des ceintures \u00e9lastiques. Boucle en forme de Z pour un enfilage et un retrait faciles.<br>4. Sous-v\u00eatements de type entrejambe ouvert, il y a deux anneaux m\u00e9talliques dans l&#039;entrejambe reli\u00e9s \u00e0 la ceinture \u00e0 travers la bande \u00e9lastique. Les fesses ne sont ni couvertes ni modifi\u00e9es de quelque mani\u00e8re que ce soit.<\/p>","protected":false},"excerpt":{"rendered":"<p>Le complexe Miss Open Back Bare Breast Women Black Harness Body semble ajouter une armure creuse \u00e0 votre corps. \u00c0 l&#039;aide de bandes \u00e9lastiques courtes de haute qualit\u00e9, chaque bande \u00e9lastique peut \u00eatre ajust\u00e9e librement, conception creuse pleine tasse, conception int\u00e9gr\u00e9e des bretelles et du cou licou, taille \u00e9lastique r\u00e9glable, sous-v\u00eatements ouverts \u00e0 l&#039;entrejambe.<\/p>","protected":false},"featured_media":30829,"template":"","meta":[],"product_brand":[],"product_cat":[379,377,367],"product_tag":[448,446,449,533,447],"class_list":{"0":"post-30827","1":"product","2":"type-product","3":"status-publish","4":"has-post-thumbnail","6":"product_cat-wholesale-harness-bodysuit","7":"product_cat-harness-lingerie","8":"product_cat-sexy-lingerie","9":"product_tag-wholesale-elegant-sexy-lingerie","10":"product_tag-wholesale-sexy-see-through-lingerie","11":"product_tag-wholesale-sexy-crotchless-lingerie","12":"product_tag-sexy-cupless-lingerie","13":"product_tag-wholesale-strappy-sexy-lingerie","14":"pa_color-black","15":"pa_size-free","17":"first","18":"instock","19":"taxable","20":"shipping-taxable","21":"purchasable","22":"product-type-variable"},"tiered_pricing_type":"fixed","tiered_pricing_fixed_rules":[],"tiered_pricing_product_settings":{"layout":"default","base_unit_name":{"singular":null,"plural":null},"default_variation":null},"tiered_pricing_minimum_quantity":null,"tiered_pricing_roles_data":{"default_wholesaler":{"product_id":30827,"role":"default_wholesaler","pricing_type":"flat","regular_price":null,"sale_price":null,"discount":null,"discount_type":"sale_price","tiered_pricing_type":"fixed","percentage_rules":[],"fixed_rules":{"2":"9.39","30":"8.29","500":"7.29"},"minimum":null},"dropshippinger":{"product_id":30827,"role":"dropshippinger","pricing_type":"flat","regular_price":null,"sale_price":null,"discount":null,"discount_type":"sale_price","tiered_pricing_type":"fixed","percentage_rules":[],"fixed_rules":{"1":"13.19","5":"10.99","30":"8.29"},"minimum":null}},"tiered_pricing_percentage_rules":[],"tiered_pricing_maximum_quantity":null,"tiered_pricing_quantity_step":null,"_links":{"self":[{"href":"https:\/\/gretasexylingerie.com\/fr\/wp-json\/wp\/v2\/product\/30827","targetHints":{"allow":["GET"]}}],"collection":[{"href":"https:\/\/gretasexylingerie.com\/fr\/wp-json\/wp\/v2\/product"}],"about":[{"href":"https:\/\/gretasexylingerie.com\/fr\/wp-json\/wp\/v2\/types\/product"}],"wp:featuredmedia":[{"embeddable":true,"href":"https:\/\/gretasexylingerie.com\/fr\/wp-json\/wp\/v2\/media\/30829"}],"wp:attachment":[{"href":"https:\/\/gretasexylingerie.com\/fr\/wp-json\/wp\/v2\/media?parent=30827"}],"wp:term":[{"taxonomy":"product_brand","embeddable":true,"href":"https:\/\/gretasexylingerie.com\/fr\/wp-json\/wp\/v2\/product_brand?post=30827"},{"taxonomy":"product_cat","embeddable":true,"href":"https:\/\/gretasexylingerie.com\/fr\/wp-json\/wp\/v2\/product_cat?post=30827"},{"taxonomy":"product_tag","embeddable":true,"href":"https:\/\/gretasexylingerie.com\/fr\/wp-json\/wp\/v2\/product_tag?post=30827"}],"curies":[{"name":"wp","href":"https:\/\/api.w.org\/{rel}","templated":true}]}}