{"id":30779,"date":"2023-01-26T11:17:06","date_gmt":"2023-01-26T03:17:06","guid":{"rendered":"https:\/\/gretasexylingerie.com\/?post_type=product&#038;p=30779"},"modified":"2023-09-05T20:50:23","modified_gmt":"2023-09-05T12:50:23","slug":"harnais-de-cables-sangles-decoupe-harnais-sous-vetements","status":"publish","type":"product","link":"https:\/\/gretasexylingerie.com\/fr\/products\/wire-harness-straps-cutout-harness-underwear\/","title":{"rendered":"Sous-v\u00eatements de harnais de d\u00e9coupe de sangles de harnais de fil"},"content":{"rendered":"<p>Caract\u00e9ristiques:<\/p>\n\n\n\n<p>1. La bande \u00e9lastique de haute qualit\u00e9 est utilis\u00e9e et le dos est en coton doux, ce qui ne causera aucune g\u00eane au corps.<br>2. La ceinture \u00e9lastique r\u00e9glable \u00e0 double couche avec un design pull-up rend la ceinture plus stable. Utilisez des anneaux m\u00e9talliques pour connecter chaque partie, ce qui est plus ferme et confortable.<br>3. Conception \u00e0 l&#039;entrejambe ouverte, la bande \u00e9lastique \u00e0 l&#039;entrejambe est reli\u00e9e \u00e0 la ceinture avec des boutons en forme de 8, vous rendant plus confortable.<br>4. La taille peut \u00eatre ajust\u00e9e librement, adapt\u00e9e pour S-xl.<\/p>","protected":false},"excerpt":{"rendered":"<p>La conception simple des sous-v\u00eatements de harnais de d\u00e9coupe de sangles de harnais de fil vous permet de montrer votre sex-appeal sans r\u00e9servation. Bande \u00e9lastique de haute qualit\u00e9, conception d&#039;entrejambe ouverte, ceinture \u00e9lastique r\u00e9glable \u00e0 double couche, des anneaux en m\u00e9tal sont utilis\u00e9s pour connecter chaque partie \u00e0 l&#039;avant et la ceinture inf\u00e9rieure est reli\u00e9e \u00e0 des boutons en forme de 8.<\/p>","protected":false},"featured_media":30782,"template":"","meta":[],"product_brand":[],"product_cat":[377,381,367],"product_tag":[452,446,447,504],"class_list":{"0":"post-30779","1":"product","2":"type-product","3":"status-publish","4":"has-post-thumbnail","6":"product_cat-harness-lingerie","7":"product_cat-wholesale-harness-underwear","8":"product_cat-sexy-lingerie","9":"product_tag-wholesale-boudoir-lingerie","10":"product_tag-wholesale-sexy-see-through-lingerie","11":"product_tag-wholesale-strappy-sexy-lingerie","12":"product_tag-ultra-sexy","13":"pa_color-black","14":"pa_size-free","16":"first","17":"instock","18":"taxable","19":"shipping-taxable","20":"purchasable","21":"product-type-variable"},"tiered_pricing_type":"fixed","tiered_pricing_fixed_rules":[],"tiered_pricing_product_settings":{"layout":"default","base_unit_name":{"singular":null,"plural":null},"default_variation":null},"tiered_pricing_minimum_quantity":null,"tiered_pricing_roles_data":{"default_wholesaler":{"product_id":30779,"role":"default_wholesaler","pricing_type":"flat","regular_price":null,"sale_price":null,"discount":null,"discount_type":"sale_price","tiered_pricing_type":"fixed","percentage_rules":[],"fixed_rules":{"2":"4.09","30":"3.59","500":"3.19"},"minimum":null},"dropshippinger":{"product_id":30779,"role":"dropshippinger","pricing_type":"flat","regular_price":null,"sale_price":null,"discount":null,"discount_type":"sale_price","tiered_pricing_type":"fixed","percentage_rules":[],"fixed_rules":{"1":"5.69","5":"4.69","30":"3.59"},"minimum":null}},"tiered_pricing_percentage_rules":[],"tiered_pricing_maximum_quantity":null,"tiered_pricing_quantity_step":null,"_links":{"self":[{"href":"https:\/\/gretasexylingerie.com\/fr\/wp-json\/wp\/v2\/product\/30779","targetHints":{"allow":["GET"]}}],"collection":[{"href":"https:\/\/gretasexylingerie.com\/fr\/wp-json\/wp\/v2\/product"}],"about":[{"href":"https:\/\/gretasexylingerie.com\/fr\/wp-json\/wp\/v2\/types\/product"}],"wp:featuredmedia":[{"embeddable":true,"href":"https:\/\/gretasexylingerie.com\/fr\/wp-json\/wp\/v2\/media\/30782"}],"wp:attachment":[{"href":"https:\/\/gretasexylingerie.com\/fr\/wp-json\/wp\/v2\/media?parent=30779"}],"wp:term":[{"taxonomy":"product_brand","embeddable":true,"href":"https:\/\/gretasexylingerie.com\/fr\/wp-json\/wp\/v2\/product_brand?post=30779"},{"taxonomy":"product_cat","embeddable":true,"href":"https:\/\/gretasexylingerie.com\/fr\/wp-json\/wp\/v2\/product_cat?post=30779"},{"taxonomy":"product_tag","embeddable":true,"href":"https:\/\/gretasexylingerie.com\/fr\/wp-json\/wp\/v2\/product_tag?post=30779"}],"curies":[{"name":"wp","href":"https:\/\/api.w.org\/{rel}","templated":true}]}}