{"id":30753,"date":"2023-01-25T16:55:10","date_gmt":"2023-01-25T08:55:10","guid":{"rendered":"https:\/\/gretasexylingerie.com\/?post_type=product&#038;p=30753"},"modified":"2023-09-05T20:50:22","modified_gmt":"2023-09-05T12:50:22","slug":"porte-jarretelles-fonctionnel-a-boucle-de-cuisse-noire","status":"publish","type":"product","link":"https:\/\/gretasexylingerie.com\/fr\/products\/black-thigh-loop-strap-functional-garter-belt\/","title":{"rendered":"Porte-jarretelles fonctionnel \u00e0 sangle de cuisse noire"},"content":{"rendered":"<p>Caract\u00e9ristiques:<\/p>\n\n\n\n<p>1. Une ceinture \u00e9lastique de haute qualit\u00e9 est utilis\u00e9e, qui peut \u00eatre ajust\u00e9e librement dans de nombreux endroits, et chaque partie du porte-jarretelles peut \u00eatre ajust\u00e9e en fonction de vos besoins.<br>2. Ceinture \u00e0 double couche, conception de style crois\u00e9, reli\u00e9e par des anneaux m\u00e9talliques \u00e0 l&#039;avant et \u00e0 l&#039;arri\u00e8re, chaque partie peut \u00eatre ajust\u00e9e librement.<br>3. Deux bretelles \u00e9lastiques dont la longueur peut \u00eatre ajust\u00e9e librement. (culotte non incluse).<br>4. La taille peut \u00eatre ajust\u00e9e librement, adapt\u00e9e pour S-xl.<\/p>","protected":false},"excerpt":{"rendered":"<p>Le porte-jarretelles fonctionnel \u00e0 sangle de cuisse noire avec un design simple est la meilleure d\u00e9coration pour votre lingerie. Bande \u00e9lastique de haute qualit\u00e9, design en forme de P, ceinture ajustable \u00e0 3 couches, reli\u00e9e par une boucle, \u00e9quip\u00e9e de deux bretelles.<\/p>","protected":false},"featured_media":30755,"template":"","meta":[],"product_brand":[],"product_cat":[378,377,367],"product_tag":[532,447,504],"class_list":{"0":"post-30753","1":"product","2":"type-product","3":"status-publish","4":"has-post-thumbnail","6":"product_cat-wholesale-garter-straps","7":"product_cat-harness-lingerie","8":"product_cat-sexy-lingerie","9":"product_tag-lingerie-suspender-set","10":"product_tag-wholesale-strappy-sexy-lingerie","11":"product_tag-ultra-sexy","12":"pa_color-black","13":"pa_size-free","15":"first","16":"instock","17":"taxable","18":"shipping-taxable","19":"purchasable","20":"product-type-variable"},"tiered_pricing_type":"fixed","tiered_pricing_fixed_rules":[],"tiered_pricing_product_settings":{"layout":"default","base_unit_name":{"singular":null,"plural":null},"default_variation":null},"tiered_pricing_minimum_quantity":null,"tiered_pricing_roles_data":{"default_wholesaler":{"product_id":30753,"role":"default_wholesaler","pricing_type":"flat","regular_price":null,"sale_price":null,"discount":null,"discount_type":"sale_price","tiered_pricing_type":"fixed","percentage_rules":[],"fixed_rules":{"2":"3.59","30":"3.19","500":"2.79"},"minimum":null},"dropshippinger":{"product_id":30753,"role":"dropshippinger","pricing_type":"flat","regular_price":null,"sale_price":null,"discount":null,"discount_type":"sale_price","tiered_pricing_type":"fixed","percentage_rules":[],"fixed_rules":{"1":"4.99","5":"4.19","30":"3.19"},"minimum":null}},"tiered_pricing_percentage_rules":[],"tiered_pricing_maximum_quantity":null,"tiered_pricing_quantity_step":null,"_links":{"self":[{"href":"https:\/\/gretasexylingerie.com\/fr\/wp-json\/wp\/v2\/product\/30753","targetHints":{"allow":["GET"]}}],"collection":[{"href":"https:\/\/gretasexylingerie.com\/fr\/wp-json\/wp\/v2\/product"}],"about":[{"href":"https:\/\/gretasexylingerie.com\/fr\/wp-json\/wp\/v2\/types\/product"}],"wp:featuredmedia":[{"embeddable":true,"href":"https:\/\/gretasexylingerie.com\/fr\/wp-json\/wp\/v2\/media\/30755"}],"wp:attachment":[{"href":"https:\/\/gretasexylingerie.com\/fr\/wp-json\/wp\/v2\/media?parent=30753"}],"wp:term":[{"taxonomy":"product_brand","embeddable":true,"href":"https:\/\/gretasexylingerie.com\/fr\/wp-json\/wp\/v2\/product_brand?post=30753"},{"taxonomy":"product_cat","embeddable":true,"href":"https:\/\/gretasexylingerie.com\/fr\/wp-json\/wp\/v2\/product_cat?post=30753"},{"taxonomy":"product_tag","embeddable":true,"href":"https:\/\/gretasexylingerie.com\/fr\/wp-json\/wp\/v2\/product_tag?post=30753"}],"curies":[{"name":"wp","href":"https:\/\/api.w.org\/{rel}","templated":true}]}}