{"id":30744,"date":"2023-01-25T16:45:41","date_gmt":"2023-01-25T08:45:41","guid":{"rendered":"https:\/\/gretasexylingerie.com\/?post_type=product&#038;p=30744"},"modified":"2023-09-05T20:50:21","modified_gmt":"2023-09-05T12:50:21","slug":"porte-jarretelles-elastique-avec-picots-pour-rehaussement-des-hanches","status":"publish","type":"product","link":"https:\/\/gretasexylingerie.com\/fr\/products\/hip-lift-elastic-garter-belt-with-spikes\/","title":{"rendered":"Porte-jarretelles \u00e9lastique Hip Lift avec pointes"},"content":{"rendered":"<p>Caract\u00e9ristiques:<\/p>\n\n\n\n<p>1. Ceinture tiss\u00e9e \u00e0 haute \u00e9lasticit\u00e9, couche int\u00e9rieure douce. Bien qu&#039;il n&#039;y ait qu&#039;une seule taille, il peut s&#039;adapter \u00e0 de nombreux types de corps. Cela ne vous fera pas ressentir d&#039;inconfort.<br>2. La conception de la ceinture \u00e0 3 couches rend la jarreti\u00e8re plus solide. Des anneaux m\u00e9talliques sont utilis\u00e9s pour connecter la ceinture, qui est non seulement confortable mais \u00e9galement stable. Chaque joint est orn\u00e9 d&#039;un rivet.<br>3. L&#039;anneau de jambe est directement connect\u00e9 au porte-jarretelles pour \u00e9viter les situations embarrassantes.<br>4. La taille peut \u00eatre ajust\u00e9e librement, adapt\u00e9e pour S-xl.<\/p>","protected":false},"excerpt":{"rendered":"<p>Lib\u00e9rez votre nature sexuelle avec le porte-jarretelles \u00e9lastique Hip Lift avec pointes. \u00c0 l&#039;aide de sangles de haute qualit\u00e9, deux anneaux m\u00e9talliques connectent 3 ceintures, chaque interface est connect\u00e9e avec des rivets et des boucles de jambe monobloc. (sans Culotte)<\/p>","protected":false},"featured_media":30747,"template":"","meta":[],"product_brand":[],"product_cat":[378,377,367],"product_tag":[524,447,504],"class_list":{"0":"post-30744","1":"product","2":"type-product","3":"status-publish","4":"has-post-thumbnail","6":"product_cat-wholesale-garter-straps","7":"product_cat-harness-lingerie","8":"product_cat-sexy-lingerie","9":"product_tag-metal-lingerie","10":"product_tag-wholesale-strappy-sexy-lingerie","11":"product_tag-ultra-sexy","12":"pa_color-black","13":"pa_size-free","15":"first","16":"instock","17":"taxable","18":"shipping-taxable","19":"purchasable","20":"product-type-variable"},"tiered_pricing_type":"fixed","tiered_pricing_fixed_rules":[],"tiered_pricing_product_settings":{"layout":"default","base_unit_name":{"singular":null,"plural":null},"default_variation":null},"tiered_pricing_minimum_quantity":null,"tiered_pricing_roles_data":{"default_wholesaler":{"product_id":30744,"role":"default_wholesaler","pricing_type":"flat","regular_price":null,"sale_price":null,"discount":null,"discount_type":"sale_price","tiered_pricing_type":"fixed","percentage_rules":[],"fixed_rules":{"2":"3.19","30":"2.79","500":"2.49"},"minimum":null},"dropshippinger":{"product_id":30744,"role":"dropshippinger","pricing_type":"flat","regular_price":null,"sale_price":null,"discount":null,"discount_type":"sale_price","tiered_pricing_type":"fixed","percentage_rules":[],"fixed_rules":{"1":"4.39","5":"3.69","30":"2.79"},"minimum":null}},"tiered_pricing_percentage_rules":[],"tiered_pricing_maximum_quantity":null,"tiered_pricing_quantity_step":null,"_links":{"self":[{"href":"https:\/\/gretasexylingerie.com\/fr\/wp-json\/wp\/v2\/product\/30744","targetHints":{"allow":["GET"]}}],"collection":[{"href":"https:\/\/gretasexylingerie.com\/fr\/wp-json\/wp\/v2\/product"}],"about":[{"href":"https:\/\/gretasexylingerie.com\/fr\/wp-json\/wp\/v2\/types\/product"}],"wp:featuredmedia":[{"embeddable":true,"href":"https:\/\/gretasexylingerie.com\/fr\/wp-json\/wp\/v2\/media\/30747"}],"wp:attachment":[{"href":"https:\/\/gretasexylingerie.com\/fr\/wp-json\/wp\/v2\/media?parent=30744"}],"wp:term":[{"taxonomy":"product_brand","embeddable":true,"href":"https:\/\/gretasexylingerie.com\/fr\/wp-json\/wp\/v2\/product_brand?post=30744"},{"taxonomy":"product_cat","embeddable":true,"href":"https:\/\/gretasexylingerie.com\/fr\/wp-json\/wp\/v2\/product_cat?post=30744"},{"taxonomy":"product_tag","embeddable":true,"href":"https:\/\/gretasexylingerie.com\/fr\/wp-json\/wp\/v2\/product_tag?post=30744"}],"curies":[{"name":"wp","href":"https:\/\/api.w.org\/{rel}","templated":true}]}}