{"id":30698,"date":"2023-01-25T13:38:28","date_gmt":"2023-01-25T05:38:28","guid":{"rendered":"https:\/\/gretasexylingerie.com\/?post_type=product&#038;p=30698"},"modified":"2023-09-05T20:50:18","modified_gmt":"2023-09-05T12:50:18","slug":"soutien-gorge-harnais-noir-en-maille-noire-avec-fuite-de-poitrine-sexy","status":"publish","type":"product","link":"https:\/\/gretasexylingerie.com\/fr\/products\/black-sexy-breast-leaking-mesh-black-harness-bra\/","title":{"rendered":"Soutien-gorge harnais noir en maille noire sexy qui fuit"},"content":{"rendered":"<p>Caract\u00e9ristiques:<\/p>\n\n\n\n<p>1. Bande \u00e9lastique de haute qualit\u00e9, conception multi-r\u00e9glable, bien qu&#039;il n&#039;y ait qu&#039;une seule taille, elle peut s&#039;adapter \u00e0 la plupart du corps.<br>2. Il y a une maille transparente noire sous la poitrine, qui est faite de tissu fin et tr\u00e8s \u00e9lastique, ce qui non seulement rend la poitrine plus mignonne, mais la soutient \u00e9galement.<br>3. La conception pull-up pleine coupe rend votre corps plus dodu. Les bretelles et le dos r\u00e9glables vous permettent de vous ajuster librement en fonction de votre condition physique.<\/p>","protected":false},"excerpt":{"rendered":"<p>Audacieux et coquet, le soutien-gorge harnais noir en maille noire sexy qui fuit am\u00e9liore votre moiti\u00e9 sup\u00e9rieure. Il adopte un la\u00e7age hautement \u00e9lastique et une conception multi-r\u00e9glable. La partie inf\u00e9rieure de la poitrine est soutenue par un tissu en maille transparente noire. 3 anneaux m\u00e9talliques relient la poitrine et les bretelles, et le dos est r\u00e9glable.<\/p>","protected":false},"featured_media":30702,"template":"","meta":[],"product_brand":[],"product_cat":[380,377,367],"product_tag":[518,451,446,533,504],"class_list":{"0":"post-30698","1":"product","2":"type-product","3":"status-publish","4":"has-post-thumbnail","6":"product_cat-wholesale-harness-bra-and-panty-set","7":"product_cat-harness-lingerie","8":"product_cat-sexy-lingerie","9":"product_tag-mesh-lingerie","10":"product_tag-wholesale-revealing-lingerie","11":"product_tag-wholesale-sexy-see-through-lingerie","12":"product_tag-sexy-cupless-lingerie","13":"product_tag-ultra-sexy","14":"pa_color-black","15":"pa_cup-wholesale-cupness-women-sexy-lingerie","16":"pa_size-free","18":"first","19":"instock","20":"taxable","21":"shipping-taxable","22":"purchasable","23":"product-type-variable"},"tiered_pricing_type":"fixed","tiered_pricing_fixed_rules":[],"tiered_pricing_product_settings":{"layout":"default","base_unit_name":{"singular":null,"plural":null},"default_variation":null},"tiered_pricing_minimum_quantity":null,"tiered_pricing_roles_data":{"default_wholesaler":{"product_id":30698,"role":"default_wholesaler","pricing_type":"flat","regular_price":null,"sale_price":null,"discount":null,"discount_type":"sale_price","tiered_pricing_type":"fixed","percentage_rules":[],"fixed_rules":{"2":"3.19","30":"2.79","500":"2.49"},"minimum":null},"dropshippinger":{"product_id":30698,"role":"dropshippinger","pricing_type":"flat","regular_price":null,"sale_price":null,"discount":null,"discount_type":"sale_price","tiered_pricing_type":"fixed","percentage_rules":[],"fixed_rules":{"1":"4.39","5":"3.69","30":"2.79"},"minimum":null}},"tiered_pricing_percentage_rules":[],"tiered_pricing_maximum_quantity":null,"tiered_pricing_quantity_step":null,"_links":{"self":[{"href":"https:\/\/gretasexylingerie.com\/fr\/wp-json\/wp\/v2\/product\/30698","targetHints":{"allow":["GET"]}}],"collection":[{"href":"https:\/\/gretasexylingerie.com\/fr\/wp-json\/wp\/v2\/product"}],"about":[{"href":"https:\/\/gretasexylingerie.com\/fr\/wp-json\/wp\/v2\/types\/product"}],"wp:featuredmedia":[{"embeddable":true,"href":"https:\/\/gretasexylingerie.com\/fr\/wp-json\/wp\/v2\/media\/30702"}],"wp:attachment":[{"href":"https:\/\/gretasexylingerie.com\/fr\/wp-json\/wp\/v2\/media?parent=30698"}],"wp:term":[{"taxonomy":"product_brand","embeddable":true,"href":"https:\/\/gretasexylingerie.com\/fr\/wp-json\/wp\/v2\/product_brand?post=30698"},{"taxonomy":"product_cat","embeddable":true,"href":"https:\/\/gretasexylingerie.com\/fr\/wp-json\/wp\/v2\/product_cat?post=30698"},{"taxonomy":"product_tag","embeddable":true,"href":"https:\/\/gretasexylingerie.com\/fr\/wp-json\/wp\/v2\/product_tag?post=30698"}],"curies":[{"name":"wp","href":"https:\/\/api.w.org\/{rel}","templated":true}]}}