{"id":30579,"date":"2023-01-24T20:21:27","date_gmt":"2023-01-24T12:21:27","guid":{"rendered":"https:\/\/gretasexylingerie.com\/?post_type=product&#038;p=30579"},"modified":"2023-09-05T20:50:15","modified_gmt":"2023-09-05T12:50:15","slug":"pyjama-transparent-chemise-longue-fendue-sur-le-cote","status":"publish","type":"product","link":"https:\/\/gretasexylingerie.com\/fr\/products\/sheer-pajamas-side-slit-long-chemise\/","title":{"rendered":"Pyjama Transparent Fente Lat\u00e9rale Nuisette Longue"},"content":{"rendered":"<p>Caract\u00e9ristiques:<\/p>\n\n\n\n<p>1. Dentelle florale transparente, structure en maille, respirante, confortable et ajoute un charme irr\u00e9sistible \u00e0 votre corps.<br>2. La conception \u00e0 ouverture lat\u00e9rale rend votre corps plus libre et vous permet de lib\u00e9rer librement votre charme.<br>3. Le d\u00e9collet\u00e9 en V profond est cousu avec une ceinture tress\u00e9e \u00e0 haute \u00e9lasticit\u00e9 pour augmenter la durabilit\u00e9 des v\u00eatements. Portez-le avec un string fabriqu\u00e9 dans le m\u00eame mat\u00e9riau.<\/p>\n\n\n\n<figure class=\"wp-block-table is-style-stripes\"><table><tbody><tr><td colspan=\"4\">Carte du site (CM)<\/td><\/tr><tr><td>Taille<\/td><td>Sous le buste<\/td><td>Longueur<\/td><td>Taille<\/td><\/tr><tr><td>S<\/td><td>100<\/td><td>130<\/td><td>65<\/td><\/tr><tr><td>M<\/td><td>105<\/td><td>132<\/td><td>70<\/td><\/tr><tr><td>L<\/td><td>110<\/td><td>134<\/td><td>75<\/td><\/tr><tr><td>XL<\/td><td>115<\/td><td>136<\/td><td>80<\/td><\/tr><tr><td>XXL<\/td><td>120<\/td><td>138<\/td><td>85<\/td><\/tr><tr><td colspan=\"4\">Carte du site (POUCES)<\/td><\/tr><tr><td>Taille<\/td><td>Sous le buste<\/td><td>Hauteur de tasse<\/td><td>Taille<\/td><\/tr><tr><td>S<\/td><td>40<\/td><td>52<\/td><td>26<\/td><\/tr><tr><td>M<\/td><td>42<\/td><td>52.8<\/td><td>28<\/td><\/tr><tr><td>L<\/td><td>44<\/td><td>53.6<\/td><td>30<\/td><\/tr><tr><td>XL<\/td><td>46<\/td><td>54.4<\/td><td>32<\/td><\/tr><tr><td>XXL<\/td><td>48<\/td><td>55.2<\/td><td>34<\/td><\/tr><tr><td colspan=\"4\">Remarque : 1. Il peut y avoir un \u00e9cart de 1 \u00e0 2 cm dans diff\u00e9rentes tailles, emplacements et \u00e9tirements de tissus. Le tableau des tailles est \u00e0 titre indicatif uniquement, il peut y avoir une petite diff\u00e9rence avec ce que vous obtenez. 2. Il existe 3 types d&#039;\u00e9lasticit\u00e9\u00a0: haute \u00e9lasticit\u00e9 (\u00e9tir\u00e9 des deux c\u00f4t\u00e9s), \u00e9lasticit\u00e9 moyenne (\u00e9tir\u00e9 d&#039;un c\u00f4t\u00e9) et non \u00e9lastique (ne peut pas \u00eatre \u00e9tir\u00e9). 3.La couleur peut \u00eatre plus claire ou plus fonc\u00e9e en raison de l&#039;affichage diff\u00e9rent du PC. 4. Lavez-le \u00e0 la main dans de l&#039;eau \u00e0 30 degr\u00e9s, suspendez-le pour s\u00e9cher \u00e0 l&#039;ombre, interdisez le blanchiment. 5.Il peut y avoir une l\u00e9g\u00e8re diff\u00e9rence sur les d\u00e9tails et le motif.<\/td><\/tr><\/tbody><\/table><\/figure>","protected":false},"excerpt":{"rendered":"<p>Sheer Pyjama Side Slit Long Nuisette vous aide \u00e0 profiter d&#039;une nuit de lune de miel passionnante. En utilisant de la dentelle transparente \u00e9vid\u00e9e de haute qualit\u00e9, des motifs soigneusement con\u00e7us ajoutent un attrait myst\u00e9rieux \u00e0 votre corps, et la conception \u00e0 ouverture lat\u00e9rale permet \u00e0 votre corps d&#039;\u00eatre plus libre. Il est assorti \u00e0 un string fabriqu\u00e9 dans le m\u00eame mat\u00e9riau en dentelle.<\/p>","protected":false},"featured_media":30581,"template":"","meta":[],"product_brand":[],"product_cat":[393,422,367],"product_tag":[452,516,518,446,504],"class_list":{"0":"post-30579","1":"product","2":"type-product","3":"status-publish","4":"has-post-thumbnail","6":"product_cat-wholesale-long-chemise","7":"product_cat-sexy-chemise","8":"product_cat-sexy-lingerie","9":"product_tag-wholesale-boudoir-lingerie","10":"product_tag-lace-lingerie","11":"product_tag-mesh-lingerie","12":"product_tag-wholesale-sexy-see-through-lingerie","13":"product_tag-ultra-sexy","14":"pa_color-black","15":"pa_color-fire-brick-women-sexy-lingerie","16":"pa_color-sea-green-women-sexy-lingerie","17":"pa_color-white","18":"pa_cup-full-cup","19":"pa_size-wholesale-large-size-women-sexy-lingerie","20":"pa_size-wholesale-medium-size-women-sexy-lingerie","21":"pa_size-wholesale-small-size-sexy-lingerie","22":"pa_size-wholesale-extra-large-sexy-lingerie","23":"pa_size-extra-extra-large-sexy-lingerie","25":"first","26":"instock","27":"taxable","28":"shipping-taxable","29":"purchasable","30":"product-type-variable"},"tiered_pricing_type":"fixed","tiered_pricing_fixed_rules":[],"tiered_pricing_product_settings":{"layout":"default","base_unit_name":{"singular":null,"plural":null},"default_variation":null},"tiered_pricing_minimum_quantity":null,"tiered_pricing_roles_data":{"default_wholesaler":{"product_id":30579,"role":"default_wholesaler","pricing_type":"flat","regular_price":null,"sale_price":null,"discount":null,"discount_type":"sale_price","tiered_pricing_type":"fixed","percentage_rules":[],"fixed_rules":{"2":"8.59","30":"7.39","500":"6.49"},"minimum":null},"dropshippinger":{"product_id":30579,"role":"dropshippinger","pricing_type":"flat","regular_price":null,"sale_price":null,"discount":null,"discount_type":"sale_price","tiered_pricing_type":"fixed","percentage_rules":[],"fixed_rules":{"1":"10.39","5":"8.59","20":"7.39"},"minimum":null}},"tiered_pricing_percentage_rules":[],"tiered_pricing_maximum_quantity":null,"tiered_pricing_quantity_step":null,"_links":{"self":[{"href":"https:\/\/gretasexylingerie.com\/fr\/wp-json\/wp\/v2\/product\/30579","targetHints":{"allow":["GET"]}}],"collection":[{"href":"https:\/\/gretasexylingerie.com\/fr\/wp-json\/wp\/v2\/product"}],"about":[{"href":"https:\/\/gretasexylingerie.com\/fr\/wp-json\/wp\/v2\/types\/product"}],"wp:featuredmedia":[{"embeddable":true,"href":"https:\/\/gretasexylingerie.com\/fr\/wp-json\/wp\/v2\/media\/30581"}],"wp:attachment":[{"href":"https:\/\/gretasexylingerie.com\/fr\/wp-json\/wp\/v2\/media?parent=30579"}],"wp:term":[{"taxonomy":"product_brand","embeddable":true,"href":"https:\/\/gretasexylingerie.com\/fr\/wp-json\/wp\/v2\/product_brand?post=30579"},{"taxonomy":"product_cat","embeddable":true,"href":"https:\/\/gretasexylingerie.com\/fr\/wp-json\/wp\/v2\/product_cat?post=30579"},{"taxonomy":"product_tag","embeddable":true,"href":"https:\/\/gretasexylingerie.com\/fr\/wp-json\/wp\/v2\/product_tag?post=30579"}],"curies":[{"name":"wp","href":"https:\/\/api.w.org\/{rel}","templated":true}]}}