{"id":30403,"date":"2023-01-24T16:33:43","date_gmt":"2023-01-24T08:33:43","guid":{"rendered":"https:\/\/gretasexylingerie.com\/?post_type=product&#038;p=30403"},"modified":"2023-09-05T20:50:07","modified_gmt":"2023-09-05T12:50:07","slug":"chemise-transparente-avec-noeud-en-dentelle-florale","status":"publish","type":"product","link":"https:\/\/gretasexylingerie.com\/fr\/products\/floral-lace-bow-see-through-chemise\/","title":{"rendered":"Nuisette transparente en dentelle florale avec n\u0153ud"},"content":{"rendered":"<p>Caract\u00e9ristiques:<\/p>\n\n\n\n<p>1. Tissu en maille transparente, tr\u00e8s doux et tr\u00e8s sexy.<br>2. La conception en dentelle florale creuse vous rend plus tentant.<br>3. Le devant de la jupe peut \u00eatre ouvert, vous permettant de profiter du bonheur sans barri\u00e8res.<br><\/p>\n\n\n\n<figure class=\"wp-block-table is-style-stripes\"><table><tbody><tr><td colspan=\"4\">Carte du site (CM)<\/td><\/tr><tr><td>Taille<\/td><td>Sous le buste<\/td><td>Taille<\/td><td>Longueur<\/td><\/tr><tr><td>S<\/td><td>88<\/td><td>66<\/td><td>65<\/td><\/tr><tr><td>M<\/td><td>92<\/td><td>71<\/td><td>67<\/td><\/tr><tr><td>L<\/td><td>96<\/td><td>76<\/td><td>69<\/td><\/tr><tr><td>XL<\/td><td>100<\/td><td>81<\/td><td>71<\/td><\/tr><tr><td colspan=\"4\">Carte du site (POUCES)<\/td><\/tr><tr><td>Taille<\/td><td>Sous le buste<\/td><td>Taille<\/td><td>Taille<\/td><\/tr><tr><td>S<\/td><td>35.2<\/td><td>26.4<\/td><td>26<\/td><\/tr><tr><td>M<\/td><td>36.8<\/td><td>28.4<\/td><td>26.8<\/td><\/tr><tr><td>L<\/td><td>38.4<\/td><td>30.4<\/td><td>27.6<\/td><\/tr><tr><td>XL<\/td><td>40<\/td><td>32.4<\/td><td>28.4<\/td><\/tr><tr><td colspan=\"4\">Remarque : 1. Il peut y avoir un \u00e9cart de 1 \u00e0 2 cm dans diff\u00e9rentes tailles, emplacements et \u00e9tirements de tissus. Le tableau des tailles est \u00e0 titre indicatif uniquement, il peut y avoir une petite diff\u00e9rence avec ce que vous obtenez. 2. Il existe 3 types d&#039;\u00e9lasticit\u00e9\u00a0: haute \u00e9lasticit\u00e9 (\u00e9tir\u00e9 des deux c\u00f4t\u00e9s), \u00e9lasticit\u00e9 moyenne (\u00e9tir\u00e9 d&#039;un c\u00f4t\u00e9) et non \u00e9lastique (ne peut pas \u00eatre \u00e9tir\u00e9). 3.La couleur peut \u00eatre plus claire ou plus fonc\u00e9e en raison de l&#039;affichage diff\u00e9rent du PC. 4. Lavez-le \u00e0 la main dans de l&#039;eau \u00e0 30 degr\u00e9s, suspendez-le pour s\u00e9cher \u00e0 l&#039;ombre, interdisez le blanchiment. 5.Il peut y avoir une l\u00e9g\u00e8re diff\u00e9rence sur les d\u00e9tails et le motif.<\/td><\/tr><\/tbody><\/table><\/figure>","protected":false},"excerpt":{"rendered":"<p>Nuisette transparente en dentelle florale avec n\u0153ud avec une transparence extr\u00eame pour rendre votre nuit encore plus merveilleuse. Tissu en maille transparente d\u00e9licate, dentelle florale d\u00e9coup\u00e9e, n\u0153ud de poitrine, ouverture de soutien avant, string assorti.<\/p>","protected":false},"featured_media":30409,"template":"","meta":[],"product_brand":[],"product_cat":[383,385,382,367],"product_tag":[512,516,518,451,446,504],"class_list":{"0":"post-30403","1":"product","2":"type-product","3":"status-publish","4":"has-post-thumbnail","6":"product_cat-wholesale-flyaway-babydoll","7":"product_cat-wholesale-mesh-babydoll","8":"product_cat-sexy-babydoll","9":"product_cat-sexy-lingerie","10":"product_tag-bow-lingerie","11":"product_tag-lace-lingerie","12":"product_tag-mesh-lingerie","13":"product_tag-wholesale-revealing-lingerie","14":"product_tag-wholesale-sexy-see-through-lingerie","15":"product_tag-ultra-sexy","16":"pa_color-aquamarine-women-sexy-lingerie","17":"pa_color-black","18":"pa_color-pink-women-sexy-lingerie","19":"pa_color-red-women-sexy-lingerie","20":"pa_color-white","21":"pa_cup-full-cup","22":"pa_size-wholesale-large-size-women-sexy-lingerie","23":"pa_size-wholesale-medium-size-women-sexy-lingerie","24":"pa_size-wholesale-small-size-sexy-lingerie","25":"pa_size-wholesale-extra-large-sexy-lingerie","27":"first","28":"instock","29":"taxable","30":"shipping-taxable","31":"purchasable","32":"product-type-variable"},"tiered_pricing_type":"fixed","tiered_pricing_fixed_rules":[],"tiered_pricing_product_settings":{"layout":"default","base_unit_name":{"singular":null,"plural":null},"default_variation":null},"tiered_pricing_minimum_quantity":null,"tiered_pricing_roles_data":{"default_wholesaler":{"product_id":30403,"role":"default_wholesaler","pricing_type":"flat","regular_price":null,"sale_price":null,"discount":null,"discount_type":"sale_price","tiered_pricing_type":"fixed","percentage_rules":[],"fixed_rules":{"2":"5.79","30":"4.99","500":"4.39"},"minimum":null},"dropshippinger":{"product_id":30403,"role":"dropshippinger","pricing_type":"flat","regular_price":null,"sale_price":null,"discount":null,"discount_type":"sale_price","tiered_pricing_type":"fixed","percentage_rules":[],"fixed_rules":{"1":"6.89","5":"5.79","30":"4.99"},"minimum":null}},"tiered_pricing_percentage_rules":[],"tiered_pricing_maximum_quantity":null,"tiered_pricing_quantity_step":null,"_links":{"self":[{"href":"https:\/\/gretasexylingerie.com\/fr\/wp-json\/wp\/v2\/product\/30403","targetHints":{"allow":["GET"]}}],"collection":[{"href":"https:\/\/gretasexylingerie.com\/fr\/wp-json\/wp\/v2\/product"}],"about":[{"href":"https:\/\/gretasexylingerie.com\/fr\/wp-json\/wp\/v2\/types\/product"}],"wp:featuredmedia":[{"embeddable":true,"href":"https:\/\/gretasexylingerie.com\/fr\/wp-json\/wp\/v2\/media\/30409"}],"wp:attachment":[{"href":"https:\/\/gretasexylingerie.com\/fr\/wp-json\/wp\/v2\/media?parent=30403"}],"wp:term":[{"taxonomy":"product_brand","embeddable":true,"href":"https:\/\/gretasexylingerie.com\/fr\/wp-json\/wp\/v2\/product_brand?post=30403"},{"taxonomy":"product_cat","embeddable":true,"href":"https:\/\/gretasexylingerie.com\/fr\/wp-json\/wp\/v2\/product_cat?post=30403"},{"taxonomy":"product_tag","embeddable":true,"href":"https:\/\/gretasexylingerie.com\/fr\/wp-json\/wp\/v2\/product_tag?post=30403"}],"curies":[{"name":"wp","href":"https:\/\/api.w.org\/{rel}","templated":true}]}}