{"id":30261,"date":"2023-01-23T20:35:21","date_gmt":"2023-01-23T12:35:21","guid":{"rendered":"https:\/\/gretasexylingerie.com\/?post_type=product&#038;p=30261"},"modified":"2023-12-09T21:28:04","modified_gmt":"2023-12-09T13:28:04","slug":"babydoll-dos-nu-en-maille-fendue","status":"publish","type":"product","link":"https:\/\/gretasexylingerie.com\/fr\/products\/backless-split-mesh-flyaway-babydoll\/","title":{"rendered":"Vente en gros Babydoll Flyaway en maille fendue dos nu"},"content":{"rendered":"<p>Caract\u00e9ristiques:<\/p>\n\n\n\n<p>1. Utilisez de la dentelle florale de haute qualit\u00e9 pour d\u00e9corer vos seins dodus. Conception d\u00e9coup\u00e9e, fleurs soigneusement con\u00e7ues, rendez vos parties importantes plus sexy.<br>2. La maille transparente et fine est utilis\u00e9e comme pendule de groupe pour augmenter le myst\u00e8re de votre corps. La conception ouverte vous permet de vous lib\u00e9rer librement.<br>3. Conception de string simple, utilisant le m\u00eame tissu en maille.<\/p>","protected":false},"excerpt":{"rendered":"<p>La nuisette ultra-sexy dos nu en maille fendue vous divertira chaque nuit. Dentelle florale d\u00e9coup\u00e9e de haute qualit\u00e9 pour votre buste complet, ourlet en maille fine solide, design ouvert, bretelles spaghetti r\u00e9glables, culotte assortie.<\/p>","protected":false},"featured_media":30263,"template":"","meta":[],"product_brand":[],"product_cat":[385,382,367],"product_tag":[448,518,973,451,446,504],"class_list":{"0":"post-30261","1":"product","2":"type-product","3":"status-publish","4":"has-post-thumbnail","6":"product_cat-wholesale-mesh-babydoll","7":"product_cat-sexy-babydoll","8":"product_cat-sexy-lingerie","9":"product_tag-wholesale-elegant-sexy-lingerie","10":"product_tag-mesh-lingerie","11":"product_tag-oem","12":"product_tag-wholesale-revealing-lingerie","13":"product_tag-wholesale-sexy-see-through-lingerie","14":"product_tag-ultra-sexy","15":"pa_color-black","16":"pa_color-red-women-sexy-lingerie","17":"pa_color-white","18":"pa_cup-wholesale-half-cup-women-sexy-lingerie","19":"pa_size-wholesale-large-size-women-sexy-lingerie","20":"pa_size-wholesale-medium-size-women-sexy-lingerie","21":"pa_size-wholesale-small-size-sexy-lingerie","23":"first","24":"outofstock","25":"taxable","26":"shipping-taxable","27":"purchasable","28":"product-type-variable"},"tiered_pricing_type":"fixed","tiered_pricing_fixed_rules":[],"tiered_pricing_product_settings":{"layout":"default","base_unit_name":{"singular":null,"plural":null},"default_variation":null},"tiered_pricing_minimum_quantity":null,"tiered_pricing_roles_data":{"default_wholesaler":{"product_id":30261,"role":"default_wholesaler","pricing_type":"flat","regular_price":null,"sale_price":null,"discount":null,"discount_type":"sale_price","tiered_pricing_type":"fixed","percentage_rules":[],"fixed_rules":{"2":"5.49","30":"4.69","500":"4.09"},"minimum":null},"dropshippinger":{"product_id":30261,"role":"dropshippinger","pricing_type":"flat","regular_price":null,"sale_price":null,"discount":null,"discount_type":"sale_price","tiered_pricing_type":"fixed","percentage_rules":[],"fixed_rules":{"1":"6.59","5":"5.49","30":"4.69"},"minimum":null}},"tiered_pricing_percentage_rules":[],"tiered_pricing_maximum_quantity":null,"tiered_pricing_quantity_step":null,"_links":{"self":[{"href":"https:\/\/gretasexylingerie.com\/fr\/wp-json\/wp\/v2\/product\/30261","targetHints":{"allow":["GET"]}}],"collection":[{"href":"https:\/\/gretasexylingerie.com\/fr\/wp-json\/wp\/v2\/product"}],"about":[{"href":"https:\/\/gretasexylingerie.com\/fr\/wp-json\/wp\/v2\/types\/product"}],"wp:featuredmedia":[{"embeddable":true,"href":"https:\/\/gretasexylingerie.com\/fr\/wp-json\/wp\/v2\/media\/30263"}],"wp:attachment":[{"href":"https:\/\/gretasexylingerie.com\/fr\/wp-json\/wp\/v2\/media?parent=30261"}],"wp:term":[{"taxonomy":"product_brand","embeddable":true,"href":"https:\/\/gretasexylingerie.com\/fr\/wp-json\/wp\/v2\/product_brand?post=30261"},{"taxonomy":"product_cat","embeddable":true,"href":"https:\/\/gretasexylingerie.com\/fr\/wp-json\/wp\/v2\/product_cat?post=30261"},{"taxonomy":"product_tag","embeddable":true,"href":"https:\/\/gretasexylingerie.com\/fr\/wp-json\/wp\/v2\/product_tag?post=30261"}],"curies":[{"name":"wp","href":"https:\/\/api.w.org\/{rel}","templated":true}]}}