{"id":30197,"date":"2023-01-23T20:05:16","date_gmt":"2023-01-23T12:05:16","guid":{"rendered":"https:\/\/gretasexylingerie.com\/?post_type=product&#038;p=30197"},"modified":"2023-11-14T20:48:40","modified_gmt":"2023-11-14T12:48:40","slug":"ensemble-nuisette-en-dentelle-et-maille-a-bretelles-en-v-profond","status":"publish","type":"product","link":"https:\/\/gretasexylingerie.com\/fr\/products\/deep-v-sling-mesh-lace-babydoll-set\/","title":{"rendered":"Ensemble de nuisette en dentelle \u00e0 mailles en V profond"},"content":{"rendered":"<p>Caract\u00e9ristiques:<\/p>\n\n\n\n<p>1. Le tissu en maille transparente et douce est non seulement sexy, mais \u00e9galement plus adapt\u00e9 au sommeil.<br>2. La conception en dentelle creuse sur la poitrine ajoute plus de contenu \u00e0 vos parties importantes.<br>3. Bretelles fines r\u00e9glables, vous permettant d&#039;avoir une meilleure exp\u00e9rience de port.<\/p>\n\n\n\n<figure class=\"wp-block-table is-style-stripes\"><table><tbody><tr><td colspan=\"4\">Carte du site (CM)<\/td><\/tr><tr><td>Taille<\/td><td>Sous le buste<\/td><td>Taille<\/td><td>Longueur<\/td><\/tr><tr><td>S<\/td><td>72-100<\/td><td>68<\/td><td>73<\/td><\/tr><tr><td>M<\/td><td>76-104<\/td><td>72<\/td><td>75<\/td><\/tr><tr><td>L<\/td><td>80-108<\/td><td>76<\/td><td>77<\/td><\/tr><tr><td>XL<\/td><td>84-112<\/td><td>80<\/td><td>79<\/td><\/tr><tr><td>XXL<\/td><td>88-116<\/td><td>84<\/td><td>81<\/td><\/tr><tr><td colspan=\"4\">Carte du site (POUCES)<\/td><\/tr><tr><td>Taille<\/td><td>Sous le buste<\/td><td>Taille<\/td><td>Taille<\/td><\/tr><tr><td>S<\/td><td>28.8-40<\/td><td>27.2<\/td><td>29.2<\/td><\/tr><tr><td>M<\/td><td>30.4-41.6<\/td><td>28.8<\/td><td>30<\/td><\/tr><tr><td>L<\/td><td>32-43.2<\/td><td>30.4<\/td><td>30.8<\/td><\/tr><tr><td>XL<\/td><td>33.6-44.8<\/td><td>32<\/td><td>31.6<\/td><\/tr><tr><td>XXL<\/td><td>35.2-46.4<\/td><td>33.6<\/td><td>32.4<\/td><\/tr><tr><td colspan=\"4\">Remarque : 1. Il peut y avoir un \u00e9cart de 1 \u00e0 2 cm dans diff\u00e9rentes tailles, emplacements et \u00e9tirements de tissus. Le tableau des tailles est \u00e0 titre indicatif uniquement, il peut y avoir une petite diff\u00e9rence avec ce que vous obtenez. 2. Il existe 3 types d&#039;\u00e9lasticit\u00e9\u00a0: haute \u00e9lasticit\u00e9 (\u00e9tir\u00e9 des deux c\u00f4t\u00e9s), \u00e9lasticit\u00e9 moyenne (\u00e9tir\u00e9 d&#039;un c\u00f4t\u00e9) et non \u00e9lastique (ne peut pas \u00eatre \u00e9tir\u00e9). 3.La couleur peut \u00eatre plus claire ou plus fonc\u00e9e en raison de l&#039;affichage diff\u00e9rent du PC. 4. Lavez-le \u00e0 la main dans de l&#039;eau \u00e0 30 degr\u00e9s, suspendez-le pour s\u00e9cher \u00e0 l&#039;ombre, interdisez le blanchiment. 5.Il peut y avoir une l\u00e9g\u00e8re diff\u00e9rence sur les d\u00e9tails et le motif.<\/td><\/tr><\/tbody><\/table><\/figure>","protected":false},"excerpt":{"rendered":"<p>Montrez votre silhouette glamour avec l&#039;ensemble de nuisette en dentelle Sling Mesh, tissu en maille fine et douce, dentelle d\u00e9coup\u00e9e de haute qualit\u00e9, bretelles spaghetti r\u00e9glables, culotte string assortie.<br \/>\n<iframe width=\"840\" height=\"473\" src=\"https:\/\/www.youtube.com\/embed\/kCPYAbkB8cw\" title=\"Ensemble de nuisette en dentelle \u00e0 mailles en V profond\" frameborder=\"0\" allow=\"accelerometer; autoplay; clipboard-write; encrypted-media; gyroscope; picture-in-picture; web-share\" allowfullscreen><\/iframe><\/p>","protected":false},"featured_media":30199,"template":"","meta":[],"product_brand":[],"product_cat":[367,384,385,382],"product_tag":[512,521,516,518,446,504],"class_list":{"0":"post-30197","1":"product","2":"type-product","3":"status-publish","4":"has-post-thumbnail","6":"product_cat-sexy-lingerie","7":"product_cat-wholesale-lace-babydoll","8":"product_cat-wholesale-mesh-babydoll","9":"product_cat-sexy-babydoll","10":"product_tag-bow-lingerie","11":"product_tag-deep-v-lingerie","12":"product_tag-lace-lingerie","13":"product_tag-mesh-lingerie","14":"product_tag-wholesale-sexy-see-through-lingerie","15":"product_tag-ultra-sexy","16":"pa_color-black","17":"pa_color-hot-pink-women-sexy-lingerie","18":"pa_color-pink-women-sexy-lingerie","19":"pa_color-red-women-sexy-lingerie","20":"pa_color-sea-green-women-sexy-lingerie","21":"pa_cup-wholesale-half-cup-women-sexy-lingerie","22":"pa_size-wholesale-large-size-women-sexy-lingerie","23":"pa_size-wholesale-medium-size-women-sexy-lingerie","24":"pa_size-wholesale-small-size-sexy-lingerie","25":"pa_size-wholesale-extra-large-sexy-lingerie","26":"pa_size-extra-extra-large-sexy-lingerie","28":"first","29":"instock","30":"taxable","31":"shipping-taxable","32":"purchasable","33":"product-type-variable"},"tiered_pricing_type":"fixed","tiered_pricing_fixed_rules":[],"tiered_pricing_product_settings":{"layout":"default","base_unit_name":{"singular":null,"plural":null},"default_variation":null},"tiered_pricing_minimum_quantity":null,"tiered_pricing_roles_data":{"default_wholesaler":{"product_id":30197,"role":"default_wholesaler","pricing_type":"flat","regular_price":null,"sale_price":null,"discount":null,"discount_type":"sale_price","tiered_pricing_type":"fixed","percentage_rules":[],"fixed_rules":{"2":"7.09","30":"6.09","500":"5.29"},"minimum":null},"dropshippinger":{"product_id":30197,"role":"dropshippinger","pricing_type":"flat","regular_price":null,"sale_price":null,"discount":null,"discount_type":"sale_price","tiered_pricing_type":"fixed","percentage_rules":[],"fixed_rules":{"1":"8.49","5":"7.09","20":"6.09"},"minimum":null}},"tiered_pricing_percentage_rules":[],"tiered_pricing_maximum_quantity":null,"tiered_pricing_quantity_step":null,"_links":{"self":[{"href":"https:\/\/gretasexylingerie.com\/fr\/wp-json\/wp\/v2\/product\/30197","targetHints":{"allow":["GET"]}}],"collection":[{"href":"https:\/\/gretasexylingerie.com\/fr\/wp-json\/wp\/v2\/product"}],"about":[{"href":"https:\/\/gretasexylingerie.com\/fr\/wp-json\/wp\/v2\/types\/product"}],"wp:featuredmedia":[{"embeddable":true,"href":"https:\/\/gretasexylingerie.com\/fr\/wp-json\/wp\/v2\/media\/30199"}],"wp:attachment":[{"href":"https:\/\/gretasexylingerie.com\/fr\/wp-json\/wp\/v2\/media?parent=30197"}],"wp:term":[{"taxonomy":"product_brand","embeddable":true,"href":"https:\/\/gretasexylingerie.com\/fr\/wp-json\/wp\/v2\/product_brand?post=30197"},{"taxonomy":"product_cat","embeddable":true,"href":"https:\/\/gretasexylingerie.com\/fr\/wp-json\/wp\/v2\/product_cat?post=30197"},{"taxonomy":"product_tag","embeddable":true,"href":"https:\/\/gretasexylingerie.com\/fr\/wp-json\/wp\/v2\/product_tag?post=30197"}],"curies":[{"name":"wp","href":"https:\/\/api.w.org\/{rel}","templated":true}]}}