{"id":30162,"date":"2023-01-21T15:19:11","date_gmt":"2023-01-21T07:19:11","guid":{"rendered":"https:\/\/gretasexylingerie.com\/?post_type=product&#038;p=30162"},"modified":"2024-04-04T15:52:57","modified_gmt":"2024-04-04T07:52:57","slug":"combinaison-moulante-sexy-a-decoupes-et-bretelles","status":"publish","type":"product","link":"https:\/\/gretasexylingerie.com\/fr\/products\/sexy-cutout-body-sculpting-strappy-teddy-suit\/","title":{"rendered":"Costume en peluche sexy \u00e0 bretelles sculptant le corps d\u00e9coup\u00e9"},"content":{"rendered":"<p>Caract\u00e9ristiques:<\/p>\n\n\n\n<p>1. En utilisant des sangles \u00e0 haute \u00e9lasticit\u00e9, gr\u00e2ce \u00e0 une conception exquise, il enveloppe \u00e9troitement votre corps.<br>2. Conception \u00e9vid\u00e9e, des sangles \u00e0 double couche sont utilis\u00e9es pour couvrir les mamelons sur la poitrine. La conception compl\u00e8te de la tasse vous rend plus dodu. Des bretelles r\u00e9glables et un design \u00e0 encliqueter facilitent la mise en place et le retrait.<br>3. Ouvrez la culotte, les parties secr\u00e8tes ne sont pas couvertes et il y a deux supports \u00e0 lani\u00e8res derri\u00e8re les fesses, ce qui la rend plus sexy.<\/p>\n\n\n\n<p>1. Tous nos produits ont un stock suffisant, bienvenue pour passer une commande \u00e0 tout moment. Nous confirmerons la commande dans les 24 heures apr\u00e8s avoir pass\u00e9 la commande.<\/p>\n\n\n\n<p>2. Il n&#039;y a pas d&#039;exigence de MOQ pour tous nos produits en stock, et nous soutenons la vente en gros mixte. Apr\u00e8s avoir s\u00e9lectionn\u00e9 un SKU complet, le syst\u00e8me affichera automatiquement les prix correspondant aux diff\u00e9rentes quantit\u00e9s.<\/p>\n\n\n\n<p>3. Apr\u00e8s confirmation de la commande, nous terminons g\u00e9n\u00e9ralement la livraison dans les 2-3 jours ouvrables (sauf les jours f\u00e9ri\u00e9s ou d&#039;autres raisons sp\u00e9ciales), vous pouvez trouver votre commande et la suivre dans le <a href=\"https:\/\/gretasexylingerie.com\/fr\/contactez-nous\/\"><span class=\"s1\">Mon compte<\/span><\/a>&nbsp;page.<\/p>\n\n\n\n<p>4. Notre m\u00e9thode d&#039;exp\u00e9dition par d\u00e9faut est par avion, principalement via Fedex, TNT, EMS, UPS, DHL ou d&#039;autres prestataires de services logistiques, d\u00e9pend principalement de votre commande et de votre adresse. Si vous avez besoin d&#039;une m\u00e9thode d&#039;exp\u00e9dition plus \u00e9conomique ou si vous avez des questions sur les frais d&#039;exp\u00e9dition, n&#039;h\u00e9sitez pas \u00e0 <a href=\"https:\/\/gretasexylingerie.com\/fr\/mon-compte\/\"><span class=\"s1\">Contactez-nous<\/span><\/a>.<\/p>\n\n\n\n<p>5. Nous ne paierons pas de taxe d&#039;importation pour votre commande par d\u00e9faut. Vous devez effectuer le paiement selon les exigences de votre pays lorsque la douane vous contacte. Cependant, si vous en avez besoin, veuillez noter dans la commande que nous pouvons vous facturer des frais suppl\u00e9mentaires.<\/p>\n\n\n\n<p>6. Nos commandes prennent en charge les retours, veuillez visiter notre <a href=\"https:\/\/gretasexylingerie.com\/fr\/politique-de-retour\/\"><span class=\"s1\">politique de retour<\/span><\/a>&nbsp;pour plus d&#039;informations.<\/p>\n\n\n\n<p>7. Si vous avez besoin de conna\u00eetre les questions les plus fr\u00e9quemment pos\u00e9es, veuillez visiter <a href=\"https:\/\/gretasexylingerie.com\/fr\/aide-a-la-clientele\/\"><span class=\"s1\">Aide client<\/span><\/a>.<\/p>","protected":false},"excerpt":{"rendered":"<p>Choisissez le costume sexy \u00e0 bretelles sculptant le corps d\u00e9coup\u00e9 pour l&#039;ultime happy hour. Dispose d&#039;une sangle tr\u00e8s extensible, d&#039;un design d\u00e9coup\u00e9 sur la poitrine, de bretelles r\u00e9glables, d&#039;une boucle de poitrine amovible et d&#039;un entrejambe ouvert.<\/p>","protected":false},"featured_media":30170,"template":"","meta":[],"product_brand":[],"product_cat":[398,379,377,367,395],"product_tag":[448,973,451,446,449,447,504],"class_list":{"0":"post-30162","1":"product","2":"type-product","3":"status-publish","4":"has-post-thumbnail","6":"product_cat-wholesale-strappy-teddy","7":"product_cat-wholesale-harness-bodysuit","8":"product_cat-harness-lingerie","9":"product_cat-sexy-lingerie","10":"product_cat-sexy-teddy-suit","11":"product_tag-wholesale-elegant-sexy-lingerie","12":"product_tag-oem","13":"product_tag-wholesale-revealing-lingerie","14":"product_tag-wholesale-sexy-see-through-lingerie","15":"product_tag-wholesale-sexy-crotchless-lingerie","16":"product_tag-wholesale-strappy-sexy-lingerie","17":"product_tag-ultra-sexy","18":"pa_color-black","19":"pa_color-blue-women-sexy-lingerie","20":"pa_color-red-women-sexy-lingerie","21":"pa_cup-full-cup","22":"pa_size-wholesale-large-size-women-sexy-lingerie","23":"pa_size-wholesale-medium-size-women-sexy-lingerie","24":"pa_size-wholesale-small-size-sexy-lingerie","26":"first","27":"instock","28":"taxable","29":"shipping-taxable","30":"purchasable","31":"product-type-variable"},"tiered_pricing_type":"fixed","tiered_pricing_fixed_rules":[],"tiered_pricing_product_settings":{"layout":"table","base_unit_name":{"singular":null,"plural":null},"default_variation":null},"tiered_pricing_minimum_quantity":null,"tiered_pricing_roles_data":[],"tiered_pricing_percentage_rules":[],"tiered_pricing_maximum_quantity":null,"tiered_pricing_quantity_step":null,"_links":{"self":[{"href":"https:\/\/gretasexylingerie.com\/fr\/wp-json\/wp\/v2\/product\/30162","targetHints":{"allow":["GET"]}}],"collection":[{"href":"https:\/\/gretasexylingerie.com\/fr\/wp-json\/wp\/v2\/product"}],"about":[{"href":"https:\/\/gretasexylingerie.com\/fr\/wp-json\/wp\/v2\/types\/product"}],"wp:featuredmedia":[{"embeddable":true,"href":"https:\/\/gretasexylingerie.com\/fr\/wp-json\/wp\/v2\/media\/30170"}],"wp:attachment":[{"href":"https:\/\/gretasexylingerie.com\/fr\/wp-json\/wp\/v2\/media?parent=30162"}],"wp:term":[{"taxonomy":"product_brand","embeddable":true,"href":"https:\/\/gretasexylingerie.com\/fr\/wp-json\/wp\/v2\/product_brand?post=30162"},{"taxonomy":"product_cat","embeddable":true,"href":"https:\/\/gretasexylingerie.com\/fr\/wp-json\/wp\/v2\/product_cat?post=30162"},{"taxonomy":"product_tag","embeddable":true,"href":"https:\/\/gretasexylingerie.com\/fr\/wp-json\/wp\/v2\/product_tag?post=30162"}],"curies":[{"name":"wp","href":"https:\/\/api.w.org\/{rel}","templated":true}]}}