{"id":30111,"date":"2023-01-21T14:46:44","date_gmt":"2023-01-21T06:46:44","guid":{"rendered":"https:\/\/gretasexylingerie.com\/?post_type=product&#038;p=30111"},"modified":"2023-10-22T23:17:45","modified_gmt":"2023-10-22T15:17:45","slug":"combinaison-en-peluche-a-rayures-et-cravate-fleurie","status":"publish","type":"product","link":"https:\/\/gretasexylingerie.com\/fr\/products\/floral-tie-stripe-teddy-suit\/","title":{"rendered":"Teddy Floral Tie Stripe"},"content":{"rendered":"<p>Caract\u00e9ristiques:<\/p>\n\n\n\n<p>1. La ceinture tiss\u00e9e fine \u00e0 haute \u00e9lasticit\u00e9 est soigneusement con\u00e7ue pour mieux mettre en valeur votre silhouette avec le moins de structure.<br>2. D\u00e9coupez les fleurs sur votre poitrine et au milieu du corps. Cachez vos endroits les plus sexy pour plus de myst\u00e8re.<br>3. Les fines bretelles r\u00e9glables et les deux couches de boutons vous permettent de mettre et de retirer plus facilement. Ceinture fine r\u00e9glable \u00e0 la taille.<\/p>\n\n\n\n<figure class=\"wp-block-table is-style-stripes\"><table><tbody><tr><td colspan=\"4\">Carte du site (CM)<\/td><\/tr><tr><td>Taille<\/td><td>Sous le buste<\/td><td>Taille<\/td><td>Longueur<\/td><\/tr><tr><td>S<\/td><td>71<\/td><td>58<\/td><td>49<\/td><\/tr><tr><td>M<\/td><td>75<\/td><td>62<\/td><td>50<\/td><\/tr><tr><td>L<\/td><td>79<\/td><td>66<\/td><td>53<\/td><\/tr><tr><td colspan=\"4\">Carte du site (POUCES)<\/td><\/tr><tr><td>Taille<\/td><td>Sous le buste<\/td><td>Taille<\/td><td>Taille<\/td><\/tr><tr><td>S<\/td><td>28.4<\/td><td>23.2<\/td><td>19.6<\/td><\/tr><tr><td>M<\/td><td>30<\/td><td>24.8<\/td><td>20<\/td><\/tr><tr><td>L<\/td><td>31.6<\/td><td>26.4<\/td><td>21.2<\/td><\/tr><tr><td colspan=\"4\">Remarque : 1. Il peut y avoir un \u00e9cart de 1 \u00e0 2 cm dans diff\u00e9rentes tailles, emplacements et \u00e9tirements de tissus. Le tableau des tailles est \u00e0 titre indicatif uniquement, il peut y avoir une petite diff\u00e9rence avec ce que vous obtenez. 2. Il existe 3 types d&#039;\u00e9lasticit\u00e9\u00a0: haute \u00e9lasticit\u00e9 (\u00e9tir\u00e9 des deux c\u00f4t\u00e9s), \u00e9lasticit\u00e9 moyenne (\u00e9tir\u00e9 d&#039;un c\u00f4t\u00e9) et non \u00e9lastique (ne peut pas \u00eatre \u00e9tir\u00e9). 3.La couleur peut \u00eatre plus claire ou plus fonc\u00e9e en raison de l&#039;affichage diff\u00e9rent du PC. 4. Lavez-le \u00e0 la main dans de l&#039;eau \u00e0 30 degr\u00e9s, suspendez-le pour s\u00e9cher \u00e0 l&#039;ombre, interdisez le blanchiment. 5.Il peut y avoir une l\u00e9g\u00e8re diff\u00e9rence sur les d\u00e9tails et le motif.<\/td><\/tr><\/tbody><\/table><\/figure>","protected":false},"excerpt":{"rendered":"<p>Le costume Teddy \u00e0 rayures florales sexy ultime pour vous aider \u00e0 lib\u00e9rer tout votre amour pour votre amoureux. De fines bretelles tress\u00e9es tr\u00e8s extensibles sont utilis\u00e9es comme mat\u00e9riau principal, des fleurs creuses d\u00e9corent la poitrine et la partie m\u00e9diane du corps, de fines bretelles r\u00e9glables et des boutons \u00e0 double boutonnage.<\/p>\n<p>https:\/\/youtu.be\/jJFBrHr12ww<\/p>","protected":false},"featured_media":30113,"template":"","meta":[],"product_brand":[],"product_cat":[398,367,395],"product_tag":[973,446,447,504],"class_list":{"0":"post-30111","1":"product","2":"type-product","3":"status-publish","4":"has-post-thumbnail","6":"product_cat-wholesale-strappy-teddy","7":"product_cat-sexy-lingerie","8":"product_cat-sexy-teddy-suit","9":"product_tag-oem","10":"product_tag-wholesale-sexy-see-through-lingerie","11":"product_tag-wholesale-strappy-sexy-lingerie","12":"product_tag-ultra-sexy","13":"pa_color-black","14":"pa_color-hot-pink-women-sexy-lingerie","15":"pa_color-red-women-sexy-lingerie","16":"pa_cup-wholesale-half-cup-women-sexy-lingerie","17":"pa_size-wholesale-large-size-women-sexy-lingerie","18":"pa_size-wholesale-medium-size-women-sexy-lingerie","19":"pa_size-wholesale-small-size-sexy-lingerie","21":"first","22":"instock","23":"taxable","24":"shipping-taxable","25":"purchasable","26":"product-type-variable"},"tiered_pricing_type":"fixed","tiered_pricing_fixed_rules":[],"tiered_pricing_product_settings":{"layout":"default","base_unit_name":{"singular":null,"plural":null},"default_variation":{}},"tiered_pricing_minimum_quantity":150,"tiered_pricing_roles_data":{"default_wholesaler":{"product_id":30111,"role":"default_wholesaler","pricing_type":"flat","regular_price":null,"sale_price":null,"discount":null,"discount_type":"sale_price","tiered_pricing_type":"fixed","percentage_rules":[],"fixed_rules":{"2":"7.89","30":"6.79","500":"5.89"},"minimum":null},"dropshippinger":{"product_id":30111,"role":"dropshippinger","pricing_type":"flat","regular_price":null,"sale_price":null,"discount":null,"discount_type":"sale_price","tiered_pricing_type":"fixed","percentage_rules":[],"fixed_rules":{"1":"9.39","5":"7.89","20":"6.79"},"minimum":null}},"tiered_pricing_percentage_rules":[],"tiered_pricing_maximum_quantity":null,"tiered_pricing_quantity_step":null,"_links":{"self":[{"href":"https:\/\/gretasexylingerie.com\/fr\/wp-json\/wp\/v2\/product\/30111","targetHints":{"allow":["GET"]}}],"collection":[{"href":"https:\/\/gretasexylingerie.com\/fr\/wp-json\/wp\/v2\/product"}],"about":[{"href":"https:\/\/gretasexylingerie.com\/fr\/wp-json\/wp\/v2\/types\/product"}],"wp:featuredmedia":[{"embeddable":true,"href":"https:\/\/gretasexylingerie.com\/fr\/wp-json\/wp\/v2\/media\/30113"}],"wp:attachment":[{"href":"https:\/\/gretasexylingerie.com\/fr\/wp-json\/wp\/v2\/media?parent=30111"}],"wp:term":[{"taxonomy":"product_brand","embeddable":true,"href":"https:\/\/gretasexylingerie.com\/fr\/wp-json\/wp\/v2\/product_brand?post=30111"},{"taxonomy":"product_cat","embeddable":true,"href":"https:\/\/gretasexylingerie.com\/fr\/wp-json\/wp\/v2\/product_cat?post=30111"},{"taxonomy":"product_tag","embeddable":true,"href":"https:\/\/gretasexylingerie.com\/fr\/wp-json\/wp\/v2\/product_tag?post=30111"}],"curies":[{"name":"wp","href":"https:\/\/api.w.org\/{rel}","templated":true}]}}