{"id":30085,"date":"2023-01-21T14:19:32","date_gmt":"2023-01-21T06:19:32","guid":{"rendered":"https:\/\/gretasexylingerie.com\/?post_type=product&#038;p=30085"},"modified":"2023-10-22T23:11:40","modified_gmt":"2023-10-22T15:11:40","slug":"combinaison-transparente-a-col-roule-et-sans-manches","status":"publish","type":"product","link":"https:\/\/gretasexylingerie.com\/fr\/products\/turtleneck-sleeveless-sheer-teddy-suit\/","title":{"rendered":"Col Roul\u00e9 Sans Manches Sheer Teddy Suit"},"content":{"rendered":"<p>Caract\u00e9ristiques:<\/p>\n\n\n\n<p>1. Dentelle florale de haute qualit\u00e9, patchwork, structure en maille, d\u00e9corez votre beau corps.<br>2. Conception de licou \u00e0 lacets, utilisant de la dentelle douce, plus confortable et facile \u00e0 mettre et \u00e0 enlever.<br>3. La conception \u00e0 dos ouvert, la ceinture fine r\u00e9glable \u00e0 la taille et la conception avec une ceinture tiss\u00e9e fine en croix rendent votre corps plus beau.<\/p>\n\n\n\n<figure class=\"wp-block-table is-style-stripes\"><table><tbody><tr><td colspan=\"4\">Carte du site (CM)<\/td><\/tr><tr><td>Taille<\/td><td>Sous le buste<\/td><td>Taille<\/td><td>Longueur<\/td><\/tr><tr><td>S<\/td><td>66<\/td><td>66<\/td><td>66<\/td><\/tr><tr><td>M<\/td><td>70<\/td><td>70<\/td><td>67<\/td><\/tr><tr><td>L<\/td><td>74<\/td><td>74<\/td><td>68<\/td><\/tr><tr><td>XL<\/td><td>78<\/td><td>78<\/td><td>69<\/td><\/tr><tr><td>XXL<\/td><td>82<\/td><td>82<\/td><td>70<\/td><\/tr><tr><td colspan=\"4\">Carte du site (POUCES)<\/td><\/tr><tr><td>Taille<\/td><td>Sous le buste<\/td><td>Taille<\/td><td>Taille<\/td><\/tr><tr><td>S<\/td><td>26.4<\/td><td>26.4<\/td><td>26.4<\/td><\/tr><tr><td>M<\/td><td>28<\/td><td>28<\/td><td>26.8<\/td><\/tr><tr><td>L<\/td><td>29.6<\/td><td>29.6<\/td><td>27.2<\/td><\/tr><tr><td>XL<\/td><td>31.2<\/td><td>31.2<\/td><td>27.6<\/td><\/tr><tr><td>XXL<\/td><td>32.8<\/td><td>32.8<\/td><td>28<\/td><\/tr><tr><td colspan=\"4\">Remarque : 1. Il peut y avoir un \u00e9cart de 1 \u00e0 2 cm dans diff\u00e9rentes tailles, emplacements et \u00e9tirements de tissus. Le tableau des tailles est \u00e0 titre indicatif uniquement, il peut y avoir une petite diff\u00e9rence avec ce que vous obtenez. 2. Il existe 3 types d&#039;\u00e9lasticit\u00e9\u00a0: haute \u00e9lasticit\u00e9 (\u00e9tir\u00e9 des deux c\u00f4t\u00e9s), \u00e9lasticit\u00e9 moyenne (\u00e9tir\u00e9 d&#039;un c\u00f4t\u00e9) et non \u00e9lastique (ne peut pas \u00eatre \u00e9tir\u00e9). 3.La couleur peut \u00eatre plus claire ou plus fonc\u00e9e en raison de l&#039;affichage diff\u00e9rent du PC. 4. Lavez-le \u00e0 la main dans de l&#039;eau \u00e0 30 degr\u00e9s, suspendez-le pour s\u00e9cher \u00e0 l&#039;ombre, interdisez le blanchiment. 5.Il peut y avoir une l\u00e9g\u00e8re diff\u00e9rence sur les d\u00e9tails et le motif.<\/td><\/tr><\/tbody><\/table><\/figure>","protected":false},"excerpt":{"rendered":"<p>Le costume en peluche transparent sans manches \u00e0 col roul\u00e9 vous aidera \u00e0 vous pr\u00e9parer pour une lune de miel inoubliable. Fabriqu\u00e9 en dentelle florale de haute qualit\u00e9, il est garni de vagues r\u00e9guli\u00e8res autour du p\u00e9rim\u00e8tre, d&#039;un licou \u00e0 lacets, d&#039;une fine ceinture r\u00e9glable \u00e0 l&#039;arri\u00e8re et d&#039;une tresse entrecrois\u00e9e \u00e0 l&#039;arri\u00e8re des hanches.\u00a0<\/p>\n<p>https:\/\/youtu.be\/egRw8gS7mig<\/p>","protected":false},"featured_media":30092,"template":"","meta":[],"product_brand":[],"product_cat":[397,367,395],"product_tag":[452,528,516],"class_list":{"0":"post-30085","1":"product","2":"type-product","3":"status-publish","4":"has-post-thumbnail","6":"product_cat-wholesale-sexy-lace-teddy","7":"product_cat-sexy-lingerie","8":"product_cat-sexy-teddy-suit","9":"product_tag-wholesale-boudoir-lingerie","10":"product_tag-halter-lingerie","11":"product_tag-lace-lingerie","12":"pa_color-black","13":"pa_color-fire-brick-women-sexy-lingerie","14":"pa_color-green","15":"pa_cup-full-cup","16":"pa_size-wholesale-large-size-women-sexy-lingerie","17":"pa_size-wholesale-medium-size-women-sexy-lingerie","18":"pa_size-wholesale-small-size-sexy-lingerie","19":"pa_size-wholesale-extra-large-sexy-lingerie","20":"pa_size-extra-extra-large-sexy-lingerie","22":"first","23":"instock","24":"taxable","25":"shipping-taxable","26":"purchasable","27":"product-type-variable"},"tiered_pricing_type":"fixed","tiered_pricing_fixed_rules":[],"tiered_pricing_product_settings":{"layout":"default","base_unit_name":{"singular":null,"plural":null},"default_variation":{}},"tiered_pricing_minimum_quantity":null,"tiered_pricing_roles_data":{"default_wholesaler":{"product_id":30085,"role":"default_wholesaler","pricing_type":"flat","regular_price":null,"sale_price":null,"discount":null,"discount_type":"sale_price","tiered_pricing_type":"fixed","percentage_rules":[],"fixed_rules":{"2":"6.79","30":"5.89","500":"5.09"},"minimum":null},"dropshippinger":{"product_id":30085,"role":"dropshippinger","pricing_type":"flat","regular_price":null,"sale_price":null,"discount":null,"discount_type":"sale_price","tiered_pricing_type":"fixed","percentage_rules":[],"fixed_rules":{"1":"8.19","5":"6.79","20":"5.89"},"minimum":null}},"tiered_pricing_percentage_rules":[],"tiered_pricing_maximum_quantity":null,"tiered_pricing_quantity_step":null,"_links":{"self":[{"href":"https:\/\/gretasexylingerie.com\/fr\/wp-json\/wp\/v2\/product\/30085","targetHints":{"allow":["GET"]}}],"collection":[{"href":"https:\/\/gretasexylingerie.com\/fr\/wp-json\/wp\/v2\/product"}],"about":[{"href":"https:\/\/gretasexylingerie.com\/fr\/wp-json\/wp\/v2\/types\/product"}],"wp:featuredmedia":[{"embeddable":true,"href":"https:\/\/gretasexylingerie.com\/fr\/wp-json\/wp\/v2\/media\/30092"}],"wp:attachment":[{"href":"https:\/\/gretasexylingerie.com\/fr\/wp-json\/wp\/v2\/media?parent=30085"}],"wp:term":[{"taxonomy":"product_brand","embeddable":true,"href":"https:\/\/gretasexylingerie.com\/fr\/wp-json\/wp\/v2\/product_brand?post=30085"},{"taxonomy":"product_cat","embeddable":true,"href":"https:\/\/gretasexylingerie.com\/fr\/wp-json\/wp\/v2\/product_cat?post=30085"},{"taxonomy":"product_tag","embeddable":true,"href":"https:\/\/gretasexylingerie.com\/fr\/wp-json\/wp\/v2\/product_tag?post=30085"}],"curies":[{"name":"wp","href":"https:\/\/api.w.org\/{rel}","templated":true}]}}