{"id":30052,"date":"2023-01-21T14:01:03","date_gmt":"2023-01-21T06:01:03","guid":{"rendered":"https:\/\/gretasexylingerie.com\/?post_type=product&#038;p=30052"},"modified":"2023-09-05T20:49:54","modified_gmt":"2023-09-05T12:49:54","slug":"teddy-sexy-avec-col-en-maille","status":"publish","type":"product","link":"https:\/\/gretasexylingerie.com\/fr\/products\/mesh-collar-sexy-teddy\/","title":{"rendered":"Col en maille Sexy Teddy"},"content":{"rendered":"<p>Caract\u00e9ristiques:<\/p>\n\n\n\n<p>1. Dentelle florale de haute qualit\u00e9, design creux, augmente le myst\u00e8re du corps et contraste les motifs de couleur pour d\u00e9corer les parties importantes.<br>2. Conception de cou suspendu en dentelle, deux paires de ceintures fines tiss\u00e9es pour fixer la poitrine, plus confortable \u00e0 porter et vous rendre plus dodu.<br>3. Il y a une ceinture fine r\u00e9glable \u00e0 la taille et une ceinture tiss\u00e9e \u00e0 l&#039;avant peut contr\u00f4ler la taille \u00e0 volont\u00e9.<\/p>\n\n\n\n<figure class=\"wp-block-table is-style-stripes\"><table><tbody><tr><td colspan=\"4\">Carte du site (CM)<\/td><\/tr><tr><td>Taille<\/td><td>Sous le buste<\/td><td>Taille<\/td><td>Longueur<\/td><\/tr><tr><td>S<\/td><td>68<\/td><td>55<\/td><td>57<\/td><\/tr><tr><td>M<\/td><td>72<\/td><td>60<\/td><td>58<\/td><\/tr><tr><td>L<\/td><td>76<\/td><td>65<\/td><td>59<\/td><\/tr><tr><td>XL<\/td><td>80<\/td><td>70<\/td><td>60<\/td><\/tr><tr><td>XXL<\/td><td>84<\/td><td>75<\/td><td>61<\/td><\/tr><tr><td colspan=\"4\">Carte du site (POUCES)<\/td><\/tr><tr><td>Taille<\/td><td>Sous le buste<\/td><td>Taille<\/td><td>Taille<\/td><\/tr><tr><td>S<\/td><td>27.2<\/td><td>22<\/td><td>22.8<\/td><\/tr><tr><td>M<\/td><td>28.8<\/td><td>24<\/td><td>23.2<\/td><\/tr><tr><td>L<\/td><td>30.4<\/td><td>26<\/td><td>23.6<\/td><\/tr><tr><td>XL<\/td><td>32<\/td><td>28<\/td><td>24<\/td><\/tr><tr><td>XXL<\/td><td>33.6<\/td><td>30<\/td><td>24.4<\/td><\/tr><tr><td colspan=\"4\">Remarque : 1. Il peut y avoir un \u00e9cart de 1 \u00e0 2 cm dans diff\u00e9rentes tailles, emplacements et \u00e9tirements de tissus. Le tableau des tailles est \u00e0 titre indicatif uniquement, il peut y avoir une petite diff\u00e9rence avec ce que vous obtenez. 2. Il existe 3 types d&#039;\u00e9lasticit\u00e9\u00a0: haute \u00e9lasticit\u00e9 (\u00e9tir\u00e9 des deux c\u00f4t\u00e9s), \u00e9lasticit\u00e9 moyenne (\u00e9tir\u00e9 d&#039;un c\u00f4t\u00e9) et non \u00e9lastique (ne peut pas \u00eatre \u00e9tir\u00e9). 3.La couleur peut \u00eatre plus claire ou plus fonc\u00e9e en raison de l&#039;affichage diff\u00e9rent du PC. 4. Lavez-le \u00e0 la main dans de l&#039;eau \u00e0 30 degr\u00e9s, suspendez-le pour s\u00e9cher \u00e0 l&#039;ombre, interdisez le blanchiment. 5.Il peut y avoir une l\u00e9g\u00e8re diff\u00e9rence sur les d\u00e9tails et le motif.<\/td><\/tr><\/tbody><\/table><\/figure>","protected":false},"excerpt":{"rendered":"<p>Laissez Mesh Collar Sexy Teddy vous aider \u00e0 lib\u00e9rer votre \u00e9clat le plus sexy. Fabriqu\u00e9 en dentelle florale ajour\u00e9e, fleurs brod\u00e9es de couleurs contrast\u00e9es aux points cl\u00e9s, design dos nu en dentelle, 2 paires de fines bretelles tress\u00e9es pour attacher la poitrine et ceinture r\u00e9glable \u00e0 la taille.<\/p>","protected":false},"featured_media":30062,"template":"","meta":[],"product_brand":[],"product_cat":[397,370,396,371,367,395],"product_tag":[448,454,516,451,446],"class_list":{"0":"post-30052","1":"product","2":"type-product","3":"status-publish","4":"has-post-thumbnail","6":"product_cat-wholesale-sexy-lace-teddy","7":"product_cat-bodysuit","8":"product_cat-wholesale-see-through-teddy","9":"product_cat-wholesale-sexy-lace-bodysuit","10":"product_cat-sexy-lingerie","11":"product_cat-sexy-teddy-suit","12":"product_tag-wholesale-elegant-sexy-lingerie","13":"product_tag-wholesale-sexy-embroidered-lingerie","14":"product_tag-lace-lingerie","15":"product_tag-wholesale-revealing-lingerie","16":"product_tag-wholesale-sexy-see-through-lingerie","17":"pa_color-blue-women-sexy-lingerie","18":"pa_color-fire-brick-women-sexy-lingerie","19":"pa_color-green","20":"pa_cup-wholesale-half-cup-women-sexy-lingerie","21":"pa_size-wholesale-large-size-women-sexy-lingerie","22":"pa_size-wholesale-medium-size-women-sexy-lingerie","23":"pa_size-wholesale-small-size-sexy-lingerie","24":"pa_size-wholesale-extra-large-sexy-lingerie","25":"pa_size-extra-extra-large-sexy-lingerie","27":"first","28":"instock","29":"taxable","30":"shipping-taxable","31":"purchasable","32":"product-type-variable"},"tiered_pricing_type":"fixed","tiered_pricing_fixed_rules":[],"tiered_pricing_product_settings":{"layout":"default","base_unit_name":{"singular":null,"plural":null},"default_variation":null},"tiered_pricing_minimum_quantity":null,"tiered_pricing_roles_data":{"default_wholesaler":{"product_id":30052,"role":"default_wholesaler","pricing_type":"flat","regular_price":null,"sale_price":null,"discount":null,"discount_type":"sale_price","tiered_pricing_type":"fixed","percentage_rules":[],"fixed_rules":{"2":"7.59","30":"6.49","500":"5.69"},"minimum":null},"dropshippinger":{"product_id":30052,"role":"dropshippinger","pricing_type":"flat","regular_price":null,"sale_price":null,"discount":null,"discount_type":"sale_price","tiered_pricing_type":"fixed","percentage_rules":[],"fixed_rules":{"1":"9.09","5":"7.59","20":"6.49"},"minimum":null}},"tiered_pricing_percentage_rules":[],"tiered_pricing_maximum_quantity":null,"tiered_pricing_quantity_step":null,"_links":{"self":[{"href":"https:\/\/gretasexylingerie.com\/fr\/wp-json\/wp\/v2\/product\/30052","targetHints":{"allow":["GET"]}}],"collection":[{"href":"https:\/\/gretasexylingerie.com\/fr\/wp-json\/wp\/v2\/product"}],"about":[{"href":"https:\/\/gretasexylingerie.com\/fr\/wp-json\/wp\/v2\/types\/product"}],"wp:featuredmedia":[{"embeddable":true,"href":"https:\/\/gretasexylingerie.com\/fr\/wp-json\/wp\/v2\/media\/30062"}],"wp:attachment":[{"href":"https:\/\/gretasexylingerie.com\/fr\/wp-json\/wp\/v2\/media?parent=30052"}],"wp:term":[{"taxonomy":"product_brand","embeddable":true,"href":"https:\/\/gretasexylingerie.com\/fr\/wp-json\/wp\/v2\/product_brand?post=30052"},{"taxonomy":"product_cat","embeddable":true,"href":"https:\/\/gretasexylingerie.com\/fr\/wp-json\/wp\/v2\/product_cat?post=30052"},{"taxonomy":"product_tag","embeddable":true,"href":"https:\/\/gretasexylingerie.com\/fr\/wp-json\/wp\/v2\/product_tag?post=30052"}],"curies":[{"name":"wp","href":"https:\/\/api.w.org\/{rel}","templated":true}]}}