{"id":29990,"date":"2023-01-20T20:56:35","date_gmt":"2023-01-20T12:56:35","guid":{"rendered":"https:\/\/gretasexylingerie.com\/?post_type=product&#038;p=29990"},"modified":"2023-12-09T21:23:38","modified_gmt":"2023-12-09T13:23:38","slug":"combinaison-en-peluche-avec-bonnet-ouvert-et-decollete-en-v-profond","status":"publish","type":"product","link":"https:\/\/gretasexylingerie.com\/fr\/products\/snake-deep-v-open-cup-teddy-suit\/","title":{"rendered":"Vente en gros Costume Teddy Serpent Deep-v Open Cup"},"content":{"rendered":"<p>Caract\u00e9ristiques:<\/p>\n\n\n\n<p>1. Tissu \u00e0 motif serpent de haute qualit\u00e9, non seulement sexy mais aussi confortable.<br>2. D\u00e9coration de cils en dentelle noire, augmentez votre charme.<br>3. Conception de poitrine ouverte, avec des sangles crois\u00e9es sur l&#039;abdomen pour \u00e9viter l&#039;exposition.<\/p>\n\n\n\n<figure class=\"wp-block-table\"><table><tbody><tr><td colspan=\"4\">Carte du site (CM)<\/td><\/tr><tr><td>Taille<\/td><td>Sous le buste<\/td><td>Taille<\/td><td>Longueur<\/td><\/tr><tr><td>S<\/td><td>88<\/td><td>64-94<\/td><td>61<\/td><\/tr><tr><td>M<\/td><td>92<\/td><td>68-98<\/td><td>62<\/td><\/tr><tr><td>L<\/td><td>96<\/td><td>72-102<\/td><td>63<\/td><\/tr><tr><td colspan=\"4\">Carte du site (POUCES)<\/td><\/tr><tr><td>Taille<\/td><td>Sous le buste<\/td><td>Taille<\/td><td>Taille<\/td><\/tr><tr><td>S<\/td><td>35.2<\/td><td>25.6-37.6<\/td><td>24.4<\/td><\/tr><tr><td>M<\/td><td>36.8<\/td><td>27.2-39.2<\/td><td>24.8<\/td><\/tr><tr><td>L<\/td><td>38.4<\/td><td>28.8-40.8<\/td><td>25.2<\/td><\/tr><tr><td colspan=\"4\">Remarque : 1. Il peut y avoir un \u00e9cart de 1 \u00e0 2 cm dans diff\u00e9rentes tailles, emplacements et \u00e9tirements de tissus. Le tableau des tailles est \u00e0 titre indicatif uniquement, il peut y avoir une petite diff\u00e9rence avec ce que vous obtenez. 2. Il existe 3 types d&#039;\u00e9lasticit\u00e9\u00a0: haute \u00e9lasticit\u00e9 (\u00e9tir\u00e9 des deux c\u00f4t\u00e9s), \u00e9lasticit\u00e9 moyenne (\u00e9tir\u00e9 d&#039;un c\u00f4t\u00e9) et non \u00e9lastique (ne peut pas \u00eatre \u00e9tir\u00e9). 3.La couleur peut \u00eatre plus claire ou plus fonc\u00e9e en raison de l&#039;affichage diff\u00e9rent du PC. 4. Lavez-le \u00e0 la main dans de l&#039;eau \u00e0 30 degr\u00e9s, suspendez-le pour s\u00e9cher \u00e0 l&#039;ombre, interdisez le blanchiment. 5.Il peut y avoir une l\u00e9g\u00e8re diff\u00e9rence sur les d\u00e9tails et le motif.<\/td><\/tr><\/tbody><\/table><\/figure>","protected":false},"excerpt":{"rendered":"<p>Enfilez le costume en peluche \u00e0 coupe ouverte Snake Deep-v et devenez des &quot;femmes fatales&quot;. Motif de serpent, tissu respirant de haute qualit\u00e9, d\u00e9coration de cils en dentelle noire, conception de poitrine ouverte.<\/p>","protected":false},"featured_media":29996,"template":"","meta":[],"product_brand":[],"product_cat":[396,367,395],"product_tag":[521,448,516,973,451],"class_list":{"0":"post-29990","1":"product","2":"type-product","3":"status-publish","4":"has-post-thumbnail","6":"product_cat-wholesale-see-through-teddy","7":"product_cat-sexy-lingerie","8":"product_cat-sexy-teddy-suit","9":"product_tag-deep-v-lingerie","10":"product_tag-wholesale-elegant-sexy-lingerie","11":"product_tag-lace-lingerie","12":"product_tag-oem","13":"product_tag-wholesale-revealing-lingerie","14":"pa_color-snake","15":"pa_cup-full-cup","16":"pa_size-wholesale-large-size-women-sexy-lingerie","17":"pa_size-wholesale-medium-size-women-sexy-lingerie","18":"pa_size-wholesale-small-size-sexy-lingerie","20":"first","21":"outofstock","22":"taxable","23":"shipping-taxable","24":"purchasable","25":"product-type-variable"},"tiered_pricing_type":"fixed","tiered_pricing_fixed_rules":[],"tiered_pricing_product_settings":{"layout":"default","base_unit_name":{"singular":null,"plural":null},"default_variation":{}},"tiered_pricing_minimum_quantity":null,"tiered_pricing_roles_data":{"default_wholesaler":{"product_id":29990,"role":"default_wholesaler","pricing_type":"flat","regular_price":null,"sale_price":null,"discount":null,"discount_type":"sale_price","tiered_pricing_type":"fixed","percentage_rules":[],"fixed_rules":{"2":"5.99","30":"5.19","500":"4.49"},"minimum":null},"dropshippinger":{"product_id":29990,"role":"dropshippinger","pricing_type":"flat","regular_price":null,"sale_price":null,"discount":null,"discount_type":"sale_price","tiered_pricing_type":"fixed","percentage_rules":[],"fixed_rules":{"1":"7.19","5":"5.99","20":"5.19"},"minimum":null}},"tiered_pricing_percentage_rules":[],"tiered_pricing_maximum_quantity":null,"tiered_pricing_quantity_step":null,"_links":{"self":[{"href":"https:\/\/gretasexylingerie.com\/fr\/wp-json\/wp\/v2\/product\/29990","targetHints":{"allow":["GET"]}}],"collection":[{"href":"https:\/\/gretasexylingerie.com\/fr\/wp-json\/wp\/v2\/product"}],"about":[{"href":"https:\/\/gretasexylingerie.com\/fr\/wp-json\/wp\/v2\/types\/product"}],"wp:featuredmedia":[{"embeddable":true,"href":"https:\/\/gretasexylingerie.com\/fr\/wp-json\/wp\/v2\/media\/29996"}],"wp:attachment":[{"href":"https:\/\/gretasexylingerie.com\/fr\/wp-json\/wp\/v2\/media?parent=29990"}],"wp:term":[{"taxonomy":"product_brand","embeddable":true,"href":"https:\/\/gretasexylingerie.com\/fr\/wp-json\/wp\/v2\/product_brand?post=29990"},{"taxonomy":"product_cat","embeddable":true,"href":"https:\/\/gretasexylingerie.com\/fr\/wp-json\/wp\/v2\/product_cat?post=29990"},{"taxonomy":"product_tag","embeddable":true,"href":"https:\/\/gretasexylingerie.com\/fr\/wp-json\/wp\/v2\/product_tag?post=29990"}],"curies":[{"name":"wp","href":"https:\/\/api.w.org\/{rel}","templated":true}]}}