{"id":29946,"date":"2023-01-20T20:34:07","date_gmt":"2023-01-20T12:34:07","guid":{"rendered":"https:\/\/gretasexylingerie.com\/?post_type=product&#038;p=29946"},"modified":"2023-12-09T21:22:15","modified_gmt":"2023-12-09T13:22:15","slug":"ensemble-de-lingerie-sexy-en-dentelle","status":"publish","type":"product","link":"https:\/\/gretasexylingerie.com\/fr\/products\/cute-sexy-lace-teddy-lingerie-set\/","title":{"rendered":"Vente en gros Ensemble De Lingerie Teddy En Dentelle Sexy Mignon"},"content":{"rendered":"<p>Caract\u00e9ristiques:<\/p>\n\n\n\n<p>1. Tissu en dentelle creuse pour d\u00e9corer les endroits les plus importants.<br>2. Tissu en maille souple et hautement \u00e9lastique, plus confortable tout en modifiant le corps.<br>3. La conception de l&#039;anneau \u00e0 volants et en m\u00e9tal amplifie votre gentillesse et votre sensualit\u00e9.<\/p>\n\n\n\n<figure class=\"wp-block-table is-style-stripes\"><table><tbody><tr><td colspan=\"4\">Carte du site (CM)<\/td><\/tr><tr><td>Taille<\/td><td>Sous le buste<\/td><td>Longueur<\/td><td>Taille<\/td><\/tr><tr><td>S<\/td><td>64-74<\/td><td>24<\/td><td>60<\/td><\/tr><tr><td>M<\/td><td>68-78<\/td><td>25<\/td><td>64<\/td><\/tr><tr><td>L<\/td><td>72-82<\/td><td>26<\/td><td>68<\/td><\/tr><tr><td colspan=\"4\">Carte du site (POUCES)<\/td><\/tr><tr><td>Taille<\/td><td>Sous le buste<\/td><td>Hauteur de tasse<\/td><td>Taille<\/td><\/tr><tr><td>S<\/td><td>25.6-29.6<\/td><td>9.6<\/td><td>24<\/td><\/tr><tr><td>M<\/td><td>27.2-31.2<\/td><td>10<\/td><td>25.6<\/td><\/tr><tr><td>L<\/td><td>28.8-32.8<\/td><td>10.4<\/td><td>27.2<\/td><\/tr><tr><td colspan=\"4\">Remarque : 1. Il peut y avoir un \u00e9cart de 1 \u00e0 2 cm dans diff\u00e9rentes tailles, emplacements et \u00e9tirements de tissus. Le tableau des tailles est \u00e0 titre indicatif uniquement, il peut y avoir une petite diff\u00e9rence avec ce que vous obtenez. 2. Il existe 3 types d&#039;\u00e9lasticit\u00e9\u00a0: haute \u00e9lasticit\u00e9 (\u00e9tir\u00e9 des deux c\u00f4t\u00e9s), \u00e9lasticit\u00e9 moyenne (\u00e9tir\u00e9 d&#039;un c\u00f4t\u00e9) et non \u00e9lastique (ne peut pas \u00eatre \u00e9tir\u00e9). 3.La couleur peut \u00eatre plus claire ou plus fonc\u00e9e en raison de l&#039;affichage diff\u00e9rent du PC. 4. Lavez-le \u00e0 la main dans de l&#039;eau \u00e0 30 degr\u00e9s, suspendez-le pour s\u00e9cher \u00e0 l&#039;ombre, interdisez le blanchiment. 5.Il peut y avoir une l\u00e9g\u00e8re diff\u00e9rence sur les d\u00e9tails et le motif.<\/td><\/tr><\/tbody><\/table><\/figure>","protected":false},"excerpt":{"rendered":"<p>Portez ce joli ensemble de lingerie sexy en dentelle et obtenez plus d&#039;amour les uns des autres. Fabriqu\u00e9 en tissu de dentelle tr\u00e8s extensible, disponible en 3 couleurs, bordure \u00e0 volants, passants de jambe inclus, conception demi-bonnet, anneau en m\u00e9tal sur le ventre.<\/p>\n<p>https:\/\/youtu.be\/6_rnm49BGa8<\/p>","protected":false},"featured_media":29960,"template":"","meta":[],"product_brand":[],"product_cat":[397,396,367,395],"product_tag":[452,516,518,446],"class_list":{"0":"post-29946","1":"product","2":"type-product","3":"status-publish","4":"has-post-thumbnail","6":"product_cat-wholesale-sexy-lace-teddy","7":"product_cat-wholesale-see-through-teddy","8":"product_cat-sexy-lingerie","9":"product_cat-sexy-teddy-suit","10":"product_tag-wholesale-boudoir-lingerie","11":"product_tag-lace-lingerie","12":"product_tag-mesh-lingerie","13":"product_tag-wholesale-sexy-see-through-lingerie","14":"pa_color-black","15":"pa_color-blue-women-sexy-lingerie","16":"pa_color-pink-women-sexy-lingerie","17":"pa_cup-wholesale-half-cup-women-sexy-lingerie","18":"pa_size-wholesale-large-size-women-sexy-lingerie","19":"pa_size-wholesale-medium-size-women-sexy-lingerie","20":"pa_size-wholesale-small-size-sexy-lingerie","22":"first","23":"instock","24":"taxable","25":"shipping-taxable","26":"purchasable","27":"product-type-variable"},"tiered_pricing_type":"fixed","tiered_pricing_fixed_rules":[],"tiered_pricing_product_settings":{"layout":"default","base_unit_name":{"singular":null,"plural":null},"default_variation":{}},"tiered_pricing_minimum_quantity":null,"tiered_pricing_roles_data":{"default_wholesaler":{"product_id":29946,"role":"default_wholesaler","pricing_type":"flat","regular_price":null,"sale_price":null,"discount":null,"discount_type":"sale_price","tiered_pricing_type":"fixed","percentage_rules":[],"fixed_rules":{"2":"9.39","30":"8.09","500":"7.09"},"minimum":null},"dropshippinger":{"product_id":29946,"role":"dropshippinger","pricing_type":"flat","regular_price":null,"sale_price":null,"discount":null,"discount_type":"sale_price","tiered_pricing_type":"fixed","percentage_rules":[],"fixed_rules":{"1":"11.29","5":"9.39","20":"8.09"},"minimum":null}},"tiered_pricing_percentage_rules":[],"tiered_pricing_maximum_quantity":null,"tiered_pricing_quantity_step":null,"_links":{"self":[{"href":"https:\/\/gretasexylingerie.com\/fr\/wp-json\/wp\/v2\/product\/29946","targetHints":{"allow":["GET"]}}],"collection":[{"href":"https:\/\/gretasexylingerie.com\/fr\/wp-json\/wp\/v2\/product"}],"about":[{"href":"https:\/\/gretasexylingerie.com\/fr\/wp-json\/wp\/v2\/types\/product"}],"wp:featuredmedia":[{"embeddable":true,"href":"https:\/\/gretasexylingerie.com\/fr\/wp-json\/wp\/v2\/media\/29960"}],"wp:attachment":[{"href":"https:\/\/gretasexylingerie.com\/fr\/wp-json\/wp\/v2\/media?parent=29946"}],"wp:term":[{"taxonomy":"product_brand","embeddable":true,"href":"https:\/\/gretasexylingerie.com\/fr\/wp-json\/wp\/v2\/product_brand?post=29946"},{"taxonomy":"product_cat","embeddable":true,"href":"https:\/\/gretasexylingerie.com\/fr\/wp-json\/wp\/v2\/product_cat?post=29946"},{"taxonomy":"product_tag","embeddable":true,"href":"https:\/\/gretasexylingerie.com\/fr\/wp-json\/wp\/v2\/product_tag?post=29946"}],"curies":[{"name":"wp","href":"https:\/\/api.w.org\/{rel}","templated":true}]}}