{"id":29934,"date":"2023-01-20T18:38:20","date_gmt":"2023-01-20T10:38:20","guid":{"rendered":"https:\/\/gretasexylingerie.com\/?post_type=product&#038;p=29934"},"modified":"2023-09-05T20:49:51","modified_gmt":"2023-09-05T12:49:51","slug":"ensemble-soutien-gorge-bustier-en-maille-avec-porte-jarretelles-en-dentelle","status":"publish","type":"product","link":"https:\/\/gretasexylingerie.com\/fr\/products\/lace-garter-belt-mesh-bustier-bra-set\/","title":{"rendered":"Ensemble de soutien-gorge bustier en maille avec porte-jarretelles en dentelle"},"content":{"rendered":"<p>Caract\u00e9ristiques:<\/p>\n\n\n\n<p>1. Utilisez un tissu \u00e0 mailles fines et tissez de beaux motifs dessus. Les bretelles r\u00e9glables sur la poitrine lui permettent de s&#039;adapter \u00e0 une plus grande partie du corps.<br>2. Il y a des volants autour du soutien-gorge, une conception de soutien-gorge en une pi\u00e8ce, des bretelles fines r\u00e9glables, avec 4 bretelles jarretelles.<br>3. Slip fait du m\u00eame tissu, les ceintures tiss\u00e9es larges \u00e0 double couche forment une ceinture.<\/p>\n\n\n\n<p><\/p>\n\n\n\n<figure class=\"wp-block-table is-style-stripes\"><table><tbody><tr><td colspan=\"4\">Carte du site (CM)<\/td><\/tr><tr><td>Taille<\/td><td>Sous le buste<\/td><td>Taille<\/td><td>Hanche<\/td><\/tr><tr><td>S<\/td><td>86<\/td><td>65<\/td><td>90<\/td><\/tr><tr><td>M<\/td><td>91<\/td><td>70<\/td><td>95<\/td><\/tr><tr><td>L<\/td><td>96<\/td><td>75<\/td><td>100<\/td><\/tr><tr><td>XL<\/td><td>101<\/td><td>80<\/td><td>105<\/td><\/tr><tr><td colspan=\"4\">Carte du site (POUCES)<\/td><\/tr><tr><td>Taille<\/td><td>Sous le buste<\/td><td>Hauteur de tasse<\/td><td>Taille<\/td><\/tr><tr><td>S<\/td><td>34.4<\/td><td>26<\/td><td>36<\/td><\/tr><tr><td>M<\/td><td>36.4<\/td><td>28<\/td><td>38<\/td><\/tr><tr><td>L<\/td><td>38.4<\/td><td><\/td><td><\/td><\/tr><tr><td>XL<\/td><td>40.4<\/td><td>32<\/td><td>42<\/td><\/tr><tr><td colspan=\"4\">Remarque : 1. Il peut y avoir un \u00e9cart de 1 \u00e0 2 cm dans diff\u00e9rentes tailles, emplacements et \u00e9tirements de tissus. Le tableau des tailles est \u00e0 titre indicatif uniquement, il peut y avoir une petite diff\u00e9rence avec ce que vous obtenez. 2. Il existe 3 types d&#039;\u00e9lasticit\u00e9\u00a0: haute \u00e9lasticit\u00e9 (\u00e9tir\u00e9 des deux c\u00f4t\u00e9s), \u00e9lasticit\u00e9 moyenne (\u00e9tir\u00e9 d&#039;un c\u00f4t\u00e9) et non \u00e9lastique (ne peut pas \u00eatre \u00e9tir\u00e9). 3.La couleur peut \u00eatre plus claire ou plus fonc\u00e9e en raison de l&#039;affichage diff\u00e9rent du PC. 4. Lavez-le \u00e0 la main dans de l&#039;eau \u00e0 30 degr\u00e9s, suspendez-le pour s\u00e9cher \u00e0 l&#039;ombre, interdisez le blanchiment. 5.Il peut y avoir une l\u00e9g\u00e8re diff\u00e9rence sur les d\u00e9tails et le motif.<\/td><\/tr><\/tbody><\/table><\/figure>","protected":false},"excerpt":{"rendered":"<p>Laissez l&#039;ensemble de soutien-gorge bustier en maille avec porte-jarretelles en dentelle orner votre beau corps et attirer le regard de votre amoureux. Fabriqu\u00e9 en tissu \u00e0 mailles fines et brod\u00e9 dessus avec des motifs exquis, il y a des sangles crois\u00e9es sur l&#039;abdomen qui peuvent \u00eatre ajust\u00e9es librement, des bretelles fines r\u00e9glables, 4 porte-jarretelles et des sous-v\u00eatements \u00e0 double ceinture fine.<\/p>","protected":false},"featured_media":29936,"template":"","meta":[],"product_brand":[],"product_cat":[390,388,389,386,367],"product_tag":[448,454,516,518,451,509],"class_list":{"0":"post-29934","1":"product","2":"type-product","3":"status-publish","4":"has-post-thumbnail","6":"product_cat-wholesale-mesh-bustier","7":"product_cat-wholesale-gartered-corset","8":"product_cat-wholesale-lace-bustier","9":"product_cat-sexy-bustiers","10":"product_cat-sexy-lingerie","11":"product_tag-wholesale-elegant-sexy-lingerie","12":"product_tag-wholesale-sexy-embroidered-lingerie","13":"product_tag-lace-lingerie","14":"product_tag-mesh-lingerie","15":"product_tag-wholesale-revealing-lingerie","16":"product_tag-two-pcs-set","17":"pa_color-blue-women-sexy-lingerie","18":"pa_cup-wholesale-half-cup-women-sexy-lingerie","19":"pa_size-wholesale-large-size-women-sexy-lingerie","20":"pa_size-wholesale-medium-size-women-sexy-lingerie","21":"pa_size-wholesale-small-size-sexy-lingerie","22":"pa_size-wholesale-extra-large-sexy-lingerie","24":"first","25":"instock","26":"taxable","27":"shipping-taxable","28":"purchasable","29":"product-type-variable"},"tiered_pricing_type":"fixed","tiered_pricing_fixed_rules":[],"tiered_pricing_product_settings":{"layout":"default","base_unit_name":{"singular":null,"plural":null},"default_variation":null},"tiered_pricing_minimum_quantity":null,"tiered_pricing_roles_data":{"default_wholesaler":{"product_id":29934,"role":"default_wholesaler","pricing_type":"flat","regular_price":null,"sale_price":null,"discount":null,"discount_type":"sale_price","tiered_pricing_type":"fixed","percentage_rules":[],"fixed_rules":{"2":"8.39","30":"7.19","500":"6.29"},"minimum":null},"dropshippinger":{"product_id":29934,"role":"dropshippinger","pricing_type":"flat","regular_price":null,"sale_price":null,"discount":null,"discount_type":"sale_price","tiered_pricing_type":"fixed","percentage_rules":[],"fixed_rules":{"1":"9.99","5":"8.39","20":"7.19"},"minimum":null}},"tiered_pricing_percentage_rules":[],"tiered_pricing_maximum_quantity":null,"tiered_pricing_quantity_step":null,"_links":{"self":[{"href":"https:\/\/gretasexylingerie.com\/fr\/wp-json\/wp\/v2\/product\/29934","targetHints":{"allow":["GET"]}}],"collection":[{"href":"https:\/\/gretasexylingerie.com\/fr\/wp-json\/wp\/v2\/product"}],"about":[{"href":"https:\/\/gretasexylingerie.com\/fr\/wp-json\/wp\/v2\/types\/product"}],"wp:featuredmedia":[{"embeddable":true,"href":"https:\/\/gretasexylingerie.com\/fr\/wp-json\/wp\/v2\/media\/29936"}],"wp:attachment":[{"href":"https:\/\/gretasexylingerie.com\/fr\/wp-json\/wp\/v2\/media?parent=29934"}],"wp:term":[{"taxonomy":"product_brand","embeddable":true,"href":"https:\/\/gretasexylingerie.com\/fr\/wp-json\/wp\/v2\/product_brand?post=29934"},{"taxonomy":"product_cat","embeddable":true,"href":"https:\/\/gretasexylingerie.com\/fr\/wp-json\/wp\/v2\/product_cat?post=29934"},{"taxonomy":"product_tag","embeddable":true,"href":"https:\/\/gretasexylingerie.com\/fr\/wp-json\/wp\/v2\/product_tag?post=29934"}],"curies":[{"name":"wp","href":"https:\/\/api.w.org\/{rel}","templated":true}]}}