{"id":29908,"date":"2023-01-20T18:10:01","date_gmt":"2023-01-20T10:10:01","guid":{"rendered":"https:\/\/gretasexylingerie.com\/?post_type=product&#038;p=29908"},"modified":"2023-09-05T20:49:50","modified_gmt":"2023-09-05T12:49:50","slug":"ensemble-de-lingerie-sexy-en-dentelle-simple-et-ajouree","status":"publish","type":"product","link":"https:\/\/gretasexylingerie.com\/fr\/products\/simple-lace-hollow-out-sexy-lingerie-set\/","title":{"rendered":"Ensemble de lingerie sexy en dentelle simple \u00e9vider"},"content":{"rendered":"<p>Caract\u00e9ristiques:<\/p>\n\n\n\n<p>1. La poitrine est d\u00e9cor\u00e9e de dentelle florale creuse et l&#039;anneau de poitrine en m\u00e9tal flexible rend votre poitrine plus sexy.<br>2. Soutien-gorge une pi\u00e8ce, tissu en maille tr\u00e8s extensible, bretelles fines r\u00e9glables et apporte 4 porte-jarretelles extra longs.<br>3. Culotte en maille simple, tissu en maille transparente \u00e0 l&#039;avant et lacets fins \u00e9lastiques pour le reste.<\/p>\n\n\n\n<figure class=\"wp-block-table is-style-stripes\"><table><tbody><tr><td colspan=\"4\">Carte du site (CM)<\/td><\/tr><tr><td>Taille<\/td><td>Sous le buste<\/td><td>Buste sup\u00e9rieur<\/td><td>Longueur<\/td><\/tr><tr><td>S<\/td><td>66<\/td><td>70<\/td><td>21<\/td><\/tr><tr><td>M<\/td><td>70<\/td><td>74<\/td><td>22<\/td><\/tr><tr><td>L<\/td><td>74<\/td><td>78<\/td><td>23<\/td><\/tr><tr><td colspan=\"4\">Carte du site (POUCES)<\/td><\/tr><tr><td>Taille<\/td><td>Sous le buste<\/td><td>Hauteur de tasse<\/td><td>Taille<\/td><\/tr><tr><td>S<\/td><td>26.4<\/td><td>28<\/td><td>8.4<\/td><\/tr><tr><td>M<\/td><td>28<\/td><td>29.6<\/td><td>8.8<\/td><\/tr><tr><td>L<\/td><td>29.6<\/td><td>31.2<\/td><td>9.2<\/td><\/tr><tr><td colspan=\"4\">Remarque : 1. Il peut y avoir un \u00e9cart de 1 \u00e0 2 cm dans diff\u00e9rentes tailles, emplacements et \u00e9tirements de tissus. Le tableau des tailles est \u00e0 titre indicatif uniquement, il peut y avoir une petite diff\u00e9rence avec ce que vous obtenez. 2. Il existe 3 types d&#039;\u00e9lasticit\u00e9\u00a0: haute \u00e9lasticit\u00e9 (\u00e9tir\u00e9 des deux c\u00f4t\u00e9s), \u00e9lasticit\u00e9 moyenne (\u00e9tir\u00e9 d&#039;un c\u00f4t\u00e9) et non \u00e9lastique (ne peut pas \u00eatre \u00e9tir\u00e9). 3.La couleur peut \u00eatre plus claire ou plus fonc\u00e9e en raison de l&#039;affichage diff\u00e9rent du PC. 4. Lavez-le \u00e0 la main dans de l&#039;eau \u00e0 30 degr\u00e9s, suspendez-le pour s\u00e9cher \u00e0 l&#039;ombre, interdisez le blanchiment. 5.Il peut y avoir une l\u00e9g\u00e8re diff\u00e9rence sur les d\u00e9tails et le motif.<\/td><\/tr><\/tbody><\/table><\/figure>","protected":false},"excerpt":{"rendered":"<p>L&#039;ensemble de lingerie sexy en dentelle simple rend votre corps plus beau. La poitrine est d\u00e9cor\u00e9e de dentelle florale ajour\u00e9e et le reste est fait de tissu \u00e0 mailles fines, de bretelles spaghetti r\u00e9glables, de quatre bretelles jarretelles extra longues, d&#039;une culotte en maille simple.<\/p>","protected":false},"featured_media":29918,"template":"","meta":[],"product_brand":[],"product_cat":[390,387,389,386,367],"product_tag":[516,518,451,446,509],"class_list":{"0":"post-29908","1":"product","2":"type-product","3":"status-publish","4":"has-post-thumbnail","6":"product_cat-wholesale-mesh-bustier","7":"product_cat-wholesale-bustier-bra-set","8":"product_cat-wholesale-lace-bustier","9":"product_cat-sexy-bustiers","10":"product_cat-sexy-lingerie","11":"product_tag-lace-lingerie","12":"product_tag-mesh-lingerie","13":"product_tag-wholesale-revealing-lingerie","14":"product_tag-wholesale-sexy-see-through-lingerie","15":"product_tag-two-pcs-set","16":"pa_color-black","17":"pa_color-hot-pink-women-sexy-lingerie","18":"pa_color-red-women-sexy-lingerie","19":"pa_color-white","20":"pa_cup-full-cup","21":"pa_size-wholesale-large-size-women-sexy-lingerie","22":"pa_size-wholesale-medium-size-women-sexy-lingerie","23":"pa_size-wholesale-small-size-sexy-lingerie","25":"first","26":"instock","27":"taxable","28":"shipping-taxable","29":"purchasable","30":"product-type-variable"},"tiered_pricing_type":"fixed","tiered_pricing_fixed_rules":[],"tiered_pricing_product_settings":{"layout":"default","base_unit_name":{"singular":null,"plural":null},"default_variation":null},"tiered_pricing_minimum_quantity":null,"tiered_pricing_roles_data":{"default_wholesaler":{"product_id":29908,"role":"default_wholesaler","pricing_type":"flat","regular_price":null,"sale_price":null,"discount":null,"discount_type":"sale_price","tiered_pricing_type":"fixed","percentage_rules":[],"fixed_rules":{"2":"6.59","30":"5.89","500":"4.89"},"minimum":null},"dropshippinger":{"product_id":29908,"role":"dropshippinger","pricing_type":"flat","regular_price":null,"sale_price":null,"discount":null,"discount_type":"sale_price","tiered_pricing_type":"fixed","percentage_rules":[],"fixed_rules":{"1":"9.99","5":"8.39","20":"7.19"},"minimum":null}},"tiered_pricing_percentage_rules":[],"tiered_pricing_maximum_quantity":null,"tiered_pricing_quantity_step":null,"_links":{"self":[{"href":"https:\/\/gretasexylingerie.com\/fr\/wp-json\/wp\/v2\/product\/29908","targetHints":{"allow":["GET"]}}],"collection":[{"href":"https:\/\/gretasexylingerie.com\/fr\/wp-json\/wp\/v2\/product"}],"about":[{"href":"https:\/\/gretasexylingerie.com\/fr\/wp-json\/wp\/v2\/types\/product"}],"wp:featuredmedia":[{"embeddable":true,"href":"https:\/\/gretasexylingerie.com\/fr\/wp-json\/wp\/v2\/media\/29918"}],"wp:attachment":[{"href":"https:\/\/gretasexylingerie.com\/fr\/wp-json\/wp\/v2\/media?parent=29908"}],"wp:term":[{"taxonomy":"product_brand","embeddable":true,"href":"https:\/\/gretasexylingerie.com\/fr\/wp-json\/wp\/v2\/product_brand?post=29908"},{"taxonomy":"product_cat","embeddable":true,"href":"https:\/\/gretasexylingerie.com\/fr\/wp-json\/wp\/v2\/product_cat?post=29908"},{"taxonomy":"product_tag","embeddable":true,"href":"https:\/\/gretasexylingerie.com\/fr\/wp-json\/wp\/v2\/product_tag?post=29908"}],"curies":[{"name":"wp","href":"https:\/\/api.w.org\/{rel}","templated":true}]}}