{"id":29869,"date":"2023-01-20T17:29:20","date_gmt":"2023-01-20T09:29:20","guid":{"rendered":"https:\/\/gretasexylingerie.com\/?post_type=product&#038;p=29869"},"modified":"2024-04-04T16:35:40","modified_gmt":"2024-04-04T08:35:40","slug":"ensemble-soutien-gorge-bustier-sexy-brode-string","status":"publish","type":"product","link":"https:\/\/gretasexylingerie.com\/fr\/products\/embroidered-thong-sexy-bustier-bra-set\/","title":{"rendered":"Ensemble de soutien-gorge bustier sexy string brod\u00e9"},"content":{"rendered":"<p>Caract\u00e9ristiques:<\/p>\n\n\n\n<p>1. Le tissu en maille transparent et d\u00e9licat est brod\u00e9 de Huawei r\u00e9aliste pour d\u00e9corer la partie la plus sexy de votre corps.<br>2. Bretelles fines r\u00e9glables \u00e0 haute \u00e9lasticit\u00e9, les crochets sont con\u00e7us avec 4 rang\u00e9es de boucles et les berceaux sont en tissu \u00e0 mailles transparentes.<br>3. La culotte adopte un filet de broderie assorti, la ceinture adopte une ceinture tiss\u00e9e fine r\u00e9glable et le dos adopte une ceinture \u00e9lastique fine, ce qui est tr\u00e8s sexy.<\/p>\n\n\n\n<figure class=\"wp-block-table is-style-stripes\"><table><tbody><tr><td colspan=\"4\">Carte du site (CM)<\/td><\/tr><tr><td>Taille<\/td><td>Sous le buste<\/td><td>Longueur<\/td><td>Taille<\/td><\/tr><tr><td>S<\/td><td>63-84<\/td><td>22<\/td><td>66-96<\/td><\/tr><tr><td>M<\/td><td>67-88<\/td><td>23<\/td><td>70-100<\/td><\/tr><tr><td>L<\/td><td>71-92<\/td><td>24<\/td><td>74-104<\/td><\/tr><tr><td colspan=\"4\">Carte du site (POUCES)<\/td><\/tr><tr><td>Taille<\/td><td>Sous le buste<\/td><td>Hauteur de tasse<\/td><td>Taille<\/td><\/tr><tr><td>S<\/td><td>25,2-33.6<\/td><td>8.8<\/td><td>26.4-38.4<\/td><\/tr><tr><td>M<\/td><td>26.8-35.2<\/td><td>9.2<\/td><td>28-40<\/td><\/tr><tr><td>L<\/td><td>30.4-36.8<\/td><td>9.6<\/td><td>20.4-41.6<\/td><\/tr><tr><td colspan=\"4\">Remarque : 1. Il peut y avoir un \u00e9cart de 1 \u00e0 2 cm dans diff\u00e9rentes tailles, emplacements et \u00e9tirements de tissus. Le tableau des tailles est \u00e0 titre indicatif uniquement, il peut y avoir une petite diff\u00e9rence avec ce que vous obtenez. 2. Il existe 3 types d&#039;\u00e9lasticit\u00e9\u00a0: haute \u00e9lasticit\u00e9 (\u00e9tir\u00e9 des deux c\u00f4t\u00e9s), \u00e9lasticit\u00e9 moyenne (\u00e9tir\u00e9 d&#039;un c\u00f4t\u00e9) et non \u00e9lastique (ne peut pas \u00eatre \u00e9tir\u00e9). 3.La couleur peut \u00eatre plus claire ou plus fonc\u00e9e en raison de l&#039;affichage diff\u00e9rent du PC. 4. Lavez-le \u00e0 la main dans de l&#039;eau \u00e0 30 degr\u00e9s, suspendez-le pour s\u00e9cher \u00e0 l&#039;ombre, interdisez le blanchiment. 5.Il peut y avoir une l\u00e9g\u00e8re diff\u00e9rence sur les d\u00e9tails et le motif.<\/td><\/tr><\/tbody><\/table><\/figure>","protected":false},"excerpt":{"rendered":"<p>Profitez de chaque douce nuit avec le soutien-gorge bustier sexy string brod\u00e9 avec de beaux motifs. Fait d&#039;une maille l\u00e9g\u00e8re et fine avec des fleurs d\u00e9licates brod\u00e9es dessus, la partie berceau est faite de tissu en maille transparente, les bretelles fines r\u00e9glables et le crochet ont un bouton \u00e0 4 plis.<\/p>","protected":false},"featured_media":29880,"template":"","meta":[],"product_brand":[],"product_cat":[390,387,386,367],"product_tag":[454,518,451,446,509],"class_list":{"0":"post-29869","1":"product","2":"type-product","3":"status-publish","4":"has-post-thumbnail","6":"product_cat-wholesale-mesh-bustier","7":"product_cat-wholesale-bustier-bra-set","8":"product_cat-sexy-bustiers","9":"product_cat-sexy-lingerie","10":"product_tag-wholesale-sexy-embroidered-lingerie","11":"product_tag-mesh-lingerie","12":"product_tag-wholesale-revealing-lingerie","13":"product_tag-wholesale-sexy-see-through-lingerie","14":"product_tag-two-pcs-set","15":"pa_color-black","16":"pa_color-white","17":"pa_cup-full-cup","18":"pa_size-wholesale-large-size-women-sexy-lingerie","19":"pa_size-wholesale-medium-size-women-sexy-lingerie","20":"pa_size-wholesale-small-size-sexy-lingerie","22":"first","23":"instock","24":"taxable","25":"shipping-taxable","26":"purchasable","27":"product-type-variable"},"tiered_pricing_type":"fixed","tiered_pricing_fixed_rules":[],"tiered_pricing_product_settings":{"layout":"table","base_unit_name":{"singular":null,"plural":null},"default_variation":null},"tiered_pricing_minimum_quantity":null,"tiered_pricing_roles_data":{"default_wholesaler":{"product_id":29869,"role":"default_wholesaler","pricing_type":"flat","regular_price":null,"sale_price":null,"discount":null,"discount_type":"sale_price","tiered_pricing_type":"fixed","percentage_rules":[],"fixed_rules":{"2":"8.09","30":"6.99","500":"6.09"},"minimum":null},"dropshippinger":{"product_id":29869,"role":"dropshippinger","pricing_type":"flat","regular_price":null,"sale_price":null,"discount":null,"discount_type":"sale_price","tiered_pricing_type":"fixed","percentage_rules":[],"fixed_rules":{"1":"9.69","5":"8.09","20":"6.99"},"minimum":null}},"tiered_pricing_percentage_rules":[],"tiered_pricing_maximum_quantity":null,"tiered_pricing_quantity_step":null,"_links":{"self":[{"href":"https:\/\/gretasexylingerie.com\/fr\/wp-json\/wp\/v2\/product\/29869","targetHints":{"allow":["GET"]}}],"collection":[{"href":"https:\/\/gretasexylingerie.com\/fr\/wp-json\/wp\/v2\/product"}],"about":[{"href":"https:\/\/gretasexylingerie.com\/fr\/wp-json\/wp\/v2\/types\/product"}],"wp:featuredmedia":[{"embeddable":true,"href":"https:\/\/gretasexylingerie.com\/fr\/wp-json\/wp\/v2\/media\/29880"}],"wp:attachment":[{"href":"https:\/\/gretasexylingerie.com\/fr\/wp-json\/wp\/v2\/media?parent=29869"}],"wp:term":[{"taxonomy":"product_brand","embeddable":true,"href":"https:\/\/gretasexylingerie.com\/fr\/wp-json\/wp\/v2\/product_brand?post=29869"},{"taxonomy":"product_cat","embeddable":true,"href":"https:\/\/gretasexylingerie.com\/fr\/wp-json\/wp\/v2\/product_cat?post=29869"},{"taxonomy":"product_tag","embeddable":true,"href":"https:\/\/gretasexylingerie.com\/fr\/wp-json\/wp\/v2\/product_tag?post=29869"}],"curies":[{"name":"wp","href":"https:\/\/api.w.org\/{rel}","templated":true}]}}