{"id":29762,"date":"2023-01-18T21:21:58","date_gmt":"2023-01-18T13:21:58","guid":{"rendered":"https:\/\/gretasexylingerie.com\/?post_type=product&#038;p=29762"},"modified":"2024-04-04T16:32:01","modified_gmt":"2024-04-04T08:32:01","slug":"ensemble-de-lingerie-de-mariee-a-volants-en-dentelle-blanche","status":"publish","type":"product","link":"https:\/\/gretasexylingerie.com\/fr\/products\/white-lace-ruffled-bridal-lingerie-set\/","title":{"rendered":"Vente en gros Ensemble De Lingerie De Mari\u00e9e \u00c0 Volants En Dentelle Blanche"},"content":{"rendered":"<p>Caract\u00e9ristiques:<\/p>\n\n\n\n<p>1. Tissu en dentelle florale hautement \u00e9lastique, mieux modifier votre silhouette.<br>2, d\u00e9coration de feuille de lotus, vous rend plus sexy.<br>3. Design monobloc, livr\u00e9 avec porte-jarretelles, et le produit est assorti avec des boucles de jambe.<\/p>\n\n\n\n<figure class=\"wp-block-table is-style-stripes\"><table><tbody><tr><td colspan=\"4\">Carte du site (CM)<\/td><\/tr><tr><td>Taille<\/td><td>Sous le buste<\/td><td>Longueur<\/td><td>Taille<\/td><\/tr><tr><td>S<\/td><td>66-92<\/td><td>57<\/td><td>62-94<\/td><\/tr><tr><td>M<\/td><td>70-96<\/td><td>59<\/td><td>66-98<\/td><\/tr><tr><td>L<\/td><td>74-100<\/td><td>61<\/td><td>70-102<\/td><\/tr><tr><td colspan=\"4\">Carte du site (POUCES)<\/td><\/tr><tr><td>Taille<\/td><td>Sous le buste<\/td><td>Hauteur de tasse<\/td><td>Taille<\/td><\/tr><tr><td>S<\/td><td>26.4-36.8<\/td><td>22.8<\/td><td>24.8-37.6<\/td><\/tr><tr><td>M<\/td><td>28-38.4<\/td><td>23.6<\/td><td>26.4-39.2<\/td><\/tr><tr><td>L<\/td><td>29.6-40<\/td><td>24.4<\/td><td>30.4-40.8<\/td><\/tr><tr><td colspan=\"4\">Remarque : 1. Il peut y avoir un \u00e9cart de 1 \u00e0 2 cm dans diff\u00e9rentes tailles, emplacements et \u00e9tirements de tissus. Le tableau des tailles est \u00e0 titre indicatif uniquement, il peut y avoir une petite diff\u00e9rence avec ce que vous obtenez. 2. Il existe 3 types d&#039;\u00e9lasticit\u00e9\u00a0: haute \u00e9lasticit\u00e9 (\u00e9tir\u00e9 des deux c\u00f4t\u00e9s), \u00e9lasticit\u00e9 moyenne (\u00e9tir\u00e9 d&#039;un c\u00f4t\u00e9) et non \u00e9lastique (ne peut pas \u00eatre \u00e9tir\u00e9). 3.La couleur peut \u00eatre plus claire ou plus fonc\u00e9e en raison de l&#039;affichage diff\u00e9rent du PC. 4. Lavez-le \u00e0 la main dans de l&#039;eau \u00e0 30 degr\u00e9s, suspendez-le pour s\u00e9cher \u00e0 l&#039;ombre, interdisez le blanchiment. 5.Il peut y avoir une l\u00e9g\u00e8re diff\u00e9rence sur les d\u00e9tails et le motif.<\/td><\/tr><\/tbody><\/table><\/figure>","protected":false},"excerpt":{"rendered":"<p>L&#039;ensemble de lingerie de mari\u00e9e \u00e0 volants en dentelle blanche est si sexy ! Il utilise de la dentelle florale blanche de haute qualit\u00e9 comme tissu principal, ce qui est confortable et plus beau. Utilisez des volants pour couper la taille et les tours de jambe du corps. Passons un bon moment ensemble.<\/p>","protected":false},"featured_media":29798,"template":"","meta":[],"product_brand":[],"product_cat":[389,388,386,367],"product_tag":[448,516,451],"class_list":{"0":"post-29762","1":"product","2":"type-product","3":"status-publish","4":"has-post-thumbnail","6":"product_cat-wholesale-lace-bustier","7":"product_cat-wholesale-gartered-corset","8":"product_cat-sexy-bustiers","9":"product_cat-sexy-lingerie","10":"product_tag-wholesale-elegant-sexy-lingerie","11":"product_tag-lace-lingerie","12":"product_tag-wholesale-revealing-lingerie","13":"pa_color-white","14":"pa_cup-full-cup","15":"pa_size-wholesale-large-size-women-sexy-lingerie","16":"pa_size-wholesale-medium-size-women-sexy-lingerie","17":"pa_size-wholesale-small-size-sexy-lingerie","19":"first","20":"instock","21":"taxable","22":"shipping-taxable","23":"purchasable","24":"product-type-variable"},"tiered_pricing_type":"fixed","tiered_pricing_fixed_rules":[],"tiered_pricing_product_settings":{"layout":"table","base_unit_name":{"singular":null,"plural":null},"default_variation":null},"tiered_pricing_minimum_quantity":null,"tiered_pricing_roles_data":{"default_wholesaler":{"product_id":29762,"role":"default_wholesaler","pricing_type":"flat","regular_price":null,"sale_price":null,"discount":null,"discount_type":"sale_price","tiered_pricing_type":"fixed","percentage_rules":[],"fixed_rules":{"2":"8.59","30":"7.39","500":"6.49"},"minimum":null},"dropshippinger":{"product_id":29762,"role":"dropshippinger","pricing_type":"flat","regular_price":null,"sale_price":null,"discount":null,"discount_type":"sale_price","tiered_pricing_type":"fixed","percentage_rules":[],"fixed_rules":{"1":"10.39","5":"8.59","20":"7.39"},"minimum":null}},"tiered_pricing_percentage_rules":[],"tiered_pricing_maximum_quantity":null,"tiered_pricing_quantity_step":null,"_links":{"self":[{"href":"https:\/\/gretasexylingerie.com\/fr\/wp-json\/wp\/v2\/product\/29762","targetHints":{"allow":["GET"]}}],"collection":[{"href":"https:\/\/gretasexylingerie.com\/fr\/wp-json\/wp\/v2\/product"}],"about":[{"href":"https:\/\/gretasexylingerie.com\/fr\/wp-json\/wp\/v2\/types\/product"}],"wp:featuredmedia":[{"embeddable":true,"href":"https:\/\/gretasexylingerie.com\/fr\/wp-json\/wp\/v2\/media\/29798"}],"wp:attachment":[{"href":"https:\/\/gretasexylingerie.com\/fr\/wp-json\/wp\/v2\/media?parent=29762"}],"wp:term":[{"taxonomy":"product_brand","embeddable":true,"href":"https:\/\/gretasexylingerie.com\/fr\/wp-json\/wp\/v2\/product_brand?post=29762"},{"taxonomy":"product_cat","embeddable":true,"href":"https:\/\/gretasexylingerie.com\/fr\/wp-json\/wp\/v2\/product_cat?post=29762"},{"taxonomy":"product_tag","embeddable":true,"href":"https:\/\/gretasexylingerie.com\/fr\/wp-json\/wp\/v2\/product_tag?post=29762"}],"curies":[{"name":"wp","href":"https:\/\/api.w.org\/{rel}","templated":true}]}}